{"id":9654,"date":"2022-02-19T17:19:45","date_gmt":"2022-02-19T10:19:45","guid":{"rendered":"https:\/\/gotrack365.com\/?post_type=product&#038;p=9654"},"modified":"2022-03-01T10:34:15","modified_gmt":"2022-03-01T03:34:15","slug":"thiet-bi-cam-bien-nhien-lieu-ligo-sp-rs232","status":"publish","type":"product","link":"https:\/\/gotrack365.com\/vi\/product\/phu-kien\/thiet-bi-cam-bien-nhien-lieu-ligo-sp-rs232\/","title":{"rendered":"Thi\u1ebft b\u1ecb c\u1ea3m bi\u1ebfn nhi\u00ean li\u1ec7u Ligo SP RS232"},"content":{"rendered":"<p style=\"text-align: justify;\">Ligo SP RS232 l\u00e0 thi\u1ebft b\u1ecb c\u1ea3m bi\u1ebfn s\u1eed d\u1ee5ng c\u00f4ng ngh\u1ec7 \u0111i\u1ec7n dung c\u00f3 \u0111\u1ed9 ch\u00ednh x\u00e1c cao. B\u1ea5t k\u00ec s\u1ef1 thay \u0111\u1ed5i nhi\u1ec7t \u0111\u1ed9 n\u00e0o \u0111\u1ec1u \u0111\u01b0\u1ee3c ki\u1ec3m so\u00e1t ch\u1eb7t ch\u1ebd nh\u01b0: m\u1ee9c ti\u00eau th\u1ee5 nhi\u00ean li\u1ec7u, m\u1ee9c n\u1ea1p m\u1edbi, nhi\u00ean li\u1ec7u tr\u01b0\u1edbc n\u1ea1p m\u1edbi v\u00e0 sau khi n\u1ea1p th\u00eam, ph\u00e1t hi\u1ec7n tr\u01b0\u1eddng h\u1ee3p tr\u1ed9m nhi\u00ean li\u1ec7u tr\u00ean t\u1ea5t c\u1ea3 c\u00e1c lo\u1ea1i ph\u01b0\u01a1ng ti\u1ec7n. Gi\u00fap cho Doanh Nghi\u1ec7p ti\u1ebft ki\u1ec7m chi ph\u00ed nhi\u00ean li\u1ec7u \u0111\u1ed9i xe.<\/p>\n<p style=\"text-align: justify;\">C\u1ea3m bi\u1ebfn nhi\u00ean li\u1ec7u k\u1ebft n\u1ed1i v\u1edbi <a href=\"https:\/\/gotrack365.com\/vi\/\">\u0111\u1ecbnh v\u1ecb GPS<\/a> \u0111\u1ec3 truy\u1ec1n d\u1eef li\u1ec7u li\u00ean t\u1ee5c v\u1ec1 App\/Website c\u1ee7a qu\u1ea3n l\u00fd. Ngo\u00e0i ra thi\u1ebft b\u1ecb c\u00f3 c\u1ea5u t\u1ea1o b\u1eb1ng h\u1ee3p kim nh\u00f4m gi\u00fap c\u1ea3m bi\u1ebfn b\u1ec1n b\u1ec9 theo th\u1eddi gian, kh\u00f4ng b\u1ecb \u1ea3nh h\u01b0\u1edfng b\u1edfi m\u00f4i tr\u01b0\u1eddng. Ngo\u00e0i ra s\u1ea3n ph\u1ea9m \u0111\u01b0\u1ee3c thi\u1ebft k\u1ebf ph\u00f2ng ch\u1ed1ng ch\u00e1y n\u1ed5 n\u00ean an to\u00e0n cho ph\u01b0\u01a1ng ti\u1ec7n.<\/p>\n<p>Ligo SP RS232 t\u00edch h\u1ee3p d\u1ec5 d\u00e0ng v\u1edbi b\u1ed3n ch\u1ee9a, m\u00e1y ph\u00e1t, xe t\u1ea3i, xe ch\u1edf d\u1ea7u, \u2026.vvv<\/p>\n<p>&nbsp;<\/p>\n","protected":false},"excerpt":{"rendered":"<ul>\n<li>Theo d\u00f5i s\u1ef1 thay \u0111\u1ed5i nhi\u00ean li\u1ec7u \u1edf t\u1ea5t c\u1ea3 c\u00e1c th\u1eddi \u0111i\u1ec3m 24\/24<\/li>\n<li>Ph\u00f2ng ch\u1ed1ng tr\u1ed9m nhi\u00ean li\u1ec7u t\u1eeb xa<\/li>\n<li>Gi\u00e1m s\u00e1t nhi\u00ean li\u1ec7u v\u00e0 t\u1ed1c \u0111\u1ed9 c\u00f9ng m\u1ed9t th\u1eddi \u0111i\u1ec3m<\/li>\n<li>Thi\u1ebft b\u1ecb c\u00f3 kh\u1ea3 n\u0103ng c\u00e1ch ly \u0111i\u1ec7n v\u00e0 ch\u1ed1ng ch\u00e1y t\u1ed1t<\/li>\n<li>Gi\u00e1m s\u00e1t v\u1ecb tr\u00ed ph\u01b0\u01a1ng ti\u1ec7n<\/li>\n<li>Xem l\u1ea1i l\u1ecbch s\u1eed di chuy\u1ec3n c\u1ee7a ph\u01b0\u01a1ng ti\u1ec7n<\/li>\n<li>C\u1ea3nh b\u00e1o an to\u00e0n: xe ch\u1ea1y qu\u00e1 t\u1ed1c \u0111\u1ed9, l\u00e1i xe li\u00ean t\u1ee5c qu\u00e1 4h, h\u00e0ng r\u00e0o \u0111\u1ecba l\u00fd<\/li>\n<li>B\u00e1o c\u00e1o chi ti\u1ebft\/t\u1ed5ng h\u1ee3p: Qu\u00e3ng \u0111\u01b0\u1eddng di chuy\u1ec3n, th\u1eddi gian n\u1ed5 m\u00e1y, m\u1ee9c nhi\u00ean li\u1ec7u \u0111\u1ea7u ng\u00e0y, m\u1ee9c nhi\u00ean li\u1ec7u cu\u1ed1i ng\u00e0y, m\u1ee9c ti\u00eau th\u1ee5, m\u1ee9c n\u1ea1p, m\u1ee9c x\u1ea3, &#8230;<\/li>\n<li>C\u1eadp nh\u1eadt Firmware th\u01b0\u1eddng xuy\u00ean<\/li>\n<li>Gi\u00e1m s\u00e1t xe ti\u1ec7n l\u1ee3i qua App\/Website<\/li>\n<\/ul>\n","protected":false},"featured_media":9673,"template":"","meta":[],"_links":{"self":[{"href":"https:\/\/gotrack365.com\/vi\/wp-json\/wp\/v2\/product\/9654"}],"collection":[{"href":"https:\/\/gotrack365.com\/vi\/wp-json\/wp\/v2\/product"}],"about":[{"href":"https:\/\/gotrack365.com\/vi\/wp-json\/wp\/v2\/types\/product"}],"wp:featuredmedia":[{"embeddable":true,"href":"https:\/\/gotrack365.com\/vi\/wp-json\/wp\/v2\/media\/9673"}],"wp:attachment":[{"href":"https:\/\/gotrack365.com\/vi\/wp-json\/wp\/v2\/media?parent=9654"}],"curies":[{"name":"wp","href":"https:\/\/api.w.org\/{rel}","templated":true}]}}