{"id":9446,"date":"2021-12-30T13:43:35","date_gmt":"2021-12-30T06:43:35","guid":{"rendered":"https:\/\/gotrack365.com\/?post_type=product&#038;p=9446"},"modified":"2023-07-21T10:35:50","modified_gmt":"2023-07-21T03:35:50","slug":"thiet-bi-dinh-vi-hop-chuan-4g-s400e","status":"publish","type":"product","link":"https:\/\/gotrack365.com\/vi\/product\/thiet-bi-dinh-vi-o-to\/thiet-bi-dinh-vi-hop-chuan-4g-s400e\/","title":{"rendered":"Thi\u1ebft b\u1ecb \u0111\u1ecbnh v\u1ecb h\u1ee3p chu\u1ea9n 4G S400E"},"content":{"rendered":"<p>\u0110\u1ecbnh v\u1ecb h\u1ee3p chu\u1ea9n S400E l\u00e0 phi\u00ean b\u1ea3n m\u1edbi s\u1edf h\u1eefu c\u00f4ng ngh\u1ec7 4G v\u00e0 m\u1ed9t s\u1ed1 c\u00f4ng n\u0103ng \u0111\u1eb7c bi\u1ec7t kh\u00e1c nh\u1eb1m cung c\u1ea5p nhi\u1ec1u gi\u00e1 tr\u1ecb h\u01a1n cho kh\u00e1ch h\u00e0ng.<\/p>\n<p>Thi\u1ebft b\u1ecb S400E chuy\u00ean gi\u00e1m s\u00e1t h\u00e0nh tr\u00ecnh h\u1ee3p chu\u1ea9n theo quy \u0111\u1ecbnh B\u1ed9 giao th\u00f4ng v\u1eadn t\u1ea3i, \u0111\u01b0\u1ee3c thi\u1ebft k\u1ebf \u0111\u1ec3 x\u1eed l\u00fd c\u00e1c v\u1ea5n \u0111\u1ec1 li\u00ean quan \u0111\u1ed9i nh\u00f3m kinh doanh v\u1eadn t\u1ea3i v\u00e0 th\u01b0\u01a1ng m\u1ea1i, ho\u1eb7c ph\u1ee5c v\u1ee5 nhu c\u1ea7u gi\u00e1m s\u00e1t ph\u01b0\u01a1ng ti\u1ec7n c\u00e1 nh\u00e2n.<\/p>\n<p>V\u1ec1 C\u00f4ng n\u0103ng S400E qu\u1ea3n l\u00fd &amp; gi\u00e1m s\u00e1t ph\u01b0\u01a1ng ti\u1ec7n tr\u1ef1c tuy\u1ebfn, h\u1ed7 tr\u1ee3 k\u1ebft n\u1ed1i nhi\u1ec1u thi\u1ebft b\u1ecb ngo\u1ea1i vi &amp; c\u00e1c thi\u1ebft b\u1ecb c\u1ea3m bi\u1ebfn nh\u01b0 c\u1ea3m bi\u1ebfn nhi\u00ean li\u1ec7u &#8211; c\u1ea3m bi\u1ebfn nhi\u1ec7t &#8211; Camera ngh\u1ecb \u0111\u1ecbnh 10.\u00a0 Ngo\u00e0i ra thi\u1ebft b\u1ecb c\u00f3 kh\u1ea3 n\u0103ng l\u01b0u tr\u1eef d\u1eef li\u1ec7u l\u1edbn, ti\u1ebft ki\u1ec7m \u0111i\u1ec7n th\u00f4ng minh.<\/p>\n<p>\u0110\u1eb6C BI\u1ec6T S400E s\u1edf h\u1eefu TH\u00caM M\u1ed8T V\u00c0I T\u00cdNH N\u0102NG QUAN TR\u1eccNG:<\/p>\n<ul>\n<li>K\u1ebft n\u1ed1i MIC thu \u00e2m tr\u1ef1c ti\u1ebfp c\u00e1c cu\u1ed9c n\u00f3i chuy\u1ec7n tr\u00ean xe<\/li>\n<li>Ph\u00e1t hi\u1ec7n \u0111\u1ed1i t\u01b0\u1ee3ng b\u1ecb b\u1ecf qu\u00ean tr\u00ean xe khi \u0111\u00e3 d\u1eebng ngh\u1ec9 th\u00f4ng qua c\u1ea3m bi\u1ebfn h\u1ed3ng ngo\u1ea1i<\/li>\n<li>H\u1ea1n ch\u1ebf t\u1ed1i \u0111a t\u00e1c \u0111\u1ed9ng nhi\u1ec5u tr\u00f4i gi\u00fap \u0111\u1ecbnh v\u1ecb ch\u00ednh x\u00e1c h\u01a1n<\/li>\n<\/ul>\n<p>\u0110\u00e2y \u0111\u1ec1u l\u00e0 t\u00ednh n\u0103ng tuy\u1ec7t v\u1eddi \u0111\u1ec3 h\u1ed7 tr\u1ee3 gi\u00e1m s\u00e1t &amp; qu\u1ea3n l\u00fd \u0111\u1ed9i xe &#8230;nh\u1eb1m n\u00e2ng cao ch\u1ea5t l\u01b0\u1ee3ng d\u1ecbch v\u1ee5, h\u1ea1n ch\u1ebf t\u00ecnh hu\u1ed1ng x\u1ea5u x\u1ea3y ra cho c\u00e1c \u0111\u01a1n v\u1ecb v\u1eadn t\u1ea3i.<\/p>\n<h2><span style=\"font-size: 16px;\">\u1ee8ng d\u1ee5ng<\/span><\/h2>\n<table style=\"border-collapse: collapse; width: 100%; height: 48px;\">\n<tbody>\n<tr style=\"height: 24px;\">\n<td style=\"width: 20%; height: 24px;\"><img class=\"alignnone size-full wp-image-10515\" src=\"https:\/\/gotrack365.com\/wp-content\/uploads\/2021\/12\/xe-kinh-doanh-van-tai.png\" alt=\"\" width=\"400\" height=\"260\" \/><\/td>\n<td style=\"width: 20%; height: 24px;\"><img class=\"alignnone size-full wp-image-10517\" src=\"https:\/\/gotrack365.com\/wp-content\/uploads\/2021\/12\/taxi.png\" alt=\"\" width=\"400\" height=\"260\" \/><\/td>\n<td style=\"width: 20%; height: 24px;\"><img class=\"alignnone size-full wp-image-10519\" src=\"https:\/\/gotrack365.com\/wp-content\/uploads\/2021\/12\/xe-cho-khach.png\" alt=\"\" width=\"400\" height=\"260\" \/><\/td>\n<td style=\"width: 20%; height: 24px;\"><img class=\"alignnone size-full wp-image-10521\" src=\"https:\/\/gotrack365.com\/wp-content\/uploads\/2021\/12\/xe-cong-truong.png\" alt=\"\" width=\"400\" height=\"260\" \/><\/td>\n<td style=\"width: 20%; height: 24px;\"><img class=\"alignnone size-full wp-image-10523\" src=\"https:\/\/gotrack365.com\/wp-content\/uploads\/2021\/12\/xe-dau-keo.png\" alt=\"\" width=\"400\" height=\"260\" \/><\/td>\n<\/tr>\n<tr style=\"height: 24px;\">\n<td style=\"width: 20%; height: 24px; text-align: center;\">Xe kinh doanh v\u1eadn t\u1ea3i<\/td>\n<td style=\"width: 20%; height: 24px; text-align: center;\">Xe taxi<\/td>\n<td style=\"width: 20%; height: 24px; text-align: center;\">Xe ch\u1edf kh\u00e1ch<\/td>\n<td style=\"width: 20%; height: 24px; text-align: center;\">Xe c\u00f4ng tr\u01b0\u1eddng<\/td>\n<td style=\"width: 20%; height: 24px; text-align: center;\">Xe container, \u0111\u1ea7u k\u00e9o<\/td>\n<\/tr>\n<\/tbody>\n<\/table>\n<h2><\/h2>\n<h2><span style=\"font-size: 16px;\">C\u00f4ng n\u0103ng tuy\u1ec7t v\u1eddi S400E &#8211; gi\u00e1m s\u00e1t qu\u1ea3n l\u00fd ph\u01b0\u01a1ng ti\u1ec7n<\/span><\/h2>\n<p style=\"text-align: center;\"><img class=\"alignnone wp-image-10533\" src=\"https:\/\/gotrack365.com\/wp-content\/uploads\/2021\/12\/tinh-nang-S400E-gotrack-3.png\" alt=\"\" width=\"820\" height=\"757\" \/><\/p>\n<p><img class=\"wp-image-10541 aligncenter\" src=\"https:\/\/gotrack365.com\/wp-content\/uploads\/2021\/12\/S400E-tinh-nang-cua-thiet-bi-gotrack-4.png\" alt=\"\" width=\"800\" height=\"640\" \/><\/p>\n<p>&nbsp;<\/p>\n<p style=\"text-align: center;\"><img class=\"alignnone wp-image-10539\" src=\"https:\/\/gotrack365.com\/wp-content\/uploads\/2021\/12\/S400E-va-nhung-tinh-nang-uu-viet-gotrack-3.png\" alt=\"\" width=\"800\" height=\"640\" \/><\/p>\n<p>&nbsp;<\/p>\n<p>&nbsp;<\/p>\n<h2><span style=\"font-size: 16px;\">H\u01b0\u1edbng d\u1eabn s\u1eed d\u1ee5ng &amp; k\u1ebft n\u1ed1i S400E<\/span><\/h2>\n<p style=\"text-align: center;\"><img class=\"alignnone wp-image-10525\" src=\"https:\/\/gotrack365.com\/wp-content\/uploads\/2021\/12\/huong-dan-su-dung-s400-gotrack-2.png\" alt=\"\" width=\"750\" height=\"600\" \/><\/p>\n<p>&nbsp;<\/p>\n<p><img class=\"aligncenter wp-image-10507\" src=\"https:\/\/gotrack365.com\/wp-content\/uploads\/2021\/12\/s400e-huong-dan-lap-dat-gotrack.png\" alt=\"\" width=\"750\" height=\"600\" \/><\/p>\n<p>&nbsp;<\/p>\n<h3><\/h3>\n<h3><span style=\"font-size: 16px;\"><strong>Ch\u1ee9ng nh\u1eadn ph\u00f9 h\u1ee3p Quy chu\u1ea9n QCVN:31, H\u1ee3p quy\u00a0<\/strong><\/span><\/h3>\n<p>&nbsp;<\/p>\n<p style=\"text-align: center;\"><img class=\"alignnone size-full wp-image-10513\" src=\"https:\/\/gotrack365.com\/wp-content\/uploads\/2021\/12\/Chung-chi-hop-chuan-hop-quy-S400E-2.png\" alt=\"\" width=\"800\" height=\"518\" \/><\/p>\n<p>&nbsp;<\/p>\n<p><strong><span style=\"font-size: 16px;\">H\u1ec7 th\u1ed1ng ph\u1ea7n m\u1ec1m gi\u00e1m s\u00e1t GoTrack khi b\u1ea1n s\u1eed d\u1ee5ng S400E\u00a0<\/span><\/strong><\/p>\n<p>&nbsp;<\/p>\n<p style=\"text-align: center;\"><img class=\"alignnone wp-image-10545\" src=\"https:\/\/gotrack365.com\/wp-content\/uploads\/2021\/12\/S400E-ung-dung-tren-di-dong-GoTrack.png\" alt=\"\" width=\"800\" height=\"510\" \/><\/p>\n<p style=\"text-align: center;\"><img class=\"alignnone wp-image-10547\" src=\"https:\/\/gotrack365.com\/wp-content\/uploads\/2021\/12\/S400E-He-thong-phan-mem-GoTrack.png\" alt=\"\" width=\"830\" height=\"664\" \/><\/p>\n<p>&nbsp;<\/p>\n<p>&nbsp;<\/p>\n<p>&nbsp;<\/p>\n","protected":false},"excerpt":{"rendered":"<ul>\n<li>\u0110\u1ecbnh v\u1ecb tr\u1ef1c tuy\u1ebfn theo th\u1eddi gian th\u1ef1c<\/li>\n<li>Gi\u00e1m s\u00e1t l\u1ed9 tr\u00ecnh ph\u01b0\u01a1ng ti\u1ec7n Online<\/li>\n<li>K\u1ebft n\u1ed1i m\u1ea1ng 4G: LTE CAT1 &amp; GSM<\/li>\n<li>\u0110\u1ea1t ti\u00eau chu\u1ea9n theo quy \u0111\u1ecbnh B\u1ed9 GTVT QCVN 31:2014<\/li>\n<li>H\u1ed7 tr\u1ee3 MIC: Thu \u00e2m cu\u1ed9c n\u00f3i chuy\u1ec7n trong xe<\/li>\n<li>H\u1ed7 tr\u1ee3 c\u1ea3m bi\u1ebfn h\u1ed3ng ngo\u1ea1i: Gi\u00e1m s\u00e1t \u0111\u1ed1i t\u01b0\u1ee3ng c\u00f2n trong xe khi xe d\u1eebng \u0111\u1eadu<\/li>\n<li>Tr\u1ea1ng th\u00e1i ACC: C\u1ea3nh b\u00e1o b\u1eadt\/ t\u1eaft \u0111\u1ed9ng c\u01a1<\/li>\n<li>H\u1ed7 tr\u1ee3 c\u1ea3m bi\u1ebfn nhi\u00ean li\u1ec7u: Ph\u00f2ng ch\u1ed1ng tr\u1ed9m c\u1eafp nhi\u00ean li\u1ec7u<\/li>\n<li>H\u1ed7 tr\u1ee3 c\u1ea3m bi\u1ebfn nhi\u1ec7t: C\u1ea3nh b\u00e1o h\u00e0ng h\u00f3a h\u1ecfng do nhi\u1ec7t \u0111\u1ed9 t\u0103ng cao<\/li>\n<li>H\u1ed7 tr\u1ee3 camera ngh\u1ecb \u0111\u1ecbnh 10: Gi\u00e1m s\u00e1t ph\u01b0\u01a1ng ti\u1ec7n qua h\u00ecnh \u1ea3nh<\/li>\n<li>\u0110\u1ea7u \u0111\u1ecdc Th\u1ebb Rfid: \u0111\u1ecbnh danh t\u00e0i x\u1ebf<\/li>\n<li>C\u1ea3m bi\u1ebfn gia t\u1ed1c: gi\u00fap \u0111\u1ecbnh v\u1ecb ch\u00ednh x\u00e1c cao<\/li>\n<li>Nhi\u1ec1u c\u1ea3nh b\u00e1o: t\u0103ng t\u1ed1c, xe ch\u1ea1y li\u00ean t\u1ee5c qu\u00e1 4h, h\u00e0ng r\u00e0o \u0111\u1ecba l\u00fd&#8230;<\/li>\n<li>B\u1ea3o m\u1eadt d\u1eef li\u1ec7u cao: t\u1ef1 \u0111\u1ed9ng kh\u00f3a c\u1ea5u h\u00ecnh<\/li>\n<li>Gi\u00e1m s\u00e1t qua App\/Website &amp; c\u1eadp nh\u1eadt Firmware th\u01b0\u1eddng xuy\u00ean<\/li>\n<li>B\u1ea3o h\u00e0nh 15 th\u00e1ng<\/li>\n<\/ul>\n","protected":false},"featured_media":9473,"template":"","meta":[],"_links":{"self":[{"href":"https:\/\/gotrack365.com\/vi\/wp-json\/wp\/v2\/product\/9446"}],"collection":[{"href":"https:\/\/gotrack365.com\/vi\/wp-json\/wp\/v2\/product"}],"about":[{"href":"https:\/\/gotrack365.com\/vi\/wp-json\/wp\/v2\/types\/product"}],"wp:featuredmedia":[{"embeddable":true,"href":"https:\/\/gotrack365.com\/vi\/wp-json\/wp\/v2\/media\/9473"}],"wp:attachment":[{"href":"https:\/\/gotrack365.com\/vi\/wp-json\/wp\/v2\/media?parent=9446"}],"curies":[{"name":"wp","href":"https:\/\/api.w.org\/{rel}","templated":true}]}}