{"id":8023,"date":"2021-07-22T09:41:17","date_gmt":"2021-07-22T02:41:17","guid":{"rendered":"https:\/\/gotrack365.com\/?post_type=product&#038;p=8023"},"modified":"2022-02-17T14:08:34","modified_gmt":"2022-02-17T07:08:34","slug":"thiet-bi-dinh-vi-xe-may-gt02c","status":"publish","type":"product","link":"https:\/\/gotrack365.com\/vi\/product\/thiet-bi-dinh-vi-xe-may\/thiet-bi-dinh-vi-xe-may-gt02c\/","title":{"rendered":"Thi\u1ebft b\u1ecb \u0111\u1ecbnh v\u1ecb xe m\u00e1y GT02C"},"content":{"rendered":"<p>GT02C l\u00e0 m\u1ed9t thi\u1ebft b\u1ecb theo d\u00f5i GPS nh\u1ecf g\u1ecdn, kh\u1ea3 n\u0103ng gi\u00e1m s\u00e1t v\u00e0 k\u1ebft n\u1ed1i GPS c\u1ef1c m\u1ea1nh. Thi\u1ebft b\u1ecb s\u1edf h\u1eefu thi\u1ebft k\u1ebf \u0111\u01a1n gi\u1ea3n nh\u01b0ng c\u00f4ng n\u0103ng m\u1ea1nh m\u1ebd, d\u1ea3i \u0111i\u1ec7n r\u1ed9ng t\u00edch h\u1ee3p d\u1ec5 d\u00e0ng nhi\u1ec1u lo\u1ea1i ph\u01b0\u01a1ng ti\u1ec7n nh\u01b0 xe m\u00e1y\/ xe \u0111\u1ea1p \u0111i\u1ec7n\/ xe m\u00e1y \u0111i\u1ec7n. S\u1ea3n ph\u1ea9m c\u00f3 t\u00ednh n\u0103ng gi\u00e1m s\u00e1t v\u1ecb tr\u00ed theo th\u1eddi gian th\u1ef1c t\u1eeb M\u00e1y t\u00ednh ho\u1eb7c \u0111i\u1ec7n tho\u1ea1i th\u00f4ng minh tr\u00ean to\u00e0n c\u1ea7u.<\/p>\n<p style=\"text-align: justify;\">\u0110\u1ed3ng th\u1eddi GT02C s\u1edf h\u1eefu t\u00ednh n\u0103ng b\u1ea3o v\u1ec7 xe an to\u00e0n th\u00f4ng qua c\u1ea3nh b\u00e1o xe b\u1ecb t\u00e1c \u0111\u1ed9ng tr\u00e1i ph\u00e9p, xe di chuy\u1ec3n ngo\u00e0i v\u00f9ng gi\u00e1m s\u00e1t an to\u00e0n, v\u1ecb tr\u00ed b\u1ea5t th\u01b0\u1eddng xe \u0111ang di chuy\u1ec3n&#8230;V\u00ec v\u1eady \u0111\u00e2y ch\u00ednh l\u00e0 gi\u1ea3i ph\u00e1p qu\u1ea3n l\u00fd &amp; b\u1ea3o v\u1ec7 xe th\u00f4ng minh cho ph\u01b0\u01a1ng ti\u1ec7n c\u00e1 nh\u00e2n v\u00e0 \u0111\u1ed9i xe.<\/p>\n","protected":false},"excerpt":{"rendered":"<ul>\n<li>Gi\u00e1m s\u00e1t v\u1ecb tr\u00ed ph\u01b0\u01a1ng ti\u1ec7n tr\u1ef1c tuy\u1ebfn<\/li>\n<li>Xem l\u1ea1i l\u1ecbch s\u1eed di chuy\u1ec3n<\/li>\n<li>Qu\u1ea3n l\u00fd th\u00f4ng tin ph\u01b0\u01a1ng ti\u1ec7n: v\u1eadn t\u1ed1c, v\u1ecb tr\u00ed, th\u1eddi gian l\u00e1i xe, tr\u1ea1ng th\u00e1i c\u1eeda xe<\/li>\n<li>Ki\u1ec3m so\u00e1t th\u1eddi gian th\u1ef1c xe di chuy\u1ec3n<\/li>\n<li>Gi\u00e1m s\u00e1t tr\u1ea1ng th\u00e1i t\u1eaft\/ m\u1edf \u0111\u1ed9ng c\u01a1 qua App<\/li>\n<li>C\u1ea3nh b\u00e1o xe rung l\u1eafc, di chuy\u1ec3n tr\u00e1i ph\u00e9p, qu\u00e1 t\u1ed1c \u0111\u1ed9<\/li>\n<li>Ti\u1ebft ki\u1ec7m \u0111i\u1ec7n n\u0103ng th\u00f4ng minh<\/li>\n<li>T\u1ea1o h\u00e0ng r\u00e0o an to\u00e0n: th\u00f4ng b\u00e1o xe ra\/ v\u00e0o khu v\u1ef1c an to\u00e0n<\/li>\n<li>N\u00e2ng c\u1ea5p Firmware t\u1eeb xa<\/li>\n<li>Qu\u1ea3n l\u00fd ph\u01b0\u01a1ng ti\u1ec7n qua App\/Web<\/li>\n<\/ul>\n","protected":false},"featured_media":9489,"template":"","meta":[],"_links":{"self":[{"href":"https:\/\/gotrack365.com\/vi\/wp-json\/wp\/v2\/product\/8023"}],"collection":[{"href":"https:\/\/gotrack365.com\/vi\/wp-json\/wp\/v2\/product"}],"about":[{"href":"https:\/\/gotrack365.com\/vi\/wp-json\/wp\/v2\/types\/product"}],"wp:featuredmedia":[{"embeddable":true,"href":"https:\/\/gotrack365.com\/vi\/wp-json\/wp\/v2\/media\/9489"}],"wp:attachment":[{"href":"https:\/\/gotrack365.com\/vi\/wp-json\/wp\/v2\/media?parent=8023"}],"curies":[{"name":"wp","href":"https:\/\/api.w.org\/{rel}","templated":true}]}}