{"id":8020,"date":"2021-07-22T09:36:55","date_gmt":"2021-07-22T02:36:55","guid":{"rendered":"https:\/\/gotrack365.com\/?post_type=product&#038;p=8020"},"modified":"2022-02-17T14:19:08","modified_gmt":"2022-02-17T07:19:08","slug":"thiet-bi-dinh-vi-xe-may-tr07","status":"publish","type":"product","link":"https:\/\/gotrack365.com\/vi\/product\/thiet-bi-dinh-vi-xe-may\/thiet-bi-dinh-vi-xe-may-tr07\/","title":{"rendered":"Thi\u1ebft b\u1ecb \u0111\u1ecbnh v\u1ecb xe m\u00e1y TR07"},"content":{"rendered":"<p style=\"text-align: justify;\">Thi\u1ebft b\u1ecb \u0111\u1ecbnh v\u1ecb TR07 s\u1edf h\u1eefu bo m\u1ea1ch hi\u1ec7n \u0111\u1ea1i, \u0111\u1ed9 tin c\u1eady cao v\u00e0 tu\u00e2n th\u1ee7 c\u00e1c ti\u00eau chu\u1ea9n h\u1ec7 th\u1ed1ng c\u00f4ng nghi\u1ec7p \u0111i\u1ec7n t\u1eed Th\u1ebf Gi\u1edbi. TR07 s\u1eed d\u1ee5ng c\u00f4ng ngh\u1ec7 vi\u1ec5n th\u00f4ng theo d\u00f5i ti\u00eau chu\u1ea9n nh\u01b0 theo d\u00f5i GPS\/GSM v\u00e0 C\u1ea3m bi\u1ebfn qu\u1ea3n l\u00fd tr\u1ea1ng th\u00e1i ACC, \u0111\u1ebfn c\u00e1c ch\u1ee9c n\u0103ng n\u00e2ng cao h\u01a1n nh\u01b0 c\u1ea3nh b\u00e1o: ra v\u00e0o v\u00f9ng gi\u00e1m s\u00e1t an to\u00e0n, xe di chuy\u1ec3n tr\u00e1i ph\u00e9p, xe rung l\u1eafc b\u1ea5t th\u01b0\u1eddng&#8230;<\/p>\n<p>\u0110\u1eb7c bi\u1ec7t TR07 cung c\u1ea5p ch\u1ee9c n\u0103ng d\u1eebng xe t\u1eeb xa b\u1eb1ng c\u00e1ch ng\u1eaft \u0111i\u1ec7n\/ nhi\u00ean li\u1ec7u t\u1eeb xa. S\u1ea3n ph\u1ea9m c\u00f3 pin b\u00ean trong gi\u00fap t\u1ed1i \u01b0u truy\u1ec1n nh\u1eadn d\u1eef li\u1ec7u trong m\u1ecdi t\u00ecnh hu\u1ed1ng. Thi\u1ebft b\u1ecb c\u00f3 \u1ee9ng d\u1ee5ng r\u1ed9ng r\u00e3i trong v\u1ea5n \u0111\u1ec1 gi\u00e1m s\u00e1t v\u00e0 qu\u1ea3n l\u00fd c\u00e1 nh\u00e2n, ph\u01b0\u01a1ng ti\u1ec7n.<\/p>\n<p>&nbsp;<\/p>\n","protected":false},"excerpt":{"rendered":"<ul>\n<li>\u0110\u1ecbnh v\u1ecb t\u1ecda \u0111\u1ed9 ch\u00ednh x\u00e1c tr\u00ean to\u00e0n c\u1ea7u<\/li>\n<li>C\u1eadp nh\u1eadt tr\u1ea1ng th\u00e1i xe m\u1edbi nh\u1ea5t<\/li>\n<li>Xem l\u1ea1i l\u1ecbch s\u1eed di chuy\u1ec3n trong 3 th\u00e1ng<\/li>\n<li>Qu\u1ea3n l\u00fd h\u00e0nh tr\u00ecnh di chuy\u1ec3n, v\u1eadn t\u1ed1c, th\u1eddi gian d\u1eebng c\u1ee7a xe<\/li>\n<li>C\u1ea3m bi\u1ebfn ACC: Gi\u00e1m s\u00e1t \u0111\u1ed9ng c\u01a1 t\u1eaft\/m\u1edf<\/li>\n<li>Nhi\u1ec1u C\u1ea3nh b\u00e1o an to\u00e0n: xe di chuy\u1ec3n tr\u00e1i ph\u00e9p, rung l\u1eafc, ng\u1eaft ngu\u1ed3n,&#8230;<\/li>\n<li>Thi\u1ebft l\u1eadp h\u00e0ng r\u00e0o an to\u00e0n: th\u00f4ng b\u00e1o xe ra\/ v\u00e0o khu v\u1ef1c theo d\u00f5i<\/li>\n<li>D\u1eebng xe t\u1eeb xa: ng\u1eaft \u0111i\u1ec7n\/ nhi\u00ean li\u1ec7u t\u1eeb xa.<\/li>\n<li>C\u1ea3nh b\u00e1o qu\u00e1 t\u1ed1c \u0111\u1ed9<\/li>\n<li>Qu\u1ea3n l\u00fd xe tr\u00ean App\/Web<\/li>\n<li>C\u1eadp nh\u1eadt ph\u1ea7n m\u1ec1m gi\u00e1m s\u00e1t li\u00ean t\u1ee5c<\/li>\n<\/ul>\n","protected":false},"featured_media":9491,"template":"","meta":[],"_links":{"self":[{"href":"https:\/\/gotrack365.com\/vi\/wp-json\/wp\/v2\/product\/8020"}],"collection":[{"href":"https:\/\/gotrack365.com\/vi\/wp-json\/wp\/v2\/product"}],"about":[{"href":"https:\/\/gotrack365.com\/vi\/wp-json\/wp\/v2\/types\/product"}],"wp:featuredmedia":[{"embeddable":true,"href":"https:\/\/gotrack365.com\/vi\/wp-json\/wp\/v2\/media\/9491"}],"wp:attachment":[{"href":"https:\/\/gotrack365.com\/vi\/wp-json\/wp\/v2\/media?parent=8020"}],"curies":[{"name":"wp","href":"https:\/\/api.w.org\/{rel}","templated":true}]}}