{"id":7354,"date":"2021-06-07T13:51:38","date_gmt":"2021-06-07T06:51:38","guid":{"rendered":"https:\/\/gotrack365.com\/?post_type=product&#038;p=7354"},"modified":"2022-01-03T16:51:20","modified_gmt":"2022-01-03T09:51:20","slug":"dau-ghi-sm400p-va-camera-nghi-dinh-10","status":"publish","type":"product","link":"https:\/\/gotrack365.com\/vi\/product\/camera-nghi-dinh-10\/dau-ghi-sm400p-va-camera-nghi-dinh-10\/","title":{"rendered":"\u0110\u1ea7u ghi SM400P v\u00e0 Camera ngh\u1ecb \u0111\u1ecbnh 10"},"content":{"rendered":"<p>SM400P v\u00e0 Camera ngh\u1ecb \u0111\u1ecbnh 10 l\u00e0 gi\u1ea3i ph\u00e1p gi\u00e1m s\u00e1t h\u00ecnh \u1ea3nh cao c\u1ea5p theo ngh\u1ecb \u0111\u1ecbnh 10 tr\u00ean Online.<\/p>\n<p><strong>\u0110\u1ea7u ghi SM400P v\u00e0 camera ngh\u1ecb \u0111\u1ecbnh 10<\/strong> l\u00e0 gi\u1ea3i ph\u00e1p \u201cTh\u00f4ng Minh\u201d trong v\u1ea5n \u0111\u1ec1 qu\u1ea3n l\u00fd xe\/ \u0111\u1ed9i xe, gi\u00fap n\u00e2ng cao hi\u1ec7u su\u1ea5t kinh doanh. B\u1ed9 Camera cao c\u1ea5p n\u00e0y s\u1eed d\u1ee5ng k\u1ebft n\u1ed1i 4G si\u00eau nhanh, truy\u1ec1n\/ nh\u1eadn v\u00e0 x\u1eed l\u00fd kh\u1ed1i l\u01b0\u1ee3ng d\u1eef li\u1ec7u l\u1edbn, v\u1eeba ch\u1ee5p h\u00ecnh v\u00e0 <strong>xem video tr\u1ef1c tuy\u1ebfn (Livestream)<\/strong> qua App\/Website.<\/p>\n<p>Thi\u1ebft b\u1ecb c\u00f3 dung l\u01b0\u1ee3ng l\u01b0u tr\u1eef l\u1edbn, ch\u1ea5t l\u01b0\u1ee3ng \u1ea3nh ch\u1ee5p v\u00e0 video r\u00f5 n\u00e9t trong m\u1ecdi \u0111i\u1ec1u ki\u1ec7n \u00e1nh s\u00e1ng, khi xem \u1ea3nh c\u00f3 th\u1ec3 ph\u00f3ng to &amp; thu nh\u1ecf m\u1ed9t c\u00e1ch d\u1ec5 d\u00e0ng, ch\u1ecdn \u0111\u01b0\u1ee3c khung h\u00ecnh mu\u1ed1n xem, xem l\u1ea1i h\u00ecnh \u1ea3nh &amp; video ngay c\u1ea3 khi xe t\u1eaft m\u00e1y. Ho\u1eb7c xem l\u1ea1i l\u1ecbch s\u1eed h\u00ecnh \u1ea3nh, video tr\u00ean \u0111i\u1ec7n tho\u1ea1i v\u00e0 Laptop.<\/p>\n<p>Camera gi\u00e1m s\u00e1t ngh\u1ecb \u0111\u1ecbnh 10 cao c\u1ea5p h\u1ed7 tr\u1ee3 k\u1ebft n\u1ed1i t\u1edbi 4 m\u1eaft Camera, quan s\u00e1t b\u00ean trong v\u00e0 xung quanh ph\u01b0\u01a1ng ti\u1ec7n chi ti\u1ebft nh\u1ea5t.<\/p>\n<p>B\u1ed9 Camera gi\u00e1m s\u00e1t ngh\u1ecb \u0111\u1ecbnh 10 \u0111\u1ea7y \u0111\u1ee7 g\u1ed3m: 01 \u0110\u1ea7u ghi SM400P, 01 \u0110\u1ecbnh v\u1ecb h\u1ee3p chu\u1ea9n S400 v\u00e0 Camera gi\u00e1m s\u00e1t c\u00f9ng c\u00e1c ph\u1ee5 ki\u1ec7n \u0111i k\u00e8m.<\/p>\n","protected":false},"excerpt":{"rendered":"<ul>\n<li>Xem video livestream v\u1ec1 ph\u01b0\u01a1ng ti\u1ec7n 24\/24<\/li>\n<li>Xem h\u00ecnh \u1ea3nh m\u1edbi nh\u1ea5t v\u1ec1 xe<\/li>\n<li>Xem l\u1ea1i l\u1ecbch s\u1eed h\u00ecnh \u1ea3nh &amp; video v\u1ec1 ph\u01b0\u01a1ng ti\u1ec7n.<\/li>\n<li>C\u00f9ng l\u00fac xem \u0111\u01b0\u1ee3c t\u1ea5t c\u1ea3 c\u00e1c k\u00eanh Camera<\/li>\n<li>T\u1ea3i xu\u1ed1ng h\u00ecnh \u1ea3nh, video v\u1ec1 \u0111i\u1ec7n tho\u1ea1i\/ Laptop<\/li>\n<li>Qu\u1ea3n l\u00fd xe qua h\u00ecnh \u1ea3nh &amp; th\u00f4ng tin: th\u1eddi \u0111i\u1ec3m, k\u00eanh, \u0111\u1ecba ch\u1ec9, s\u1ed1 l\u01b0\u1ee3ng \u1ea3nh ch\u1ee5p.<\/li>\n<li>Ch\u1ea5t l\u01b0\u1ee3ng h\u00ecnh \u1ea3nh\/ video \u0111\u00e1p \u1ee9ng ngh\u1ecb \u0111\u1ecbnh 10\/2020\/N\u0110-CP<\/li>\n<li>Theo d\u00f5i v\u1ecb tr\u00ed, t\u1ecda \u0111\u1ed9, l\u1ed9 tr\u00ecnh, l\u1ecbch s\u1eed di chuy\u1ec3n<\/li>\n<li>H\u1ed7 tr\u1ee3 k\u1ebft n\u1ed1i thi\u1ebft b\u1ecb c\u1ea3m bi\u1ebfn nhi\u1ec7t, nhi\u00ean li\u1ec7u hay Micro<\/li>\n<li>\u0110\u1eb7c bi\u1ec7t h\u1ed7 tr\u1ee3 k\u1ebft n\u1ed1i song song 2 thi\u1ebft b\u1ecb c\u1ea3m bi\u1ebfn<\/li>\n<li>Qu\u1ea3n l\u00fd th\u00f4ng tin t\u00e0i x\u1ebf qua th\u1ebb RFID<\/li>\n<li>K\u1ebft n\u1ed1i m\u1ea1ng 4G-LTE<\/li>\n<li>C\u1ea3nh b\u00e1o an to\u00e0n l\u00e1i xe: xe ch\u1ea1y qu\u00e1 t\u1ed1c \u0111\u1ed9, l\u00e1i xe li\u00ean t\u1ee5c 4h<\/li>\n<li>B\u1ea3o v\u1ec7 ch\u1ed1ng tr\u1ed9m: C\u1ea3m bi\u1ebfn di chuy\u1ec3n v\u00e0 khoanh v\u00f9ng gi\u00e1m s\u00e1t an to\u00e0n<\/li>\n<\/ul>\n","protected":false},"featured_media":9484,"template":"","meta":[],"_links":{"self":[{"href":"https:\/\/gotrack365.com\/vi\/wp-json\/wp\/v2\/product\/7354"}],"collection":[{"href":"https:\/\/gotrack365.com\/vi\/wp-json\/wp\/v2\/product"}],"about":[{"href":"https:\/\/gotrack365.com\/vi\/wp-json\/wp\/v2\/types\/product"}],"wp:featuredmedia":[{"embeddable":true,"href":"https:\/\/gotrack365.com\/vi\/wp-json\/wp\/v2\/media\/9484"}],"wp:attachment":[{"href":"https:\/\/gotrack365.com\/vi\/wp-json\/wp\/v2\/media?parent=7354"}],"curies":[{"name":"wp","href":"https:\/\/api.w.org\/{rel}","templated":true}]}}