{"id":14955,"date":"2026-03-10T14:22:34","date_gmt":"2026-03-10T07:22:34","guid":{"rendered":"https:\/\/gotrack365.com\/?post_type=product&#038;p=14955"},"modified":"2026-03-11T14:30:25","modified_gmt":"2026-03-11T07:30:25","slug":"thiet-bi-dau-doc-the-gt-rfid-reader-v3","status":"publish","type":"product","link":"https:\/\/gotrack365.com\/vi\/product\/phu-kien\/thiet-bi-dau-doc-the-gt-rfid-reader-v3\/","title":{"rendered":"Thi\u1ebft b\u1ecb \u0111\u1ea7u \u0111\u1ecdc th\u1ebb GT-RFID READER V3"},"content":{"rendered":"<p style=\"text-align: justify;\" data-start=\"1409\" data-end=\"1625\">GT-RFID READER V3 l\u00e0 gi\u1ea3i ph\u00e1p qu\u1ea3n l\u00fd l\u00e1i xe th\u00f4ng minh, gi\u00fap nh\u1eadn di\u1ec7n t\u00e0i x\u1ebf v\u00e0 theo d\u00f5i ch\u00ednh x\u00e1c ca l\u00e0m vi\u1ec7c th\u1ef1c t\u1ebf. H\u1ec7 th\u1ed1ng ph\u00e2n t\u00edch c\u00e1c h\u00e0nh vi l\u00e1i xe nh\u01b0: ch\u1ea1y qu\u00e1 t\u1ed1c \u0111\u1ed9, t\u0103ng t\u1ed1c \u0111\u1ed9t ng\u1ed9t, phanh g\u1ea5p\u2026<\/p>\n<p style=\"text-align: justify;\" data-start=\"1627\" data-end=\"1804\">B\u00ean c\u1ea1nh \u0111\u00f3, thi\u1ebft b\u1ecb c\u00f2n h\u1ed7 tr\u1ee3 nh\u1eadn di\u1ec7n c\u00e1c tr\u01b0\u1eddng h\u1ee3p s\u1eed d\u1ee5ng ph\u01b0\u01a1ng ti\u1ec7n ch\u01b0a t\u1ed1i \u01b0u nhi\u00ean li\u1ec7u th\u00f4ng qua nh\u1eefng ch\u1ec9 s\u1ed1 nh\u01b0 th\u1eddi gian d\u1eebng n\u1ed5 m\u00e1y v\u00e0 m\u1ee9c ti\u00eau hao nhi\u00ean li\u1ec7u.<\/p>\n<p style=\"text-align: justify;\" data-start=\"1806\" data-end=\"1983\">Nh\u1edd ngu\u1ed3n d\u1eef li\u1ec7u v\u1eadn h\u00e0nh s\u00e2u s\u1eafc, doanh nghi\u1ec7p d\u1ec5 d\u00e0ng \u0111\u00e1nh gi\u00e1 hi\u1ec7u qu\u1ea3 t\u00e0i x\u1ebf, x\u00e2y d\u1ef1ng k\u1ebf ho\u1ea1ch \u0111\u00e0o t\u1ea1o ph\u00f9 h\u1ee3p, t\u1ed1i \u01b0u chi ph\u00ed v\u1eadn h\u00e0nh v\u00e0 n\u00e2ng cao hi\u1ec7u qu\u1ea3 qu\u1ea3n l\u00fd \u0111\u1ed9i xe.<\/p>\n<h2 data-start=\"711\" data-end=\"980\"><span style=\"font-size: 20px;\"><strong>T\u00ednh n\u0103ng n\u1ed5i b\u1eadt<\/strong><\/span><\/h2>\n<p style=\"text-align: center;\"><img class=\"alignnone size-full wp-image-14972\" src=\"https:\/\/gotrack365.com\/wp-content\/uploads\/2026\/03\/Thiet-bi-dau-doc-the-GT-RFID-READER-V3-GoTrack-1.png\" alt=\"\" width=\"900\" height=\"600\" \/><\/p>\n<h2 data-start=\"315\" data-end=\"356\"><span style=\"font-size: 20px;\"><strong data-start=\"315\" data-end=\"356\">Ph\u00e2n t\u00edch v\u00e0 \u0111\u00e1nh gi\u00e1 hi\u1ec7u qu\u1ea3 l\u00e1i xe<\/strong><\/span><\/h2>\n<p style=\"text-align: justify;\" data-start=\"358\" data-end=\"553\">\u0110\u1ed1i v\u1edbi c\u00e1c doanh nghi\u1ec7p s\u1edf h\u1eefu \u0111\u1ed9i xe l\u1edbn, vi\u1ec7c t\u00e0i x\u1ebf th\u01b0\u1eddng xuy\u00ean thay \u0111\u1ed5i ho\u1eb7c lu\u00e2n phi\u00ean ca l\u00e0m vi\u1ec7c khi\u1ebfn qu\u00e1 tr\u00ecnh qu\u1ea3n l\u00fd ca l\u00e0m vi\u1ec7c tr\u1edf n\u00ean ph\u1ee9c t\u1ea1p v\u00e0 kh\u00f3 ch\u00ednh x\u00e1c n\u1ebfu th\u1ef1c hi\u1ec7n th\u1ee7 c\u00f4ng.<\/p>\n<p style=\"text-align: justify;\" data-start=\"555\" data-end=\"854\"><a href=\"https:\/\/gotrack365.com\/vi\/product\/phu-kien\/thiet-bi-dau-doc-the-gt-rfid-reader-v3\/\">\u0110\u1ea7u \u0111\u1ecdc th\u1ebb l\u00e1i xe V3<\/a>\u00a0 gi\u00fap doanh nghi\u1ec7p t\u1ef1 \u0111\u1ed9ng \u0111\u1ecbnh danh t\u00e0i x\u1ebf, ghi nh\u1eadn ch\u00ednh x\u00e1c th\u1eddi gian b\u1eaft \u0111\u1ea7u \u2013 k\u1ebft th\u00fac ca l\u00e0m vi\u1ec7c. H\u1ec7 th\u1ed1ng \u0111\u1ed3ng th\u1eddi l\u01b0u tr\u1eef v\u00e0 ph\u00e2n t\u00edch c\u00e1c d\u1eef li\u1ec7u v\u1eadn h\u00e0nh nh\u01b0: l\u1ed9 tr\u00ecnh di chuy\u1ec3n, th\u1eddi gian d\u1eebng n\u1ed5 m\u00e1y, s\u1ed1 l\u1ea7n d\u1eebng ngh\u1ec9, t\u0103ng t\u1ed1c \u0111\u1ed9t ng\u1ed9t, ch\u1ea1y qu\u00e1 t\u1ed1c \u0111\u1ed9\u2026<\/p>\n<p style=\"text-align: center;\" data-start=\"555\" data-end=\"854\"><img class=\"alignnone size-full wp-image-14974\" src=\"https:\/\/gotrack365.com\/wp-content\/uploads\/2026\/03\/Thiet-bi-dau-doc-the-GT-RFID-READER-V3-GoTrack-2.png\" alt=\"\" width=\"900\" height=\"600\" \/><\/p>\n<p style=\"text-align: justify;\" data-start=\"856\" data-end=\"1051\">Nh\u1eefng d\u1eef li\u1ec7u n\u00e0y gi\u00fap doanh nghi\u1ec7p \u0111\u00e1nh gi\u00e1 ch\u00ednh x\u00e1c hi\u1ec7u qu\u1ea3 l\u00e0m vi\u1ec7c c\u1ee7a t\u1eebng t\u00e0i x\u1ebf, x\u00e2y d\u1ef1ng ch\u00ednh s\u00e1ch l\u01b0\u01a1ng, th\u01b0\u1edfng minh b\u1ea1ch v\u00e0 t\u1ea1o \u0111\u1ed9ng l\u1ef1c \u0111\u1ec3 nh\u00e2n vi\u00ean n\u00e2ng cao \u00fd th\u1ee9c, hi\u1ec7u su\u1ea5t l\u00e0m vi\u1ec7c.<\/p>\n<p data-start=\"419\" data-end=\"453\"><span style=\"font-size: 20px;\"><strong data-start=\"419\" data-end=\"453\">Tra c\u1ee9u ph\u1ea1t ngu\u1ed9i nhanh ch\u00f3ng<\/strong><\/span><\/p>\n<p style=\"text-align: justify;\" data-start=\"455\" data-end=\"603\">Khi ph\u00e1t sinh ph\u1ea1t ngu\u1ed9i do vi ph\u1ea1m t\u1ed1c \u0111\u1ed9, h\u1ec7 th\u1ed1ng gi\u00fap tra c\u1ee9u d\u1eef li\u1ec7u \u0111\u1ec3 x\u00e1c \u0111\u1ecbnh ch\u00ednh x\u00e1c t\u00e0i x\u1ebf \u0111i\u1ec1u khi\u1ec3n ph\u01b0\u01a1ng ti\u1ec7n t\u1ea1i th\u1eddi \u0111i\u1ec3m vi ph\u1ea1m.<\/p>\n<p style=\"text-align: justify;\" data-start=\"605\" data-end=\"851\">Th\u00f4ng tin v\u1ec1 ca l\u00e0m vi\u1ec7c, l\u1ed9 tr\u00ecnh, v\u1ecb tr\u00ed\/ th\u1eddi gian v\u00e0 t\u1ed1c \u0111\u1ed9 chi ti\u1ebft khi l\u00e1i xe vi ph\u1ea1m \u0111\u01b0\u1ee3c ghi l\u1ea1i, l\u00e0 c\u0103n c\u1ee9 \u0111\u1ed1i chi\u1ebfu tr\u00e1ch nhi\u1ec7m minh b\u1ea1ch. Gi\u00fap doanh nghi\u1ec7p t\u0103ng c\u01b0\u1eddng ki\u1ec3m so\u00e1t v\u1eadn h\u00e0nh v\u00e0 n\u00e2ng cao hi\u1ec7u qu\u1ea3 qu\u1ea3n l\u00fd \u0111\u1ed9i xe.<\/p>\n<p><img class=\"size-full wp-image-14976 aligncenter\" style=\"text-align: center;\" src=\"https:\/\/gotrack365.com\/wp-content\/uploads\/2026\/03\/Thiet-bi-dau-doc-the-GT-RFID-READER-V3-GoTrack-3.png\" alt=\"\" width=\"900\" height=\"600\" \/><\/p>\n<h3 data-start=\"247\" data-end=\"283\"><span style=\"font-size: 20px;\"><strong data-start=\"247\" data-end=\"283\">C\u1ea3nh b\u00e1o vi ph\u1ea1m lu\u1eadt giao th\u00f4ng<\/strong><\/span><\/h3>\n<p style=\"text-align: justify;\" data-start=\"1096\" data-end=\"1212\">L\u00e1i xe li\u00ean t\u1ee5c trong th\u1eddi gian d\u00e0i d\u1ec5 khi\u1ebfn t\u00e0i x\u1ebf m\u1ec7t m\u1ecfi, gi\u1ea3m kh\u1ea3 n\u0103ng t\u1eadp trung v\u00e0 ti\u1ec1m \u1ea9n nguy c\u01a1 m\u1ea5t an to\u00e0n.<\/p>\n<p style=\"text-align: justify;\" data-start=\"1214\" data-end=\"1435\">\u0110\u1ec3 t\u0103ng c\u01b0\u1eddng an to\u00e0n v\u00e0 \u0111\u1ea3m b\u1ea3o tu\u00e2n th\u1ee7 \u0111\u00fang quy \u0111\u1ecbnh, h\u1ec7 th\u1ed1ng s\u1ebd t\u1ef1 \u0111\u1ed9ng ph\u00e1t c\u1ea3nh b\u00e1o tr\u01b0\u1edbc 15 ph\u00fat khi th\u1eddi gian l\u00e1i xe li\u00ean t\u1ee5c s\u1eafp \u0111\u1ea1t ho\u1eb7c v\u01b0\u1ee3t ng\u01b0\u1ee1ng 4 gi\u1edd. Nh\u1edd \u0111\u00f3, t\u00e0i x\u1ebf c\u00f3 th\u1ec3 k\u1ecbp th\u1eddi \u0111i\u1ec1u ch\u1ec9nh h\u00e0nh tr\u00ecnh, ngh\u1ec9 ng\u01a1i h\u1ee3p l\u00fd, n\u00e2ng cao \u00fd th\u1ee9c ch\u1ea5p h\u00e0nh lu\u1eadt giao th\u00f4ng v\u00e0 g\u00f3p ph\u1ea7n \u0111\u1ea3m b\u1ea3o an to\u00e0n trong su\u1ed1t qu\u00e1 tr\u00ecnh di chuy\u1ec3n.<\/p>\n<p style=\"text-align: center;\" data-start=\"590\" data-end=\"758\"><img class=\"alignnone size-full wp-image-14978\" src=\"https:\/\/gotrack365.com\/wp-content\/uploads\/2026\/03\/Thiet-bi-dau-doc-the-GT-RFID-READER-V3-GoTrack-4.png\" alt=\"\" width=\"900\" height=\"600\" \/><\/p>\n<h3 data-start=\"226\" data-end=\"268\"><span style=\"font-size: 20px;\"><strong data-start=\"226\" data-end=\"268\">X\u00e2y d\u1ef1ng h\u00e0nh vi \u0111i\u1ec1u khi\u1ec3n xe an to\u00e0n<\/strong><\/span><\/h3>\n<p style=\"text-align: justify;\" data-start=\"270\" data-end=\"497\"><a href=\"https:\/\/gotrack365.com\/vi\/giai-phap\/\">H\u1ec7 th\u1ed1ng GoTrack365<\/a> ghi nh\u1eadn v\u00e0 l\u01b0u tr\u1eef to\u00e0n b\u1ed9 h\u00e0nh vi l\u00e1i xe c\u1ee7a t\u00e0i x\u1ebf, gi\u00fap nh\u00e0 qu\u1ea3n l\u00fd d\u1ec5 d\u00e0ng theo d\u00f5i v\u00e0 ph\u00e1t hi\u1ec7n c\u00e1c h\u00e0nh vi ch\u01b0a ph\u00f9 h\u1ee3p v\u1edbi quy \u0111\u1ecbnh.<\/p>\n<p style=\"text-align: justify;\" data-start=\"499\" data-end=\"655\">D\u1ef1a tr\u00ean ngu\u1ed3n d\u1eef li\u1ec7u n\u00e0y, doanh nghi\u1ec7p c\u00f3 th\u1ec3 x\u00e2y d\u1ef1ng quy tr\u00ecnh qu\u1ea3n l\u00fd v\u00e0 ch\u01b0\u01a1ng tr\u00ecnh \u0111\u00e0o t\u1ea1o ph\u00f9 h\u1ee3p nh\u1eb1m c\u1ea3i thi\u1ec7n th\u00f3i quen l\u00e1i xe. Qua \u0111\u00f3 g\u00f3p ph\u1ea7n n\u00e2ng cao \u00fd th\u1ee9c an to\u00e0n c\u1ee7a t\u00e0i x\u1ebf, gi\u1ea3m r\u1ee7i ro v\u1eadn h\u00e0nh v\u00e0 n\u00e2ng cao hi\u1ec7u qu\u1ea3 ho\u1ea1t \u0111\u1ed9ng c\u1ee7a \u0111\u1ed9i xe.<\/p>\n<p style=\"text-align: center;\" data-start=\"657\" data-end=\"901\"><img class=\"alignnone size-full wp-image-14980\" src=\"https:\/\/gotrack365.com\/wp-content\/uploads\/2026\/03\/Thiet-bi-dau-doc-the-GT-RFID-READER-V3-GoTrack-5.png\" alt=\"\" width=\"900\" height=\"600\" \/><\/p>\n<h3 data-start=\"310\" data-end=\"342\"><span style=\"font-size: 20px;\"><strong data-start=\"310\" data-end=\"342\">N\u00e2ng cao uy t\u00edn v\u1edbi kh\u00e1ch h\u00e0ng<\/strong><\/span><\/h3>\n<p data-start=\"565\" data-end=\"734\">Khi h\u00e0nh vi l\u00e1i xe c\u1ee7a t\u00e0i x\u1ebf \u0111\u01b0\u1ee3c ki\u1ec3m so\u00e1t v\u00e0 c\u1ea3i thi\u1ec7n, hi\u1ec7u qu\u1ea3 v\u1eadn h\u00e0nh c\u1ee7a doanh nghi\u1ec7p c\u0169ng \u0111\u01b0\u1ee3c n\u00e2ng cao, g\u00f3p ph\u1ea7n gia t\u0103ng uy t\u00edn v\u00e0 s\u1ef1 h\u00e0i l\u00f2ng c\u1ee7a kh\u00e1ch h\u00e0ng.<\/p>\n<p data-start=\"736\" data-end=\"847\">T\u1eeb \u0111\u00f3 doanh nghi\u1ec7p t\u1eebng b\u01b0\u1edbc n\u00e2ng cao ch\u1ea5t l\u01b0\u1ee3ng d\u1ecbch v\u1ee5, x\u00e2y d\u1ef1ng m\u1ed1i quan h\u1ec7 h\u1ee3p t\u00e1c b\u1ec1n v\u1eefng v\u1edbi kh\u00e1ch h\u00e0ng.<\/p>\n<p data-start=\"344\" data-end=\"598\"><img class=\"size-full wp-image-14982 aligncenter\" src=\"https:\/\/gotrack365.com\/wp-content\/uploads\/2026\/03\/Thiet-bi-dau-doc-the-GT-RFID-READER-V3-GoTrack-6.png\" alt=\"\" width=\"900\" height=\"600\" \/><\/p>\n<p data-start=\"344\" data-end=\"598\">Ngo\u00e0i ra, chi ph\u00ed v\u1eadn h\u00e0nh \u0111\u01b0\u1ee3c l\u1eadp k\u1ebf ho\u1ea1ch v\u00e0 t\u1ed1i \u01b0u h\u1ee3p l\u00fd, g\u00f3p ph\u1ea7n gia t\u0103ng l\u1ee3i nhu\u1eadn cho doanh nghi\u1ec7p v\u1eadn t\u1ea3i. C\u00f9ng v\u1edbi n\u1ec1n t\u1ea3ng qu\u1ea3n tr\u1ecb th\u00f4ng minh v\u00e0 \u0111\u1ed9i ng\u0169 nh\u00e2n s\u1ef1 chuy\u00ean nghi\u1ec7p, doanh nghi\u1ec7p c\u00f3 \u0111i\u1ec1u ki\u1ec7n thu\u1eadn l\u1ee3i \u0111\u1ec3 ph\u00e1t tri\u1ec3n b\u1ec1n v\u1eefng trong t\u01b0\u01a1ng lai.<\/p>\n<h3><span style=\"font-size: 20px;\"><strong>Thi\u1ebft b\u1ecb ngo\u1ea1i vi \u0111\u01b0\u1ee3c h\u1ed7 tr\u1ee3 k\u1ebft n\u1ed1i<\/strong><\/span><\/h3>\n<p style=\"text-align: center;\"><img class=\"alignnone size-full wp-image-14988\" src=\"https:\/\/gotrack365.com\/wp-content\/uploads\/2026\/03\/Thiet-bi-dau-doc-the-GT-RFID-READER-V3-GoTrack-7-1.png\" alt=\"\" width=\"900\" height=\"600\" \/><\/p>\n<p>&nbsp;<\/p>\n<h3><span style=\"font-size: 16px;\"><strong>\u00a0<span style=\"font-size: 20px;\">GT-RFID READER V3<\/span><\/strong><span style=\"font-size: 20px;\"> t\u00edch h\u1ee3p v\u1edbi GT-MDVR02\u00a0 <\/span><\/span><\/h3>\n<p><em><span style=\"font-size: 16px;\">(Ghi ch\u00fa:\u00a0 GT-RFID READER V3 kh\u00f4ng ho\u1ea1t \u0111\u1ed9ng \u0111\u1ed9c l\u1eadp, ph\u1ee5 ki\u1ec7n n\u00e0y c\u1ea7n k\u1ebft n\u1ed1i v\u1edbi\u00a0 thi\u1ebft b\u1ecb camera gi\u00e1m s\u00e1t\/ camera h\u00e0nh tr\u00ecnh \u0111\u1ec3 t\u1ea1o ra h\u1ec7 th\u1ed1ng gi\u00e1m s\u00e1t ho\u00e0n thi\u1ec7n)<\/span><\/em><\/p>\n<p style=\"text-align: center;\"><img class=\"alignnone size-full wp-image-15022\" src=\"https:\/\/gotrack365.com\/wp-content\/uploads\/2026\/03\/GT-RFID-Reader-V3-GoTrack.png\" alt=\"\" width=\"900\" height=\"600\" \/><\/p>\n<div id=\"gtx-trans\" style=\"position: absolute; left: 427px; top: 5557.41px;\">\n<div class=\"gtx-trans-icon\"><\/div>\n<\/div>\n","protected":false},"excerpt":{"rendered":"<p style=\"text-align: justify;\">GT-RFID READER V3 l\u00e0 \u0111\u1ea7u \u0111\u1ecdc th\u1ebb l\u00e1i xe cao c\u1ea5p, cho ph\u00e9p \u0111\u1ecdc\/ghi d\u1eef li\u1ec7u theo ti\u00eau chu\u1ea9n QCVN 06:2024\/BCA. Thi\u1ebft b\u1ecb d\u1ec5 d\u00e0ng k\u1ebft n\u1ed1i v\u1edbi camera gi\u00e1m s\u00e1t h\u00e0nh tr\u00ecnh GT-MDVR02\/Dashcam, \u0111\u1ed3ng th\u1eddi hi\u1ec3n th\u1ecb tr\u1ea1ng th\u00e1i b\u1eaft \u0111\u1ea7u\/k\u1ebft th\u00fac ca l\u00e0m vi\u1ec7c c\u1ee7a t\u00e0i x\u1ebf th\u00f4ng qua \u0111\u00e8n LED v\u00e0 th\u00f4ng tin \u0111\u1ecbnh danh tr\u00ean ph\u1ea7n m\u1ec1m gi\u00e1m s\u00e1t.<\/p>\n<p style=\"text-align: justify;\">H\u1ec7 th\u1ed1ng s\u1ebd t\u1ef1 \u0111\u1ed9ng ph\u00e1t c\u1ea3nh b\u00e1o khi t\u00e0i x\u1ebf l\u00e1i xe li\u00ean t\u1ee5c s\u1eafp \u0111\u1ea1t ho\u1eb7c v\u01b0\u1ee3t ng\u01b0\u1ee1ng 4 gi\u1edd theo quy \u0111\u1ecbnh, gi\u00fap t\u00e0i x\u1ebf ch\u1ee7 \u0111\u1ed9ng theo d\u00f5i th\u1eddi gian l\u00e1i xe v\u00e0 s\u1eafp x\u1ebfp d\u1eebng ngh\u1ec9 h\u1ee3p l\u00fd, g\u00f3p ph\u1ea7n \u0111\u1ea3m b\u1ea3o an to\u00e0n trong qu\u00e1 tr\u00ecnh \u0111i\u1ec1u khi\u1ec3n ph\u01b0\u01a1ng ti\u1ec7n.<\/p>\n<p style=\"text-align: justify;\">Th\u00f4ng qua d\u1eef li\u1ec7u \u0111\u01b0\u1ee3c ghi nh\u1eadn v\u00e0 \u0111\u1ed3ng b\u1ed9 v\u1ec1 h\u1ec7 th\u1ed1ng, nh\u00e0 qu\u1ea3n tr\u1ecb c\u00f3 th\u1ec3 theo d\u00f5i, \u0111o l\u01b0\u1eddng v\u00e0 ph\u00e2n t\u00edch chuy\u00ean s\u00e2u ho\u1ea1t \u0111\u1ed9ng c\u1ee7a t\u00e0i x\u1ebf, t\u1eeb \u0111\u00f3 n\u00e2ng cao hi\u1ec7u qu\u1ea3 qu\u1ea3n l\u00fd v\u00e0 t\u1ed1i \u01b0u v\u1eadn h\u00e0nh \u0111\u1ed9i xe.<\/p>\n","protected":false},"featured_media":14996,"template":"","meta":[],"_links":{"self":[{"href":"https:\/\/gotrack365.com\/vi\/wp-json\/wp\/v2\/product\/14955"}],"collection":[{"href":"https:\/\/gotrack365.com\/vi\/wp-json\/wp\/v2\/product"}],"about":[{"href":"https:\/\/gotrack365.com\/vi\/wp-json\/wp\/v2\/types\/product"}],"wp:featuredmedia":[{"embeddable":true,"href":"https:\/\/gotrack365.com\/vi\/wp-json\/wp\/v2\/media\/14996"}],"wp:attachment":[{"href":"https:\/\/gotrack365.com\/vi\/wp-json\/wp\/v2\/media?parent=14955"}],"curies":[{"name":"wp","href":"https:\/\/api.w.org\/{rel}","templated":true}]}}