{"id":12381,"date":"2024-04-16T17:35:55","date_gmt":"2024-04-16T10:35:55","guid":{"rendered":"https:\/\/gotrack365.com\/?post_type=product&#038;p=12381"},"modified":"2024-04-25T09:17:36","modified_gmt":"2024-04-25T02:17:36","slug":"bo-mo-rong-cong-tin-hieu-gt-mux","status":"publish","type":"product","link":"https:\/\/gotrack365.com\/vi\/product\/phu-kien\/bo-mo-rong-cong-tin-hieu-gt-mux\/","title":{"rendered":"B\u1ed9 m\u1edf r\u1ed9ng c\u1ed5ng t\u00edn hi\u1ec7u GT-MUX"},"content":{"rendered":"<p>B\u1ed9 m\u1edf r\u1ed9ng c\u1ed5ng t\u00edn hi\u1ec7u <a href=\"https:\/\/gotrack365.com\/vi\/\">GoTrack<\/a> GT-MUX l\u00e0 gi\u1ea3i ph\u00e1p gi\u00e1m s\u00e1t c\u1ea3m bi\u1ebfn th\u00f4ng minh. Gi\u00fap nh\u00e0 qu\u1ea3n l\u00fd theo d\u00f5i \u0111\u1ed3ng th\u1eddi r\u1ea5t nhi\u1ec1u d\u1eef li\u1ec7u, \u0111\u00e1p \u1ee9ng m\u1ecdi nhu c\u1ea7u gi\u00e1m s\u00e1t c\u1ea3m bi\u1ebfn, ch\u1eb3ng h\u1ea1n nh\u01b0 c\u1ea3m bi\u1ebfn nhi\u00ean li\u1ec7u, nhi\u1ec7t \u0111\u1ed9, quang tr\u1edf, LM35, NTC, \u2026<\/p>\n<p><img class=\"size-full wp-image-12419 aligncenter\" src=\"https:\/\/gotrack365.com\/wp-content\/uploads\/2024\/04\/20240422-Banner-GT-MUX-GoTrack-2-1.jpg\" alt=\"\" width=\"850\" height=\"567\" \/><\/p>\n<p>\u0110\u1eb7c bi\u1ec7t, GT-MUX c\u00f3 kh\u1ea3 n\u0103ng k\u1ebft n\u1ed1i t\u1edbi m\u1ed9t thi\u1ebft b\u1ecb GT-MUX kh\u00e1c \u0111\u1ec3 m\u1edf r\u1ed9ng s\u1ed1 l\u01b0\u1ee3ng t\u00edn hi\u1ec7u, thu th\u1eadp nhi\u1ec1u d\u1eef li\u1ec7u c\u1ea3m bi\u1ebfn h\u01a1n. H\u1ed7 tr\u1ee3 gi\u00e1m s\u00e1t, h\u1ea1n ch\u1ebf nh\u1eefng r\u1ee7i ro v\u00e0 chi ph\u00ed ph\u00e1t sinh trong qu\u00e1 tr\u00ecnh v\u1eadn h\u00e0nh doanh nghi\u1ec7p v\u1eadn t\u1ea3i. GT-MUX l\u00e0 gi\u1ea3i ph\u00e1p gi\u00e1m s\u00e1t c\u1ea3m bi\u1ebfn tuy\u1ec7t v\u1eddi d\u00e0nh cho doanh nghi\u1ec7p v\u1eadn t\u1ea3i trong th\u1eddi \u0111\u1ea1i c\u00f4ng ngh\u1ec7 s\u1ed1.<\/p>\n<h2><span style=\"font-size: 16px;\">T\u00ednh n\u0103ng n\u1ed5i b\u1eadt<\/span><\/h2>\n<h2 style=\"text-align: center;\"><img class=\"alignnone size-full wp-image-12435\" src=\"https:\/\/gotrack365.com\/wp-content\/uploads\/2024\/04\/20240422-Tinh-Nang-GT-MUX-GoTrack-copy.jpg\" alt=\"\" width=\"850\" height=\"680\" \/><\/h2>\n<h2 style=\"text-align: justify;\"><span style=\"font-size: 16px;\">Thu th\u1eadp d\u1eef li\u1ec7u t\u1eeb nhi\u1ec1u thi\u1ebft b\u1ecb c\u1ea3m bi\u1ebfn<\/span><\/h2>\n<p style=\"text-align: justify;\">GoTrack GT-MUX l\u00e0 gi\u1ea3i ph\u00e1p thu th\u1eadp d\u1eef li\u1ec7u t\u1eeb nhi\u1ec1u thi\u1ebft b\u1ecb c\u1ea3m bi\u1ebfn, \u0111\u1ea3m b\u1ea3o vi\u1ec7c qu\u1ea3n l\u00fd c\u1ea3m bi\u1ebfn ph\u01b0\u01a1ng ti\u1ec7n lu\u00f4n \u0111\u01b0\u1ee3c ki\u1ec3m so\u00e1t ch\u1eb7t ch\u1ebd, \u1ed5n \u0111\u1ecbnh, li\u00ean t\u1ee5c v\u00e0 ch\u00ednh x\u00e1c.<\/p>\n<p style=\"text-align: justify;\">Thi\u1ebft b\u1ecb GT-MUX t\u1ed5ng h\u1ee3p d\u1eef li\u1ec7u c\u1ea3m bi\u1ebfn v\u00e0 cung c\u1ea5p \u0111\u1ebfn thi\u1ebft b\u1ecb Gi\u00e1m s\u00e1t h\u00e0nh tr\u00ecnh. Vi\u1ec7c thu th\u1eadp v\u00e0 \u0111o \u0111\u1ea1c c\u00f3 th\u1ec3 th\u1ef1c hi\u1ec7n \u0111\u1ed3ng th\u1eddi \u1edf t\u1ea5t c\u1ea3 c\u00e1c \u0111\u1ea7u v\u00e0o: 2 t\u00edn hi\u1ec7u c\u1ea3m bi\u1ebfn \u0111\u1ea7u ra d\u1ea1ng xung, 1 t\u00edn hi\u1ec7u analog, 1 t\u00edn hi\u1ec7u c\u1ea3m bi\u1ebfn lo\u1ea1i RS232 v\u00e0 1-4 c\u1ea3m bi\u1ebfn nhi\u1ec7t \u0111\u1ed9 DS18B20. Ho\u1eb7c khi k\u1ebft n\u1ed1i t\u1edbi GT-MUX kh\u00e1c th\u00ec s\u1ebd gi\u00e1m s\u00e1t nhi\u1ec1u \u0111\u1ea7u v\u00e0o h\u01a1n n\u1eefa.<\/p>\n<h2 style=\"text-align: justify;\"><span style=\"font-size: 16px;\">H\u1ed7 tr\u1ee3 \u0111a d\u1ea1ng t\u01b0\u01a1ng th\u00edch m\u1ecdi nhu c\u1ea7u<\/span><\/h2>\n<p style=\"text-align: justify;\">GT-MUX l\u00e0 b\u1ed9 k\u1ebft n\u1ed1i 12 ch\u00e2n, v\u1edbi 10 d\u00e2y ch\u1ee7 \u0111\u1ea1o \u0111\u1ec3 c\u1ea5p ngu\u1ed3n v\u00e0 gh\u00e9p n\u1ed1i v\u1edbi c\u00e1c thi\u1ebft b\u1ecb ngo\u1ea1i vi\/ c\u1ea3m bi\u1ebfn. C\u00f3 2 d\u00e2y mass ri\u00eang bi\u1ec7t d\u00f9ng \u0111\u1ec3 k\u1ebft n\u1ed1i c\u1ea3m bi\u1ebfn nhi\u1ec7t DS18B20.<\/p>\n<p style=\"text-align: justify;\">Khi c\u00f3 nhu c\u1ea7u ng\u01b0\u1eddi d\u00f9ng c\u00f3 th\u1ec3 k\u1ebft n\u1ed1i t\u1edbi GT-MUX kh\u00e1c gia t\u0103ng kh\u1ea3 n\u0103ng thu th\u1eadp d\u1eef li\u1ec7u c\u1ea3m bi\u1ebfn. \u0110\u1ed3ng th\u1eddi GT-MUX h\u1ed7 tr\u1ee3 l\u1eafp \u0111\u1eb7t d\u1ec5 d\u00e0ng, nhanh ch\u00f3ng v\u00e0 t\u01b0\u01a1ng th\u00edch m\u1ecdi d\u00f2ng xe.<\/p>\n<p style=\"text-align: center;\"><img class=\"alignnone size-full wp-image-12433\" src=\"https:\/\/gotrack365.com\/wp-content\/uploads\/2024\/04\/20240423-Tinh-Nang-GT-MUX-GoTrack-3-copy.jpg\" alt=\"\" width=\"850\" height=\"680\" \/><\/p>\n<h2><span style=\"font-size: 16px;\">\u0110\u1ec1 ph\u00f2ng nh\u1eefng r\u1ee7i ro cho doanh nghi\u1ec7p v\u1eadn t\u1ea3i<\/span><\/h2>\n<p>Th\u00f4ng qua c\u00e1c d\u1eef li\u1ec7u c\u1ea3m bi\u1ebfn, c\u00f9ng nh\u1eefng th\u00f4ng tin b\u1ea5t th\u01b0\u1eddng, gi\u00fap nh\u00e0 qu\u1ea3n l\u00fd \u0111\u01b0a ra gi\u1ea3i ph\u00e1p k\u1ecbp th\u1eddi, gi\u1ea3m thi\u1ec3u nh\u1eefng tr\u01b0\u1eddng h\u1ee3p x\u1ea5u kh\u00f4ng nh\u01b0 mong mu\u1ed1n. T\u1eeb \u0111\u00f3 n\u00e2ng cao ch\u1ea5t l\u01b0\u1ee3ng ph\u1ee5c v\u1ee5, gi\u1ea3m thi\u1ec3u chi ph\u00ed ph\u00e1t sinh. Ho\u00e0n thi\u1ec7n quy tr\u00ecnh v\u1eadn h\u00e0nh, n\u00e2ng cao tr\u00e1ch nhi\u1ec7m v\u00e0 hi\u1ec7u qu\u1ea3 l\u00e0m vi\u1ec7c c\u1ee7a l\u00e1i xe, nh\u00e0 qu\u1ea3n l\u00fd.<\/p>\n<h2><span style=\"font-size: 16px;\">T\u1ed1i \u01b0u kh\u1ea3 n\u0103ng qu\u1ea3n l\u00fd \u0111\u1ed9i xe<\/span><\/h2>\n<p>B\u1ed9 m\u1edf r\u1ed9ng c\u1ed5ng t\u00edn hi\u1ec7u GT-MUX k\u1ebft h\u1ee3p <a href=\"https:\/\/gotrack365.com\/vi\/san-pham\/thiet-bi-giam-sat-hanh-trinh-gt-s04\/\">GT-S04<\/a>\/ GT-S7\/<a href=\"https:\/\/gotrack365.com\/vi\/san-pham\/thiet-bi-giam-sat-hanh-trinh-gt-s8\/\">GT-S8<\/a>\/G400E n\u00e2ng cao kh\u1ea3 n\u0103ng gi\u00e1m s\u00e1t \u0111\u1ed9i xe, d\u1ef1a tr\u00ean vi\u1ec7c thu th\u1eadp d\u1eef li\u1ec7u quan tr\u1ecdng nh\u01b0:<\/p>\n<p style=\"text-align: center;\"><img class=\"alignnone size-full wp-image-12445\" src=\"https:\/\/gotrack365.com\/wp-content\/uploads\/2024\/04\/20240423-Tinh-Nang-GT-MUX-GoTrack-4-copy-2-.jpg\" alt=\"\" width=\"850\" height=\"680\" \/><\/p>\n<ul>\n<li>\u0110\u1ecbnh v\u1ecb v\u00e0 theo d\u00f5i l\u1ed9 tr\u00ecnh di chuy\u1ec3n 24\/24<\/li>\n<li>\u0110\u1ecbnh danh, ph\u00e2n t\u00edch h\u00e0nh vi l\u00e1i xe<\/li>\n<li>C\u1ea3nh b\u00e1o nhi\u00ean li\u1ec7u b\u1ea5t th\u01b0\u1eddng<\/li>\n<li>Ph\u00e1t hi\u1ec7n nhi\u1ec7t \u0111\u1ed9 v\u01b0\u1ee3t ng\u01b0\u1ee1ng an to\u00e0n<\/li>\n<li>Ph\u00e2n t\u00edch hi\u1ec7u qu\u1ea3 l\u00e0m vi\u1ec7c l\u00e1i xe<\/li>\n<li>N\u00e2ng cao \u00fd th\u1ee9c l\u00e1i xe an to\u00e0n t\u00e0i x\u1ebf<\/li>\n<li>Ti\u1ebft ki\u1ec7m chi ph\u00ed nhi\u00ean li\u1ec7u<\/li>\n<li>Gi\u1ea3m thi\u1ec3u r\u1ee7i ro cho doanh nghi\u1ec7p<\/li>\n<\/ul>\n<h3><span style=\"font-size: 16px;\">B\u1ed9 s\u1ea3n ph\u1ea9m \u0111\u1ea7y \u0111\u1ee7:\u00a0<\/span><\/h3>\n<p>01-Thi\u1ebft b\u1ecb GT-MUX<\/p>\n<p>01- Ph\u1ee5 ki\u1ec7n<\/p>\n<p style=\"text-align: center;\"><img class=\"alignnone size-full wp-image-12429\" src=\"https:\/\/gotrack365.com\/wp-content\/uploads\/2024\/04\/20240423-Tinh-Nang-GT-MUX-GoTrack-5-copy.jpg\" alt=\"\" width=\"850\" height=\"680\" \/><\/p>\n<p>&nbsp;<\/p>\n<p>&nbsp;<\/p>\n","protected":false},"excerpt":{"rendered":"<p>GT-MUX l\u00e0 b\u1ed9 m\u1edf r\u1ed9ng c\u1ed5ng t\u00edn hi\u1ec7u, c\u00f3 kh\u1ea3 n\u0103ng thu th\u1eadp d\u1eef li\u1ec7u t\u1eeb \u0111a thi\u1ebft b\u1ecb c\u1ea3m bi\u1ebfn. \u0110\u00e2y l\u00e0 gi\u1ea3i ph\u00e1p gi\u00e1m s\u00e1t, theo d\u00f5i \u0111\u1ed3ng th\u1eddi nhi\u1ec1u d\u1eef li\u1ec7u c\u1ea3m bi\u1ebfn. \u0110\u1eb7c bi\u1ec7t h\u01a1n, \u0111\u1ec3 m\u1edf r\u1ed9ng kh\u1ea3 n\u0103ng thu th\u1eadp d\u1eef li\u1ec7u th\u00ec GT-MUX c\u00f3 th\u1ec3 k\u1ebft n\u1ed1i t\u1edbi m\u1ed9t thi\u1ebft b\u1ecb GT-MUX kh\u00e1c gia t\u0103ng ch\u1ea5t l\u01b0\u1ee3ng ki\u1ec3m so\u00e1t hi\u1ec7u qu\u1ea3 ho\u1ea1t \u0111\u1ed9ng \u0111\u1ed9i xe t\u1eeb xa.<\/p>\n<p>Thi\u1ebft b\u1ecb GT-MUX l\u00e0 gi\u1ea3i ph\u00e1p gi\u00e1m s\u00e1t \u0111a c\u1ea3m bi\u1ebfn, n\u00e2ng cao ch\u1ea5t l\u01b0\u1ee3ng qu\u1ea3n l\u00fd doanh nghi\u1ec7p v\u1eadn t\u1ea3i.<\/p>\n","protected":false},"featured_media":12384,"template":"","meta":[],"_links":{"self":[{"href":"https:\/\/gotrack365.com\/vi\/wp-json\/wp\/v2\/product\/12381"}],"collection":[{"href":"https:\/\/gotrack365.com\/vi\/wp-json\/wp\/v2\/product"}],"about":[{"href":"https:\/\/gotrack365.com\/vi\/wp-json\/wp\/v2\/types\/product"}],"wp:featuredmedia":[{"embeddable":true,"href":"https:\/\/gotrack365.com\/vi\/wp-json\/wp\/v2\/media\/12384"}],"wp:attachment":[{"href":"https:\/\/gotrack365.com\/vi\/wp-json\/wp\/v2\/media?parent=12381"}],"curies":[{"name":"wp","href":"https:\/\/api.w.org\/{rel}","templated":true}]}}