{"id":11063,"date":"2023-06-16T16:51:29","date_gmt":"2023-06-16T09:51:29","guid":{"rendered":"https:\/\/gotrack365.com\/?post_type=product&#038;p=11063"},"modified":"2024-04-05T10:40:24","modified_gmt":"2024-04-05T03:40:24","slug":"thiet-bi-giam-sat-hanh-trinh-gt-s04","status":"publish","type":"product","link":"https:\/\/gotrack365.com\/vi\/product\/thiet-bi-dinh-vi-o-to\/thiet-bi-giam-sat-hanh-trinh-gt-s04\/","title":{"rendered":"Thi\u1ebft b\u1ecb gi\u00e1m s\u00e1t h\u00e0nh tr\u00ecnh GT-S04"},"content":{"rendered":"<p style=\"text-align: justify;\">T\u1ea1m bi\u1ec7t c\u00e1ch qu\u1ea3n l\u00fd \u0111\u1ed9i xe theo ki\u1ec3u truy\u1ec1n th\u1ed1ng l\u00e0 d\u1ef1a tr\u00ean nh\u1eefng kinh nghi\u1ec7m c\u1ee7a b\u1ea3n th\u00e2n, ho\u1eb7c th\u00f4ng qua nh\u1eefng b\u00e1o c\u00e1o c\u1ee7a nh\u00e2n vi\u00ean. GT-S04 s\u1ebd gi\u00fap b\u1ea1n c\u00f3 m\u1ed9t h\u1ec7 th\u1ed1ng qu\u1ea3n l\u00fd ch\u1ee7 \u0111\u1ed9ng t\u1eeb xa qua Online. D\u1eef li\u1ec7u c\u00f3 \u0111\u1ed9 ch\u00ednh x\u00e1c cao, th\u00f4ng tin b\u1ea1n nh\u1eadn \u0111\u01b0\u1ee3c th\u01b0\u1eddng xuy\u00ean, \u0111a d\u1ea1ng v\u00e0 s\u00e2u s\u1eafc h\u01a1n. Nh\u00e0 qu\u1ea3n l\u00fd kh\u00f4ng m\u1ea5t nhi\u1ec1u th\u1eddi gian v\u00e0o vi\u1ec7c ghi ch\u00e9p v\u00e0 l\u00e0m b\u00e1o c\u00e1o, hay \u0111\u00e1nh gi\u00e1 ch\u1ea5t l\u01b0\u1ee3ng hi\u1ec7u qu\u1ea3 \u0111\u1ed9i xe. Ch\u1ec9 v\u1edbi nh\u1eefng c\u00e1i vu\u1ed1t tr\u00ean m\u00e0n h\u00ecnh \u0111i\u1ec7n tho\u1ea1i ho\u1eb7c click chu\u1ed9t tr\u00ean Laptop, t\u1ea5t c\u1ea3 nh\u1eefng d\u1eef li\u1ec7u b\u1ea1n c\u1ea7n s\u1ebd \u0111\u01b0\u1ee3c hi\u1ec3n th\u1ecb ho\u1eb7c t\u1ea3i xu\u1ed1ng \u0111\u01a1n gi\u1ea3n.<\/p>\n<p>V\u1edbi l\u1ee3i th\u1ebf ra \u0111\u1eddi sau, n\u00ean Model GT-S04 c\u00f3 nhi\u1ec1u \u0111i\u1ec3m m\u1ea1nh trong v\u1ea5n \u0111\u1ec1 t\u1ed1i \u01b0u t\u00edn hi\u1ec7u GPS, \u0111\u1ecbnh v\u1ecb ch\u00ednh x\u00e1c h\u01a1n. S\u1edf h\u1eefu k\u00edch th\u01b0\u1edbc nh\u1ecf g\u1ecdn v\u00e0 hi\u1ec7n \u0111\u1ea1i, m\u1ea1nh m\u1ebd, n\u00ean th\u1eddi gian l\u1eafp \u0111\u1eb7t \u0111\u01a1n gi\u1ea3n &amp; nhanh ch\u00f3ng. H\u1ed7 tr\u1ee3 k\u1ebft n\u1ed1i nhi\u1ec1u thi\u1ebft b\u1ecb I\/O theo y\u00eau c\u1ea7u, ki\u1ebfn t\u1ea1o gi\u1ea3i ph\u00e1p ho\u00e0n h\u1ea3o cho ng\u01b0\u1eddi d\u00f9ng v\u00e0 nh\u00e0 qu\u1ea3n l\u00fd.<\/p>\n<h2><span style=\"font-size: 20px;\">T\u00cdNH N\u0102NG\u00a0<\/span><\/h2>\n<p><img class=\"aligncenter wp-image-11190 size-full\" src=\"https:\/\/gotrack365.com\/wp-content\/uploads\/2023\/06\/GST-04-ANH-NHE-01.jpg\" alt=\"\" width=\"1000\" height=\"700\" \/><\/p>\n<p>&nbsp;<\/p>\n<h2><span style=\"font-size: 20px;\">VIDEO GI\u1edaI THI\u1ec6U GT-S04<\/span><\/h2>\n<div class=\"video-shortcode\"><iframe title=\"GOTRACK GT-S04 - Thi\u1ebft B\u1ecb Gi\u00e1m S\u00e1t H\u00e0nh Tr\u00ecnh H\u1ee3p Chu\u1ea9n 4G\" width=\"1170\" height=\"658\" src=\"https:\/\/www.youtube.com\/embed\/69GbF1CkRQ8?start=23&#038;feature=oembed\" frameborder=\"0\" allow=\"accelerometer; autoplay; clipboard-write; encrypted-media; gyroscope; picture-in-picture; web-share\" allowfullscreen><\/iframe><\/div>\n<h2><span style=\"font-size: 20px;\"><strong>GI\u00c1M S\u00c1T V\u1eca TR\u00cd PH\u01af\u01a0NG TI\u1ec6N TR\u00caN TO\u00c0N C\u1ea6U\u00a0<\/strong><\/span><\/h2>\n<p>\u0110\u1ecbnh v\u1ecb s\u1eed d\u1ee5ng h\u1ec7 th\u1ed1ng GPS, Beidou, Glonass x\u00e1c \u0111\u1ecbnh v\u1ecb tr\u00ed chi ti\u1ebft tr\u00ean b\u1ea3n \u0111\u1ed3. T\u1eeb b\u1ea5t k\u00ec n\u01a1i \u0111\u00e2u, th\u00f4ng qua \u0111i\u1ec7n tho\u1ea1i ng\u01b0\u1eddi d\u00f9ng theo d\u00f5i \u0111\u01b0\u1ee3c v\u1ecb tr\u00ed, v\u1eadn t\u1ed1c, l\u1ecbch tr\u00ecnh, qu\u00e3ng \u0111\u01b0\u1eddng di chuy\u1ec3n, chi ti\u1ebft t\u1eebng ng\u00e0y\/ tu\u1ea7n\/ th\u00e1ng.\u00a0 M\u1ecdi d\u1eef li\u1ec7u s\u1ebd l\u01b0u l\u1ea1i l\u00ean t\u1edbi 12 th\u00e1ng, thu\u1eadn ti\u1ec7n cho ng\u01b0\u1eddi d\u00f9ng xem tr\u1ef1c ti\u1ebfp ho\u1eb7c t\u1ea3i xu\u1ed1ng b\u00e1o c\u00e1o.<\/p>\n<p style=\"text-align: center;\"><img class=\"alignnone wp-image-11253\" src=\"https:\/\/gotrack365.com\/wp-content\/uploads\/2023\/06\/GST-04-ANH-WEB-kt-nhe-02.jpg\" alt=\"\" width=\"950\" height=\"700\" \/><\/p>\n<h2><span style=\"font-size: 20px;\"><strong>PH\u00d9 H\u1ee2P V\u1edaI XE KINH DOANH V\u1eacN T\u1ea2I\u00a0<\/strong><\/span><\/h2>\n<p>GT-S04 h\u1ed7 tr\u1ee3 \u0111\u0103ng ki\u1ec3m, \u0111\u0103ng k\u00fd kinh doanh, l\u1eafp ph\u00f9 hi\u1ec7u. Ph\u00f9 h\u1ee3p v\u1edbi c\u00e1c d\u00f2ng xe kinh doanh v\u1eadn t\u1ea3i, xe \u00f4 t\u00f4 c\u00e1 nh\u00e2n, xe doanh nghi\u1ec7p, xe c\u00f4ng tr\u00ecnh. D\u1ec5 d\u00e0ng t\u00edch h\u1ee3p nhi\u1ec1u lo\u1ea1i ph\u01b0\u01a1ng ti\u1ec7n \u0111\u01b0\u1eddng b\u1ed9.<\/p>\n<p style=\"text-align: center;\"><img class=\"alignnone size-full wp-image-11255\" src=\"https:\/\/gotrack365.com\/wp-content\/uploads\/2023\/06\/GST-04-ANH-WEB-kt-nhe-03.jpg\" alt=\"\" width=\"950\" height=\"700\" \/><\/p>\n<h2><span style=\"font-size: 20px;\">H\u1ec6 TH\u1ed0NG PH\u1ea6N M\u1ec0M GI\u00c1M S\u00c1T GOTRACK\u00a0<\/span><\/h2>\n<p>T\u1ea5t c\u1ea3 c\u00e1c ph\u01b0\u01a1ng ti\u1ec7n s\u1ebd \u0111\u01b0\u1ee3c gi\u00e1m s\u00e1t t\u1eeb xa th\u00f4ng qua h\u1ec7 th\u1ed1ng ph\u1ea7n m\u1ec1m gi\u00e1m s\u00e1t GoTrack, qu\u1ea3n l\u00fd xe qua website www.gps.gotrack.vn th\u00f4ng minh, k\u1ebft h\u1ee3p \u1ee9ng d\u1ee5ng App GoTrack365 qu\u1ea3n l\u00fd xe m\u1ecdi l\u00fac m\u1ecdi n\u01a1i ti\u1ec7n l\u1ee3i.<\/p>\n<p style=\"text-align: center;\"><img class=\"alignnone size-full wp-image-11196\" src=\"https:\/\/gotrack365.com\/wp-content\/uploads\/2023\/06\/GST-04-ANH-NHE-04.jpg\" alt=\"\" width=\"950\" height=\"700\" \/><\/p>\n<p><span style=\"font-size: 20px;\"><strong>GI\u00c1M S\u00c1T V\u00d9NG, KHU V\u1ef0C \u0110\u00c3 THI\u1ebeT L\u1eacP<\/strong><\/span><\/p>\n<p>K\u1ebft n\u1ed1i c\u00e1c \u0111i\u1ec3m t\u1ea1o th\u00e0nh v\u00f9ng gi\u00e1m s\u00e1t v\u1edbi hi\u1ec1u h\u00ecnh d\u00e1ng: &#8220;h\u00ecnh tr\u00f2n, h\u00ecnh vu\u00f4ng, h\u00ecnh ch\u1eef nh\u1eadt, h\u00ecnh t\u1ee9 gi\u00e1c, l\u1ee5c gi\u00e1c&#8230;&#8221;, ng\u01b0\u1eddi d\u00f9ng c\u00f3 th\u1ec3 t\u1ef1 c\u00e0i \u0111\u1eb7t v\u00e0 thi\u1ebft l\u1eadp khu v\u1ef1c c\u1ea7n gi\u00e1m s\u00e1t \u0111\u1ec3 nh\u1eadn c\u1ea3nh b\u00e1o m\u1ed7i khi xe \u0111i v\u00e0o\/ xe \u0111i ra kh\u1ecfi v\u00f9ng gi\u00e1m s\u00e1t theo th\u1eddi gian th\u1ef1c.<\/p>\n<p style=\"text-align: center;\"><img class=\"alignnone size-full wp-image-11257\" src=\"https:\/\/gotrack365.com\/wp-content\/uploads\/2023\/06\/GST-04-ANH-WEB-kt-nhe-05.jpg\" alt=\"\" width=\"950\" height=\"700\" \/><\/p>\n<h2><span style=\"font-size: 16px;\"><strong><span style=\"font-size: 20px;\">NHI\u1ec0U C\u1ea2NH B\u00c1O<\/span>\u00a0<\/strong><\/span><\/h2>\n<p>Nhi\u1ec1u c\u1ea3nh b\u00e1o gi\u00fap qu\u1ea3n l\u00fd, gi\u00e1m s\u00e1t xe hi\u1ec7u qu\u1ea3: gi\u00e1m s\u00e1t xe ch\u1ea1y qu\u00e1 t\u1ed1c \u0111\u1ed9, l\u00e1i xe qu\u00e1 4h li\u00ean t\u1ee5c, b\u1eadt\/ t\u1eaft kh\u00f3a \u0111i\u1ec7n, m\u1edf kh\u00f3a tr\u00e1i ph\u00e9p, xe di chuy\u1ec3n, rung l\u1eafc v\u00e0 va ch\u1ea1m, m\u1edf c\u1eeda\/ \u0111\u00f3ng c\u1eeda. T\u1ed1i \u0111a hi\u1ec7u qu\u1ea3 gi\u00e1m s\u00e1t v\u00e0 b\u1ea3o v\u1ec7, ch\u1ed1ng tr\u1ed9m ph\u01b0\u01a1ng ti\u1ec7n.<\/p>\n<p style=\"text-align: center;\"><img class=\"alignnone size-full wp-image-11200\" src=\"https:\/\/gotrack365.com\/wp-content\/uploads\/2023\/06\/GST-04-ANH-NHE-06.jpg\" alt=\"\" width=\"950\" height=\"700\" \/><\/p>\n<h2><span style=\"font-size: 20px;\"><strong>GI\u00c1M S\u00c1T TH\u1edcI GIAN D\u1eeaNG N\u1ed4 M\u00c1Y<\/strong><\/span><\/h2>\n<p>Theo d\u00f5i t\u1ed5ng th\u1eddi gian n\u1ed5 m\u00e1y v\u00e0 d\u1eebng n\u1ed5 m\u00e1y trong ng\u00e0y, t\u1ed1i \u01b0u chi ph\u00ed nhi\u00ean li\u1ec7u, gi\u00fap t\u1ed1i gi\u1ea3m chi ph\u00ed kh\u00f4ng \u0111\u00fang m\u1ee5c \u0111\u00edch cho c\u00f4ng vi\u1ec7c, n\u00e2ng cao hi\u1ec7u qu\u1ea3 \u0111i\u1ec1u h\u00e0nh qu\u1ea3n l\u00fd \u0111\u1ed9i xe<\/p>\n<p style=\"text-align: center;\"><img class=\"alignnone size-full wp-image-11259\" src=\"https:\/\/gotrack365.com\/wp-content\/uploads\/2023\/06\/GST-04-ANH-WEB-kt-nhe-07.jpg\" alt=\"\" width=\"950\" height=\"700\" \/><\/p>\n<p><strong><span style=\"font-size: 20px;\">GI\u00c1M S\u00c1T NHI\u1ec0U XE C\u00d9NG L\u00daC\u00a0<\/span>\u00a0<\/strong><\/p>\n<p>N\u00f3 \u0111\u01b0\u1ee3c \u00e1p d\u1ee5ng \u0111\u1ec3 qu\u1ea3n l\u00fd nhi\u1ec1u ph\u01b0\u01a1ng ti\u1ec7n. R\u1ea5t linh ho\u1ea1t v\u00e0 thu\u1eadn ti\u1ec7n \u0111\u1ec3 xem th\u00f4ng tin c\u1ee7a nhi\u1ec1u ph\u01b0\u01a1ng ti\u1ec7n c\u00f9ng l\u00fac tr\u00ean m\u1ed9t m\u00e0n h\u00ecnh gi\u00e1m s\u00e1t.<\/p>\n<p><img class=\"size-full wp-image-11261 aligncenter\" src=\"https:\/\/gotrack365.com\/wp-content\/uploads\/2023\/06\/GST-04-ANH-WEB-kt-nhe-09.jpg\" alt=\"\" width=\"950\" height=\"700\" \/><\/p>\n<h2><span style=\"font-size: 20px;\"><strong>B\u1ed8 S\u1ea2N PH\u1ea8M \u0110\u1ea6Y \u0110\u1ee6 GT-S04\u00a0<\/strong><\/span><\/h2>\n<p>01. Thi\u1ebft b\u1ecb GT-S04<\/p>\n<p>01. B\u1ed9 d\u00e2y ngu\u1ed3n<\/p>\n<p>02. Th\u1ebb RFID (t\u00f9y ch\u1ecdn)<\/p>\n<p style=\"text-align: center;\"><img class=\"alignnone size-full wp-image-11206\" src=\"https:\/\/gotrack365.com\/wp-content\/uploads\/2023\/06\/GST-04-ANH-NHE-08.jpg\" alt=\"\" width=\"950\" height=\"700\" \/><\/p>\n<p>&nbsp;<\/p>\n<p>&nbsp;<\/p>\n","protected":false},"excerpt":{"rendered":"<p>GT-S04 t\u1ed1i \u01b0u nh\u1eefng v\u1ea5n \u0111\u1ec1 li\u00ean quan \u0111\u1ebfn qu\u1ea3n l\u00fd, gi\u00e1m s\u00e1t v\u00e0 theo d\u00f5i xe, \u0111\u1ed9i xe t\u1eeb xa, mang \u0111\u1ebfn nhi\u1ec1u gi\u00e1 tr\u1ecb cho ng\u01b0\u1eddi d\u00f9ng v\u1edbi nh\u1eefng c\u00e1ch th\u1ee9c v\u1eadn h\u00e0nh \u0111\u01a1n gi\u1ea3n nh\u1ea5t, nh\u01b0ng hi\u1ec7u qu\u1ea3 nh\u1ea5t. Thi\u1ebft b\u1ecb t\u1ed1i \u01b0u m\u1ea1nh m\u1ebd v\u1ec1 bo m\u1ea1ch, s\u1eed d\u1ee5ng c\u00f4ng ngh\u1ec7 m\u1ea1ng LTE CAT1 v\u00e0 h\u1ec7 th\u1ed1ng GPS, Beidou, Glonass, n\u00ean kh\u1ea3 n\u0103ng ch\u1ed1t v\u1ecb tr\u00ed nhanh v\u00e0 ch\u00ednh x\u00e1c cao, h\u1ed7 tr\u1ee3 t\u00edch h\u1ee3p eSIM ngay tr\u00ean bo m\u1ea1ch r\u1ea5t hi\u1ec7n \u0111\u1ea1i.<\/p>\n<p>Thi\u1ebft b\u1ecb h\u1ed7 tr\u1ee3 gi\u00e1m s\u00e1t nhi\u00ean li\u1ec7u, nhi\u1ec7t \u0111\u1ed9 t\u1eeb xa\u00a0 gi\u00fap b\u1ea1n gi\u00e1m s\u00e1t tr\u1ea1ng th\u00e1i b\u1eadt\/ t\u1eaft kh\u00f3a \u0111i\u1ec7n. D\u00f9 b\u1ea1n \u1edf b\u1ea5t c\u1ee9 n\u01a1i \u0111\u00e2u \u0111\u1ec1u nh\u1eadn \u0111\u01b0\u1ee3c th\u00f4ng b\u00e1o c\u1ea3nh b\u00e1o tr\u1ef1c tuy\u1ebfn, cho ph\u00e9p b\u1ea1n h\u00e0nh \u0111\u1ed9ng ph\u00f9 h\u1ee3p v\u00e0 ngay l\u1eadp t\u1ee9c.<\/p>\n","protected":false},"featured_media":12305,"template":"","meta":[],"_links":{"self":[{"href":"https:\/\/gotrack365.com\/vi\/wp-json\/wp\/v2\/product\/11063"}],"collection":[{"href":"https:\/\/gotrack365.com\/vi\/wp-json\/wp\/v2\/product"}],"about":[{"href":"https:\/\/gotrack365.com\/vi\/wp-json\/wp\/v2\/types\/product"}],"wp:featuredmedia":[{"embeddable":true,"href":"https:\/\/gotrack365.com\/vi\/wp-json\/wp\/v2\/media\/12305"}],"wp:attachment":[{"href":"https:\/\/gotrack365.com\/vi\/wp-json\/wp\/v2\/media?parent=11063"}],"curies":[{"name":"wp","href":"https:\/\/api.w.org\/{rel}","templated":true}]}}