{"id":10265,"date":"2022-08-31T08:50:34","date_gmt":"2022-08-31T01:50:34","guid":{"rendered":"https:\/\/gotrack365.com\/?post_type=product&#038;p=10265"},"modified":"2023-07-20T09:21:18","modified_gmt":"2023-07-20T02:21:18","slug":"thiet-bi-do-nhiet-do-ste-r1","status":"publish","type":"product","link":"https:\/\/gotrack365.com\/vi\/product\/phu-kien\/thiet-bi-do-nhiet-do-ste-r1\/","title":{"rendered":"Thi\u1ebft b\u1ecb \u0111o nhi\u1ec7t \u0111\u1ed9 STE-R1"},"content":{"rendered":"<p style=\"text-align: justify;\">Doanh nghi\u1ec7p chuy\u00ean v\u1eadn chuy\u1ec3n h\u00e0ng h\u00f3a: rau c\u1ee7, hoa qu\u1ea3, thu\u1ed1c, v\u1eafc xin, kem, th\u1ecbt, h\u1ea3i s\u1ea3n, s\u1eefa&#8230;s\u1ebd g\u1eb7p nhi\u1ec1u r\u1ee7i ro n\u1ebfu kh\u00f4ng theo d\u00f5i nhi\u1ec7t \u0111\u1ed9 h\u00e0ng h\u00f3a th\u01b0\u1eddng xuy\u00ean, kh\u00f4ng ph\u00e1t hi\u1ec7n nhi\u1ec7t \u0111\u1ed9 v\u01b0\u1ee3t ng\u01b0\u1ee1ng an to\u00e0n. Khi xe di chuy\u1ec3n \u0111\u01b0\u1eddng d\u00e0i, ng\u01b0\u1eddi gi\u00e1m s\u00e1t\/ qu\u1ea3n l\u00fd kh\u00f3 theo d\u00f5i nhi\u1ec7t \u0111\u1ed9 h\u00e0ng h\u00f3a \u0111ang v\u1eadn chuy\u1ec3n. L\u00e0m sao \u0111\u1ec3 nh\u00e0 qu\u1ea3n l\u00fd v\u00e0 l\u00e1i xe \u0111\u1ec1u c\u00f3 th\u1ec3 theo d\u00f5i nhi\u1ec7t \u0111\u1ed9 xe h\u00e0ng thu\u1eadn ti\u1ec7n? L\u00e0m sao h\u1ea1n ch\u1ebf t\u1ed1i \u0111a h\u00e0ng h\u00f3a h\u01b0 h\u1ecfng trong khi v\u1eadn chuy\u1ec3n? L\u00e0m sao s\u1edbm ph\u00e1t hi\u1ec7n nh\u1eefng c\u1ea3nh b\u00e1o x\u1ea5u v\u1ec1 nhi\u1ec7t \u0111\u1ed9?<\/p>\n<p style=\"text-align: justify;\">Chuy\u00ean vi\u00ean nghi\u00ean c\u1ee9u ph\u00e1t tri\u1ec3n s\u1ea3n ph\u1ea9m GoTrack th\u1ea5u hi\u1ec3u s\u00e2u s\u1eafc nh\u1eefng kh\u00f3 kh\u0103n &amp; mong mu\u1ed1n c\u1ee7a kh\u00e1ch h\u00e0ng. V\u00e0 \u0111\u1ec3 gi\u1ea3i quy\u1ebft t\u1ea5t c\u1ea3 v\u1ea5n \u0111\u1ec1 \u0111\u00f3, gi\u1ea3i ph\u00e1p ch\u00ednh l\u00e0 h\u1ec7 th\u1ed1ng ph\u1ea7n m\u1ec1m gi\u00e1m s\u00e1t nhi\u1ec7t \u0111\u1ed9 tr\u1ef1c tuy\u1ebfn qua App\/Website. H\u1ec7 th\u1ed1ng c\u00f3 kh\u1ea3 n\u0103ng theo d\u00f5i nhi\u1ec7t \u0111\u1ed9 24\/24 online &amp; qua m\u00e0n h\u00ecnh Led tr\u00ean xe, s\u1ebd t\u1ea1o ra m\u1ed9t gi\u1ea3i ph\u00e1p ho\u00e0n h\u1ea3o cho c\u1ea3 l\u00e1i xe v\u00e0 nh\u00e0 qu\u1ea3n l\u00fd.<\/p>\n<p style=\"text-align: justify;\">Thi\u1ebft b\u1ecb \u0111o nhi\u1ec7t \u0111\u1ed9 STE-R1 GoTrack l\u00e0 gi\u1ea3i ph\u00e1p ho\u00e0n h\u1ea3o d\u00e0nh cho xe v\u1eadn t\u1ea3i. Thi\u1ebft b\u1ecb g\u1ed3m m\u1ed9t d\u00e2y c\u1ea3m bi\u1ebfn nhi\u1ec7t d\u00e0i PT100 k\u1ebft n\u1ed1i thi\u1ebft b\u1ecb STE-R1 (C\u00f3 m\u00e0n h\u00ecnh Led b\u00e1o nhi\u1ec7t \u0111\u1ed9).<\/p>\n<h2 style=\"text-align: justify;\"><span style=\"font-size: 16px;\"><strong>1. C\u00e1ch th\u1ee9c ho\u1ea1t \u0111\u1ed9ng thi\u1ebft b\u1ecb \u0111o nhi\u1ec7t \u0111\u1ed9 STE-R1<\/strong><\/span><\/h2>\n<ul>\n<li><strong>C\u00e1ch 1<\/strong>: STE-R1 Ho\u1ea1t \u0111\u1ed9ng \u0111\u1ed9c l\u1eadp, gi\u00e1m s\u00e1t nhi\u1ec7t \u0111\u1ed9 ph\u01b0\u01a1ng ti\u1ec7n, th\u00f9ng h\u00e0ng. Khi \u0111\u00f3 nhi\u1ec7t \u0111\u1ed9 hi\u1ec3n th\u1ecb tr\u00ean \u0111\u00e8n Led gi\u00fap l\u00e1i xe ki\u1ec3m so\u00e1t s\u1ef1 bi\u1ebfn \u0111\u1ed5i nhi\u1ec7t \u0111\u1ed9 24\/24. Nh\u01b0ng n\u1ebfu qu\u1ea3n l\u00fd t\u1eeb xa th\u00ec kh\u00f4ng th\u1ec3 ch\u1ee7 \u0111\u1ed9ng theo d\u00f5i nhi\u1ec7t \u0111\u1ed9 xe, th\u00f9ng h\u00e0ng.<\/li>\n<\/ul>\n<p><img class=\"wp-image-10279 aligncenter\" src=\"https:\/\/gotrack365.com\/wp-content\/uploads\/2022\/08\/STE-R1-GoTrack_07.png\" alt=\"\" width=\"800\" height=\"405\" \/><\/p>\n<p style=\"text-align: center;\"><em>Thi\u1ebft b\u1ecb \u0111o nhi\u1ec7t \u0111\u1ed9 STE-R1 k\u1ebft n\u1ed1i v\u1edbi S400E<\/em><\/p>\n<ul>\n<li><strong>C\u00e1ch 2<\/strong>: STE-R1 \u0111\u01b0\u1ee3c t\u00edch h\u1ee3p v\u1edbi \u0111\u1ecbnh v\u1ecb h\u1ee3p chu\u1ea9n 4G c\u1ee7a GoTrack (S400, S400E). M\u1ecdi d\u1eef li\u1ec7u \u0111\u01b0\u1ee3c ghi nh\u1eadn v\u00e0 truy\u1ec1n t\u1ea3i v\u1ec1 \u0111i\u1ec7n tho\u1ea1i\/laptop\/PC c\u1ee7a kh\u00e1ch h\u00e0ng. M\u1ed7i khi nhi\u1ec7t \u0111\u1ed9 v\u01b0\u1ee3t ng\u01b0\u1ee1ng an to\u00e0n s\u1ebd c\u00f3 c\u1ea3nh b\u00e1o ngay l\u1eadp t\u1ee9c v\u1ec1 \u0111i\u1ec7n tho\u1ea1i (App) c\u1ee7a Qu\u00fd kh\u00e1ch, k\u00e8m v\u1ecb tr\u00ed v\u00e0 th\u1eddi gian, v\u1eadn t\u1ed1c xe. T\u00e0i x\u1ebf v\u00e0 qu\u1ea3n l\u00fd theo d\u00f5i 24\/24 s\u1ef1 thay \u0111\u1ed5i nhi\u1ec7t \u0111\u1ed9 c\u00e1c th\u00f9ng h\u00e0ng, xe ch\u1edf h\u00e0ng \u0111\u00f4ng l\u1ea1nh.<\/li>\n<\/ul>\n<p style=\"text-align: justify;\">B\u1ed9 thi\u1ebft b\u1ecb \u0111o nhi\u1ec7t \u0111\u1ed9 STE-R1 c\u00f3 \u01b0u \u0111i\u1ec3m \u0111\u1eb7c bi\u1ec7t &#8220;d\u00e2y c\u1ea3m bi\u1ebfn d\u00e0i, c\u00f3 th\u1ec3 k\u1ebft n\u1ed1i t\u1edbi nhi\u1ec1u v\u1ecb tr\u00ed th\u00f9ng h\u00e0ng \u1edf xa, \u0111\u1ea7u d\u00f2 nh\u1ecf d\u1ec5 d\u00e0ng lu\u1ed3n l\u00e1ch qua nh\u1eefng v\u1ecb tr\u00ed nh\u1ecf h\u1eb9p, \u0111\u1ed9 ch\u00ednh x\u00e1c cao, c\u00f9ng kh\u1ea3 n\u0103ng ho\u1ea1t \u0111\u1ed9ng \u1ed5n \u0111\u1ecbnh \u1edf nhi\u1ec1u m\u00f4i tr\u01b0\u1eddng, k\u1ebft n\u1ed1i \u0111\u01a1n gi\u1ea3n n\u00ean l\u1eafp \u0111\u1eb7t d\u1ec5 d\u00e0ng v\u00e0 nhanh ch\u00f3ng.<\/p>\n<p><span style=\"color: #0000ff;\"><a style=\"color: #0000ff;\" href=\"https:\/\/gotrack365.com\/vi\/san-pham\/thiet-bi-dinh-vi-hop-chuan-4g-s400e\/\">T\u00ecm hi\u1ec3u th\u00eam v\u1ec1 \u0111\u1ecbnh v\u1ecb h\u1ee3p chu\u1ea9n S400E 4G<\/a><\/span><\/p>\n<h2><span style=\"font-size: 16px;\">2. T\u00ednh n\u0103ng quan tr\u1ecdng thi\u1ebft b\u1ecb c\u1ea3m bi\u1ebfn nhi\u1ec7t STE-R1<\/span><\/h2>\n<p>&#8211; Theo d\u00f5i nhi\u1ec7t \u0111\u1ed9 th\u00f9ng h\u00e0ng, xe \u0111\u00f4ng l\u1ea1nh tr\u1ef1c tuy\u1ebfn. Khi nhi\u1ec7t \u0111\u1ed9 v\u01b0\u1ee3t ng\u01b0\u1ee1ng cho ph\u00e9p s\u1ebd c\u00f3 th\u00f4ng b\u00e1o tr\u00ean App ngay l\u1eadp t\u1ee9c.<\/p>\n<p>&#8211; Thi\u1ebft b\u1ecb c\u1ea3m bi\u1ebfn nhi\u1ec7t \u0111\u1ed9 STE-R1 GoTrack k\u1ebft n\u1ed1i v\u1edbi \u0111\u1ecbnh v\u1ecb 4G, thi\u1ebft b\u1ecb \u0111\u1ecbnh v\u1ecb s\u1ebd ghi v\u00e0 truy\u1ec1n d\u1eef li\u1ec7u nhi\u1ec7t \u0111\u1ed9, v\u1ecb tr\u00ed v\u00e0 v\u1eadn t\u1ed1c, l\u1ecbch tr\u00ecnh v\u00e0o m\u00e1y ch\u1ee7 v\u00e0 hi\u1ec3n th\u1ecb nhi\u1ec7t \u0111\u1ed9 t\u1ee9c th\u1eddi tr\u00ean App\/Website. \u0110\u1ed3ng th\u1eddi hi\u1ec3n th\u1ecb nhi\u1ec7t \u0111\u1ed9 tr\u00ean m\u00e0n h\u00ecnh Led, t\u00e0i x\u1ebf lu\u00f4n s\u00e1t sao \u0111\u01b0\u1ee3c t\u00ecnh h\u00ecnh nhi\u1ec7t \u0111\u1ed9 xe \u0111\u00f4ng l\u1ea1nh.<\/p>\n<p>&#8211; Gi\u00e1m s\u00e1t nhi\u1ec7t \u0111\u1ed9 c\u1ee7a t\u1ea5t c\u1ea3 c\u00e1c xe \u0111\u00f4ng l\u1ea1nh c\u00f9ng l\u00fac qua m\u00e0n h\u00ecnh. Ng\u01b0\u1eddi d\u00f9ng theo d\u00f5i nhi\u1ec7t \u0111\u1ed9 tr\u00ean t\u1ea5t c\u1ea3 c\u00e1c thi\u1ebft b\u1ecb th\u00f4ng minh.<\/p>\n<p>&#8211; Xem v\u00e0 xu\u1ea5t b\u00e1o c\u00e1o d\u1eef li\u1ec7u nhi\u1ec7t \u0111\u1ed9 th\u00f9ng xe m\u1ecdi l\u00fac m\u1ecdi n\u01a1i. B\u00e1o c\u00e1o c\u00f3 nhi\u1ec1u d\u1ea1ng: bi\u1ec3u \u0111\u1ed3, b\u00e1o c\u00e1o chi ti\u1ebft, b\u00e1o c\u00e1o n\u00e2ng cao gi\u00fap cho nh\u00e0 qu\u1ea3n l\u00fd \u0111\u00e1nh gi\u00e1 v\u00e0 so s\u00e1nh d\u1eef li\u1ec7u m\u1ed9t c\u00e1ch nhanh nh\u1ea5t.<\/p>\n<h2><span style=\"font-size: 16px;\">3. \u1ee8ng d\u1ee5ng\u00a0\u00a0<\/span><\/h2>\n<table style=\"border-collapse: collapse; width: 100%;\">\n<tbody>\n<tr>\n<td style=\"width: 25%;\"><img class=\"alignnone size-full wp-image-10483\" src=\"https:\/\/gotrack365.com\/wp-content\/uploads\/2022\/08\/xe-cho-nong-san.png\" alt=\"\" width=\"400\" height=\"260\" \/><\/td>\n<td style=\"width: 25%;\"><img class=\"alignnone size-full wp-image-10485\" src=\"https:\/\/gotrack365.com\/wp-content\/uploads\/2022\/08\/hai-san.png\" alt=\"\" width=\"400\" height=\"260\" \/><\/td>\n<td style=\"width: 25%;\"><img class=\"alignnone size-full wp-image-10487\" src=\"https:\/\/gotrack365.com\/wp-content\/uploads\/2022\/08\/xe-kem.png\" alt=\"\" width=\"400\" height=\"260\" \/><\/td>\n<td style=\"width: 25%;\"><img class=\"alignnone size-full wp-image-10489\" src=\"https:\/\/gotrack365.com\/wp-content\/uploads\/2022\/08\/vaccine.png\" alt=\"\" width=\"400\" height=\"260\" \/><\/td>\n<\/tr>\n<tr>\n<td style=\"width: 25%; text-align: center;\">Xe ch\u1edf n\u00f4ng s\u1ea3n: rau, hoa qu\u1ea3<\/td>\n<td style=\"width: 25%; text-align: center;\">Xe ch\u1edf th\u1ecbt, h\u1ea3i s\u1ea3n<\/td>\n<td style=\"width: 25%; text-align: center;\">Xe ch\u1edf s\u1eefa, kem<\/td>\n<td style=\"width: 25%; text-align: center;\">Xe ch\u1edf thu\u1ed1c, vaccine<\/td>\n<\/tr>\n<\/tbody>\n<\/table>\n<p>&nbsp;<\/p>\n<p><em><strong>4. B\u1ed9 STE-R1 \u0111\u1ea7y \u0111\u1ee7 bao g\u1ed3m:<\/strong><\/em><\/p>\n<ul>\n<li>01-Thi\u1ebft b\u1ecb \u0111o nhi\u1ec7t \u0111\u1ed9 STE-R1 k\u00e8m c\u1ea3m bi\u1ebfn PT100<\/li>\n<li>01-B\u1ed9 c\u00e1p k\u1ebft n\u1ed1i v\u1edbi thi\u1ebft b\u1ecb gi\u00e1m s\u00e1t h\u00e0nh tr\u00ecnh<\/li>\n<li>01-B\u1ed9 c\u00e1p ngu\u1ed3n v\u00e0 t\u00edn hi\u1ec7u<\/li>\n<\/ul>\n<p style=\"text-align: center;\"><img class=\"alignnone wp-image-10306\" src=\"https:\/\/gotrack365.com\/wp-content\/uploads\/2022\/08\/IMG_0583-e1662696451378.png\" alt=\"\" width=\"900\" height=\"461\" \/><\/p>\n<p style=\"text-align: center;\"><em>B\u1ed9 thi\u1ebft b\u1ecb \u0111o nhi\u1ec7t \u0111\u1ed9 STE-R1<\/em><\/p>\n<h2><\/h2>\n<h2><span style=\"font-size: 16px;\"><em>5. H\u1ec7 th\u1ed1ng ph\u1ea7n m\u1ec1m gi\u00e1m s\u00e1t nhi\u1ec7t \u0111\u1ed9 GoTrack &#8211; M\u1ecdi d\u1eef li\u1ec7u ch\u00ednh x\u00e1c v\u00e0 s\u00e2u s\u1eafc<\/em><\/span><\/h2>\n<h2><span style=\"font-size: 16px;\">\u00a0 \u00a0 \u00a0 a, Xem nhanh th\u00f4ng tin nhi\u1ec7t \u0111\u1ed9, v\u1ecb tr\u00ed v\u00e0 l\u1ed9 tr\u00ecnh<\/span><\/h2>\n<p style=\"text-align: center;\"><img class=\"alignnone size-full wp-image-10465\" src=\"https:\/\/gotrack365.com\/wp-content\/uploads\/2022\/08\/STE_R1-bannner-cam-bien-nhiet-gotrack-2-2.png\" alt=\"\" width=\"1000\" height=\"609\" \/><\/p>\n<p style=\"text-align: center;\"><em>Gi\u00e1m s\u00e1t v\u1ecb tr\u00ed, tr\u1ea1ng th\u00e1i v\u00e0 nhi\u1ec7t \u0111\u1ed9 \u1edf th\u1eddi \u0111i\u1ec3m \u0111\u00f3\u00a0<\/em><\/p>\n<p style=\"text-align: center;\"><img class=\"alignnone size-full wp-image-10467\" src=\"https:\/\/gotrack365.com\/wp-content\/uploads\/2022\/08\/STE_R1-bannner-cam-bien-nhiet-gotrack-1.png\" alt=\"\" width=\"1000\" height=\"609\" \/><\/p>\n<p style=\"text-align: center;\"><em>Xem nhanh l\u1ed9 tr\u00ecnh di chuy\u1ec3n, v\u1eadn t\u1ed1c c\u1ee7a xe<\/em><\/p>\n<h2><span style=\"font-size: 16px;\">\u00a0 \u00a0 b, Xem v\u00e0 xu\u1ea5t b\u00e1o c\u00e1o chi ti\u1ebft nhi\u1ec7t \u0111\u1ed9\u00a0<\/span><\/h2>\n<p style=\"text-align: center;\"><img class=\"alignnone size-full wp-image-10447\" src=\"https:\/\/gotrack365.com\/wp-content\/uploads\/2022\/08\/STE_R1-bannner-cam-bien-nhiet-gotrack-4.png\" alt=\"\" width=\"1000\" height=\"609\" \/><\/p>\n<p style=\"text-align: center;\"><em>B\u00e1o c\u00e1o nhi\u1ec7t \u0111\u1ed9 qua bi\u1ec3u \u0111\u1ed3 tr\u1ef1c quan\u00a0<\/em><\/p>\n<p><img class=\"size-full wp-image-10475 aligncenter\" src=\"https:\/\/gotrack365.com\/wp-content\/uploads\/2022\/08\/STE_R1-bannner-cam-bien-nhiet-gotrack-5-Copy.png\" alt=\"\" width=\"1000\" height=\"609\" \/><\/p>\n<p style=\"text-align: center;\"><em>B\u00e1o c\u00e1o chi ti\u1ebft nhi\u1ec7t \u0111\u1ed9\u00a0<\/em><\/p>\n<p style=\"text-align: center;\"><img class=\"alignnone size-full wp-image-10477\" src=\"https:\/\/gotrack365.com\/wp-content\/uploads\/2022\/08\/STE_R1-bannner-cam-bien-nhiet-gotrack-6-copy.png\" alt=\"\" width=\"1000\" height=\"609\" \/><\/p>\n<p style=\"text-align: center;\"><em>B\u00e1o c\u00e1o chi ti\u1ebft nhi\u1ec7t \u0111\u1ed9 n\u00e2ng cao<\/em><\/p>\n","protected":false},"excerpt":{"rendered":"<ul>\n<li>Theo d\u00f5i nhi\u1ec7t \u0111\u1ed9 xe &amp; th\u00f9ng h\u00e0ng \u0111\u00f4ng l\u1ea1nh tr\u1ef1c tuy\u1ebfn<\/li>\n<li>C\u00f9ng l\u00fac gi\u00e1m s\u00e1t nhi\u1ec7t \u0111\u1ed9 nhi\u1ec1u xe \u0111\u00f4ng l\u1ea1nh<\/li>\n<li>C\u1ea3nh b\u00e1o nhi\u1ec7t \u0111\u1ed9 v\u01b0\u1ee3t ng\u01b0\u1ee1ng cho ph\u00e9p tr\u00ean App<\/li>\n<li>C\u00f4ng ngh\u1ec7 k\u1ebft n\u1ed1i m\u1ea1ng 4G<\/li>\n<li>X\u00e1c \u0111\u1ecbnh v\u1ecb tr\u00ed, v\u1eadn t\u1ed1c v\u00e0 th\u1eddi gian x\u1ea3y ra c\u1ea3nh b\u00e1o nhi\u1ec7t \u0111\u1ed9<\/li>\n<li>Gi\u00e1m s\u00e1t t\u1ee9c th\u1eddi: nhi\u1ec7t \u0111\u1ed9, v\u1ecb tr\u00ed, v\u1eadn t\u1ed1c, t\u00ecnh tr\u1ea1ng xe\u2026<\/li>\n<li>D\u00e2y c\u1ea3m bi\u1ebfn c\u00f3 th\u1ec3 n\u1ed1i d\u00e0i 15m nh\u01b0ng kh\u00f4ng \u1ea3nh h\u01b0\u1edfng sai s\u1ed1<\/li>\n<li>C\u00f3 th\u1ec3 th\u00e1o r\u1eddi \u0111\u1ea7u d\u00f2 v\u00e0 th\u00e2n thi\u1ebft b\u1ecb, kh\u00f4ng c\u1ea7n ph\u1ea3i c\u1eaft d\u00e2y<\/li>\n<li>Bi\u1ec3u \u0111\u1ed3 nhi\u1ec7t \u0111\u1ed9 chi ti\u1ebft<\/li>\n<li>B\u00e1o c\u00e1o &amp; xu\u1ea5t d\u1eef li\u1ec7u nhi\u1ec7t \u0111\u1ed9 24\/7<\/li>\n<li>C\u1eadp nh\u1eadt Firmware t\u1eeb xa th\u01b0\u1eddng xuy\u00ean mi\u1ec5n ph\u00ed<\/li>\n<li>B\u1ea3o h\u00e0nh 15 th\u00e1ng<\/li>\n<\/ul>\n","protected":false},"featured_media":10267,"template":"","meta":[],"_links":{"self":[{"href":"https:\/\/gotrack365.com\/vi\/wp-json\/wp\/v2\/product\/10265"}],"collection":[{"href":"https:\/\/gotrack365.com\/vi\/wp-json\/wp\/v2\/product"}],"about":[{"href":"https:\/\/gotrack365.com\/vi\/wp-json\/wp\/v2\/types\/product"}],"wp:featuredmedia":[{"embeddable":true,"href":"https:\/\/gotrack365.com\/vi\/wp-json\/wp\/v2\/media\/10267"}],"wp:attachment":[{"href":"https:\/\/gotrack365.com\/vi\/wp-json\/wp\/v2\/media?parent=10265"}],"curies":[{"name":"wp","href":"https:\/\/api.w.org\/{rel}","templated":true}]}}