{"id":3671,"date":"2021-02-21T10:45:23","date_gmt":"2021-02-21T03:45:23","guid":{"rendered":"https:\/\/gotrack365.com\/?page_id=3671"},"modified":"2022-02-10T16:07:11","modified_gmt":"2022-02-10T09:07:11","slug":"giam-sat-nhiet-do","status":"publish","type":"page","link":"https:\/\/gotrack365.com\/vi\/giai-phap\/giam-sat-nhiet-do\/","title":{"rendered":"Gi\u00e1m s\u00e1t nhi\u1ec7t \u0111\u1ed9"},"content":{"rendered":"<p><div class=\"fusion-fullwidth fullwidth-box fusion-builder-row-1 nonhundred-percent-fullwidth non-hundred-percent-height-scrolling\" style=\"background-color: #ffffff;background-position: center center;background-repeat: no-repeat;padding-top:60px;padding-right:0px;padding-bottom:60px;padding-left:0px;margin-bottom: 0px;margin-top: 0px;border-width: 0px 0px 0px 0px;border-color:#eae9e9;border-style:solid;\" ><div class=\"fusion-builder-row fusion-row\"><div class=\"fusion-layout-column fusion_builder_column fusion-builder-column-0 fusion_builder_column_1_1 1_1 fusion-one-full fusion-column-first fusion-column-last\" style=\"margin-top:0px;margin-bottom:0px;\"><div class=\"fusion-column-wrapper fusion-flex-column-wrapper-legacy\" style=\"background-position:left top;background-repeat:no-repeat;-webkit-background-size:cover;-moz-background-size:cover;-o-background-size:cover;background-size:cover;padding: 0px 0px 0px 0px;\"><style type=\"text\/css\"><\/style><div class=\"fusion-title title fusion-title-1 fusion-title-center fusion-title-text fusion-title-size-two\" style=\"margin-top:0px;margin-bottom:30px;\"><div class=\"title-sep-container title-sep-container-left\"><div class=\"title-sep sep-\" style=\"border-color:#e0dede;\"><\/div><\/div><h2 class=\"title-heading-center\" style=\"margin:0;\"><h2><span style=\"color: #676767;\"><strong>Gi\u1ea3i ph\u00e1p qu\u1ea3n l\u00fd nhi\u1ec7t \u0111\u1ed9<\/strong><\/span><\/h2><\/h2><div class=\"title-sep-container title-sep-container-right\"><div class=\"title-sep sep-\" style=\"border-color:#e0dede;\"><\/div><\/div><\/div><div class=\"fusion-text fusion-text-1\" style=\"transform:translate3d(0,0,0);\"><p style=\"text-align: center;\">Qu\u1ea3n l\u00fd s\u1ef1 thay \u0111\u1ed5i nhi\u1ec7t \u0111\u1ed9 c\u1ee7a xe, th\u00f9ng h\u00e0ng \u0111\u00f4ng l\u1ea1nh, gi\u00e1m s\u00e1t ph\u00e2n t\u00edch d\u1eef li\u1ec7u v\u00e0 c\u1ea3nh b\u00e1o \u0111\u00e1ng tin c\u1eady,<br \/>\ns\u1ebd gi\u00fap b\u1ea1n lo\u1ea1i b\u1ecf \u0111\u01b0\u1ee3c nh\u1eefng thi\u1ec7t h\u1ea1i v\u1ec1 t\u00e0i ch\u00ednh do con ng\u01b0\u1eddi ho\u1eb7c l\u1ed7i h\u1ec7 th\u1ed1ng g\u00e2y ra.<\/p>\n<\/div><div class=\"fusion-clearfix\"><\/div><\/div><\/div><\/div><\/div><div class=\"fusion-fullwidth fullwidth-box fusion-builder-row-2 nonhundred-percent-fullwidth non-hundred-percent-height-scrolling\" style=\"background-color: #ffffff;background-position: center center;background-repeat: no-repeat;padding-top:0px;padding-right:0px;padding-bottom:95px;padding-left:0px;margin-bottom: 0px;margin-top: 0px;border-width: 0px 0px 0px 0px;border-color:#eae9e9;border-style:solid;\" ><div class=\"fusion-builder-row fusion-row\"><div class=\"fusion-layout-column fusion_builder_column fusion-builder-column-1 fusion_builder_column_1_2 1_2 fusion-one-half fusion-column-first\" style=\"width:50%;width:calc(50% - ( ( 4% ) * 0.5 ) );margin-right: 4%;margin-top:0px;margin-bottom:20px;\"><div class=\"fusion-column-wrapper fusion-flex-column-wrapper-legacy\" style=\"background-position:left top;background-repeat:no-repeat;-webkit-background-size:cover;-moz-background-size:cover;-o-background-size:cover;background-size:cover;padding: 0px 0px 0px 0px;\"><div class=\"fusion-text fusion-text-2\" style=\"transform:translate3d(0,0,0);\"><h3><span style=\"color: #676767;\"><strong>Gi\u00e1m s\u00e1t nhi\u1ec7t \u0111\u1ed9 ch\u00ednh x\u00e1c qua App<\/strong><\/span><\/h3>\n<p><img class=\"alignnone wp-image-5428\" src=\"https:\/\/gotrack365.com\/wp-content\/uploads\/2021\/03\/Icon-check.png\" alt=\"\" width=\"20\" height=\"20\" \/>\u00a0 \u00a0 \u00a0Qu\u1ea3n l\u00fd nhi\u1ec7t \u0111\u1ed9: xe v\u1eadn chuy\u1ec3n h\u00e0ng \u0111\u00f4ng l\u1ea1nh, th\u00f9ng \u0111\u00f4ng l\u1ea1nh, ph\u00f2ng l\u1ea1nh, kho l\u1ea1nh<\/p>\n<p><img class=\"alignnone wp-image-5428\" src=\"https:\/\/gotrack365.com\/wp-content\/uploads\/2021\/03\/Icon-check.png\" alt=\"\" width=\"20\" height=\"20\" \/>\u00a0 \u00a0 \u00a0C\u1ea3nh b\u00e1o t\u1ee9c th\u00ec khi nhi\u1ec7t \u0111\u1ed9 v\u01b0\u1ee3t qu\u00e1 ng\u01b0\u1ee1ng an to\u00e0n.<\/p>\n<p><img class=\"alignnone wp-image-5428\" src=\"https:\/\/gotrack365.com\/wp-content\/uploads\/2021\/03\/Icon-check.png\" alt=\"\" width=\"20\" height=\"20\" \/>\u00a0 \u00a0 \u00a0Sai s\u1ed1 m\u1ee9c c\u1ef1c th\u1ea5p (\u00ad\u00b10.5\u00b0C) gi\u00fap cho b\u1ea1n qu\u1ea3n l\u00fd nhi\u1ec7t \u0111\u1ed9 ch\u00ednh x\u00e1c nh\u1ea5t<\/p>\n<p><img class=\"alignnone wp-image-5428\" src=\"https:\/\/gotrack365.com\/wp-content\/uploads\/2021\/03\/Icon-check.png\" alt=\"\" width=\"20\" height=\"20\" \/>\u00a0 \u00a0 Theo d\u00f5i s\u1ef1 bi\u1ebfn \u0111\u1ed5i nhi\u1ec7t \u0111\u1ed9 ngay tr\u00ean \u0111i\u1ec7n tho\u1ea1i<\/p>\n<\/div><div class=\"fusion-clearfix\"><\/div><\/div><\/div><div class=\"fusion-layout-column fusion_builder_column fusion-builder-column-2 fusion_builder_column_1_2 1_2 fusion-one-half fusion-column-last\" style=\"width:50%;width:calc(50% - ( ( 4% ) * 0.5 ) );margin-top:0px;margin-bottom:20px;\"><div class=\"fusion-column-wrapper fusion-flex-column-wrapper-legacy\" style=\"background-position:left top;background-repeat:no-repeat;-webkit-background-size:cover;-moz-background-size:cover;-o-background-size:cover;background-size:cover;padding: 0px 0px 0px 0px;\"><span class=\" fusion-imageframe imageframe-none imageframe-1 hover-type-none\"><img width=\"900\" height=\"611\" title=\"Quan-Ly-Nhiet-Do-Truc-tiep-moi-luc-moi-noi-04-gotrack-min\" src=\"https:\/\/gotrack365.com\/wp-content\/uploads\/2021\/08\/Quan-Ly-Nhiet-Do-Truc-tiep-moi-luc-moi-noi-04-gotrack-min.jpg\" class=\"img-responsive wp-image-8823\"\/><\/span><div class=\"fusion-clearfix\"><\/div><\/div><\/div><div class=\"fusion-layout-column fusion_builder_column fusion-builder-column-3 fusion_builder_column_1_2 1_2 fusion-one-half fusion-column-first\" style=\"width:50%;width:calc(50% - ( ( 4% ) * 0.5 ) );margin-right: 4%;margin-top:80PX;margin-bottom:20px;\"><div class=\"fusion-column-wrapper fusion-flex-column-wrapper-legacy\" style=\"background-position:left top;background-repeat:no-repeat;-webkit-background-size:cover;-moz-background-size:cover;-o-background-size:cover;background-size:cover;padding: 0px 0px 0px 0px;\"><span class=\" fusion-imageframe imageframe-none imageframe-2 hover-type-none\"><img width=\"1050\" height=\"700\" title=\"Quan-ly-nhiet-do-7\" src=\"https:\/\/gotrack365.com\/wp-content\/uploads\/2021\/04\/Quan-ly-nhiet-do-7-1.png\" class=\"img-responsive wp-image-5850\"\/><\/span><div class=\"fusion-clearfix\"><\/div><\/div><\/div><div class=\"fusion-layout-column fusion_builder_column fusion-builder-column-4 fusion_builder_column_1_2 1_2 fusion-one-half fusion-column-last\" style=\"width:50%;width:calc(50% - ( ( 4% ) * 0.5 ) );margin-top:80px;margin-bottom:20px;\"><div class=\"fusion-column-wrapper fusion-flex-column-wrapper-legacy\" style=\"background-position:left top;background-repeat:no-repeat;-webkit-background-size:cover;-moz-background-size:cover;-o-background-size:cover;background-size:cover;padding: 0px 0px 0px 0px;\"><div class=\"fusion-text fusion-text-3\" style=\"transform:translate3d(0,0,0);\"><h3><strong><span style=\"color: #676767;\">Nh\u1eadn th\u00f4ng b\u00e1o t\u1ee9c th\u00ec<\/span><\/strong><\/h3>\n<p>C\u1ea3nh b\u00e1o cho ng\u01b0\u1eddi l\u00e1i xe v\u00e0 ng\u01b0\u1eddi qu\u1ea3n l\u00fd c\u1ee7a b\u1ea1n, ngay khi c\u00f3 b\u1ea5t k\u1ef3 thay \u0111\u1ed5i nhi\u1ec7t \u0111\u1ed9 n\u00e0o xu\u1ea5t hi\u1ec7n, gi\u00fap doanh nghi\u1ec7p c\u1ee7a b\u1ea1n tho\u00e1t kh\u1ecfi nh\u1eefng chi ph\u00ed kh\u00f4ng mong mu\u1ed1n.<\/p>\n<\/div><div class=\"fusion-clearfix\"><\/div><\/div><\/div><div class=\"fusion-layout-column fusion_builder_column fusion-builder-column-5 fusion_builder_column_1_2 1_2 fusion-one-half fusion-column-first\" style=\"width:50%;width:calc(50% - ( ( 4% ) * 0.5 ) );margin-right: 4%;margin-top:80px;margin-bottom:20px;\"><div class=\"fusion-column-wrapper fusion-flex-column-wrapper-legacy\" style=\"background-position:left top;background-repeat:no-repeat;-webkit-background-size:cover;-moz-background-size:cover;-o-background-size:cover;background-size:cover;padding: 0px 0px 0px 0px;\"><div class=\"fusion-text fusion-text-4\" style=\"transform:translate3d(0,0,0);\"><h3><span style=\"color: #676767;\"><strong>Theo d\u00f5i v\u1ecb tr\u00ed xe c\u00f3 m\u1ee9c nhi\u1ec7t \u0111\u1ed9 b\u1ea5t th\u01b0\u1eddng<\/strong><\/span><\/h3>\n<p><img class=\"alignnone wp-image-5428\" src=\"https:\/\/gotrack365.com\/wp-content\/uploads\/2021\/03\/Icon-check.png\" alt=\"\" width=\"20\" height=\"20\" \/>\u00a0 \u00a0 \u00a0Theo d\u00f5i v\u1ecb tr\u00ed c\u00f9ng nhi\u1ec7t \u0111\u1ed9 c\u1ee7a xe<\/p>\n<p><img class=\"alignnone wp-image-5428\" src=\"https:\/\/gotrack365.com\/wp-content\/uploads\/2021\/03\/Icon-check.png\" alt=\"\" width=\"20\" height=\"20\" \/>\u00a0 \u00a0 \u00a0\u0110\u1ecbnh v\u1ecb nhanh ch\u00f3ng n\u01a1i xe g\u1eb7p v\u1ea5n \u0111\u1ec1 x\u1ea5u<\/p>\n<p><img class=\"alignnone wp-image-5428\" src=\"https:\/\/gotrack365.com\/wp-content\/uploads\/2021\/03\/Icon-check.png\" alt=\"\" width=\"20\" height=\"20\" \/>\u00a0 \u00a0 \u00a0S\u1edbm kh\u1eafc ph\u1ee5c \u0111\u01b0\u1ee3c c\u00e1c l\u1ed7i v\u1ec1 nhi\u1ec7t \u0111\u1ed9<\/p>\n<p><img class=\"alignnone wp-image-5428\" src=\"https:\/\/gotrack365.com\/wp-content\/uploads\/2021\/03\/Icon-check.png\" alt=\"\" width=\"20\" height=\"20\" \/>\u00a0 \u00a0 \u00a0H\u1ea1n ch\u1ebf t\u1ed1i \u0111a h\u00e0ng h\u00f3a b\u1ecb h\u01b0 h\u1ecfng<\/p>\n<h3><\/h3>\n<\/div><div class=\"fusion-clearfix\"><\/div><\/div><\/div><div class=\"fusion-layout-column fusion_builder_column fusion-builder-column-6 fusion_builder_column_1_2 1_2 fusion-one-half fusion-column-last\" style=\"width:50%;width:calc(50% - ( ( 4% ) * 0.5 ) );margin-top:80px;margin-bottom:20px;\"><div class=\"fusion-column-wrapper fusion-flex-column-wrapper-legacy\" style=\"background-position:left top;background-repeat:no-repeat;-webkit-background-size:cover;-moz-background-size:cover;-o-background-size:cover;background-size:cover;padding: 0px 0px 0px 0px;\"><span class=\" fusion-imageframe imageframe-none imageframe-3 hover-type-none\"><img width=\"941\" height=\"459\" title=\"Quan-Ly-Nhiet&#8212;-quan-ly-xe-dong-lanh-gotrack-3\" src=\"https:\/\/gotrack365.com\/wp-content\/uploads\/2021\/04\/Quan-Ly-Nhiet-quan-ly-xe-dong-lanh-gotrack-3-3.png\" class=\"img-responsive wp-image-5829\"\/><\/span><div class=\"fusion-clearfix\"><\/div><\/div><\/div><div class=\"fusion-layout-column fusion_builder_column fusion-builder-column-7 fusion_builder_column_1_2 1_2 fusion-one-half fusion-column-first\" style=\"width:50%;width:calc(50% - ( ( 4% ) * 0.5 ) );margin-right: 4%;margin-top:50px;margin-bottom:20px;\"><div class=\"fusion-column-wrapper fusion-flex-column-wrapper-legacy\" style=\"background-position:left top;background-repeat:no-repeat;-webkit-background-size:cover;-moz-background-size:cover;-o-background-size:cover;background-size:cover;padding: 0px 0px 0px 0px;\"><span class=\" fusion-imageframe imageframe-none imageframe-4 hover-type-none\"><img width=\"889\" height=\"700\" title=\"ket-hop-thiet-bi\" src=\"https:\/\/gotrack365.com\/wp-content\/uploads\/2021\/04\/ket-hop-thiet-bi.png\" class=\"img-responsive wp-image-5847\"\/><\/span><div class=\"fusion-clearfix\"><\/div><\/div><\/div><div class=\"fusion-layout-column fusion_builder_column fusion-builder-column-8 fusion_builder_column_1_2 1_2 fusion-one-half fusion-column-last\" style=\"width:50%;width:calc(50% - ( ( 4% ) * 0.5 ) );margin-top:80px;margin-bottom:20px;\"><div class=\"fusion-column-wrapper fusion-flex-column-wrapper-legacy\" style=\"background-position:left top;background-repeat:no-repeat;-webkit-background-size:cover;-moz-background-size:cover;-o-background-size:cover;background-size:cover;padding: 0px 0px 0px 0px;\"><div class=\"fusion-text fusion-text-5\" style=\"transform:translate3d(0,0,0);\"><h3><span style=\"color: #676767;\"><strong>Thi\u1ebft l\u1eadp &amp; s\u1eed d\u1ee5ng \u0111\u01a1n gi\u1ea3n<\/strong><\/span><\/h3>\n<p>B\u1ea1n ch\u1ec9 c\u1ea7n k\u1ebft n\u1ed1i thi\u1ebft b\u1ecb c\u1ea3m bi\u1ebfn nhi\u1ec7t \u0111\u1ed9 v\u1edbi thi\u1ebft b\u1ecb \u0111\u1ecbnh v\u1ecb GPS. Sau \u0111\u00f3 GPS s\u1ebd c\u00f3 nhi\u1ec7m v\u1ee5 truy\u1ec1n t\u1ea3i nhi\u1ec7t \u0111\u1ed9 c\u1ee7a xe v\u1ec1 Server v\u00e0 App\/Website c\u1ee7a ng\u01b0\u1eddi qu\u1ea3n l\u00fd. Hai thi\u1ebft b\u1ecb n\u00e0y s\u1ebd gi\u00fap b\u1ea1n qu\u1ea3n l\u00fd nhi\u1ec7t \u0111\u1ed9 \u1edf m\u1ecdi l\u00fac m\u1ecdi n\u01a1i.<\/p>\n<h3><\/h3>\n<\/div><div class=\"fusion-clearfix\"><\/div><\/div><\/div><div class=\"fusion-layout-column fusion_builder_column fusion-builder-column-9 fusion_builder_column_1_2 1_2 fusion-one-half fusion-column-first\" style=\"width:50%;width:calc(50% - ( ( 4% ) * 0.5 ) );margin-right: 4%;margin-top:80px;margin-bottom:20px;\"><div class=\"fusion-column-wrapper fusion-flex-column-wrapper-legacy\" style=\"background-position:left top;background-repeat:no-repeat;-webkit-background-size:cover;-moz-background-size:cover;-o-background-size:cover;background-size:cover;padding: 0px 0px 0px 0px;\"><div class=\"fusion-text fusion-text-6\" style=\"transform:translate3d(0,0,0);\"><h3><span style=\"color: #676767;\"><strong>B\u00e1o c\u00e1o nhi\u1ec7t \u0111\u1ed9 qua bi\u1ec3u \u0111\u1ed3 <\/strong><\/span><\/h3>\n<p>D\u1eef li\u1ec7u nhi\u1ec7t \u0111\u1ed9 \u0111\u01b0\u1ee3c b\u00e1o c\u00e1o chi ti\u1ebft th\u00f4ng qua \u0111\u1ed3 th\u1ecb tr\u1ef1c quan d\u1ec5 hi\u1ec3u. \u0110\u1ed3ng th\u1eddi b\u1ea1n v\u1eeba theo d\u00f5i nhi\u1ec7t \u0111\u1ed9 v\u1eeba c\u00f3 th\u1ec3 theo d\u00f5i GPS \u0111\u1ec3 xem v\u1ecb tr\u00ed, th\u1eddi \u0111i\u1ec3m c\u1ee5 th\u1ec3 x\u1ea3y ra bi\u1ebfn \u0111\u1ed5i nhi\u1ec7t \u0111\u1ed9. Xu\u1ea5t b\u00e1o c\u00e1o thu\u1eadn ti\u1ec7n.<\/p>\n<\/div><div class=\"fusion-clearfix\"><\/div><\/div><\/div><div class=\"fusion-layout-column fusion_builder_column fusion-builder-column-10 fusion_builder_column_1_2 1_2 fusion-one-half fusion-column-last\" style=\"width:50%;width:calc(50% - ( ( 4% ) * 0.5 ) );margin-top:80px;margin-bottom:20px;\"><div class=\"fusion-column-wrapper fusion-flex-column-wrapper-legacy\" style=\"background-position:left top;background-repeat:no-repeat;-webkit-background-size:cover;-moz-background-size:cover;-o-background-size:cover;background-size:cover;padding: 0px 0px 0px 0px;\"><span class=\" fusion-imageframe imageframe-none imageframe-5 hover-type-none\"><img width=\"1024\" height=\"683\" title=\"Quan-ly-nhiet-do-8\" src=\"https:\/\/gotrack365.com\/wp-content\/uploads\/2021\/04\/Quan-ly-nhiet-do-8-1024x683.png\" class=\"img-responsive wp-image-5843\"\/><\/span><div class=\"fusion-clearfix\"><\/div><\/div><\/div><\/div><\/div><div class=\"fusion-fullwidth fullwidth-box fusion-builder-row-3 fusion-flex-container nonhundred-percent-fullwidth non-hundred-percent-height-scrolling\" style=\"background-color: #ffffff;background-position: center center;background-repeat: no-repeat;border-width: 0px 0px 0px 0px;border-color:#eae9e9;border-style:solid;min-height:300px;\" ><div class=\"fusion-builder-row fusion-row fusion-flex-align-items-flex-start\" style=\"max-width:1216.8px;margin-left: calc(-4% \/ 2 );margin-right: calc(-4% \/ 2 );\"><div class=\"fusion-layout-column fusion_builder_column fusion-builder-column-11 fusion_builder_column_1_1 1_1 fusion-flex-column\"><div class=\"fusion-column-wrapper fusion-flex-justify-content-flex-start fusion-content-layout-column\" style=\"background-image: url(&#039;https:\/\/gotrack365.com\/wp-content\/uploads\/2021\/04\/Button-dang-ky-1024x410.png&#039;);background-position:left top;background-repeat:no-repeat;-webkit-background-size:cover;-moz-background-size:cover;-o-background-size:cover;background-size:cover;padding: 100px 70px 100px 70px;\" data-bg-url=\"https:\/\/gotrack365.com\/wp-content\/uploads\/2021\/04\/Button-dang-ky-1024x410.png\"><div class=\"fusion-text fusion-text-7\" style=\"transform:translate3d(0,0,0);\"><div>\n<h2 style=\"text-align: center;\"><span style=\"color: #ffffff;\">Nh\u1eadn b\u00e1o gi\u00e1 mi\u1ec5n ph\u00ed<\/span><\/h2>\n<\/div>\n<div>\n<p style=\"text-align: center;\"><span style=\"color: #ffffff;\">Gi\u00fap t\u00e0i x\u1ebf c\u1ea3i thi\u1ec7n th\u00f3i quen l\u00e1i xe v\u00e0 ti\u1ebft ki\u1ec7m chi ph\u00ed v\u1eadn h\u00e0nh!<\/span><\/p>\n<\/div>\n<\/div><div style=\"text-align:center;\"><style type=\"text\/css\">.fusion-button.button-1 .fusion-button-text, .fusion-button.button-1 i {color:#1877f2;}.fusion-button.button-1 .fusion-button-icon-divider{border-color:#1877f2;}.fusion-button.button-1:hover .fusion-button-text, .fusion-button.button-1:hover i,.fusion-button.button-1:focus .fusion-button-text, .fusion-button.button-1:focus i,.fusion-button.button-1:active .fusion-button-text, .fusion-button.button-1:active{color:#1877f2;}.fusion-button.button-1:hover .fusion-button-icon-divider, .fusion-button.button-1:hover .fusion-button-icon-divider, .fusion-button.button-1:active .fusion-button-icon-divider{border-color:#1877f2;}.fusion-button.button-1:hover, .fusion-button.button-1:focus, .fusion-button.button-1:active{border-color:#ffffff;}.fusion-button.button-1 {border-color:#ffffff;border-radius:2px;}.fusion-button.button-1{background: #ffffff;}.fusion-button.button-1:hover,.button-1:focus,.fusion-button.button-1:active{background: #ffffff;}.fusion-button.button-1 .fusion-button-text {text-transform:none;}<\/style><a class=\"fusion-button button-flat button-xlarge button-custom button-1 fusion-button-default-span fusion-button-default-type\" target=\"_self\" href=\"https:\/\/gotrack365.com\/vi\/tu-van-giai-phap\/\" style=\"margin-top:20px;\"><span class=\"fusion-button-text\">Nh\u1eadn b\u00e1o gi\u00e1 <\/span><\/a><\/div><\/div><\/div><style type=\"text\/css\">.fusion-body .fusion-builder-column-11{width:100% !important;margin-top : 0px;margin-bottom : 20px;}.fusion-builder-column-11 > .fusion-column-wrapper {padding-top : 100px !important;padding-right : 70px !important;margin-right : 1.92%;padding-bottom : 100px !important;padding-left : 70px !important;margin-left : 1.92%;}@media only screen and (max-width:1024px) {.fusion-body .fusion-builder-column-11{width:100% !important;order : 0;}.fusion-builder-column-11 > .fusion-column-wrapper {margin-right : 1.92%;margin-left : 1.92%;}}@media only screen and (max-width:640px) {.fusion-body .fusion-builder-column-11{width:100% !important;order : 0;}.fusion-builder-column-11 > .fusion-column-wrapper {margin-right : 1.92%;margin-left : 1.92%;}}<\/style><\/div><style type=\"text\/css\">.fusion-body .fusion-flex-container.fusion-builder-row-3{ padding-top : 0px;margin-top : 100px;padding-right : 0px;padding-bottom : 0px;margin-bottom : 60px;padding-left : 0px;}<\/style><\/div><\/p>\n","protected":false},"excerpt":{"rendered":"","protected":false},"author":1,"featured_media":0,"parent":3520,"menu_order":0,"comment_status":"closed","ping_status":"closed","template":"100-width.php","meta":[],"_links":{"self":[{"href":"https:\/\/gotrack365.com\/vi\/wp-json\/wp\/v2\/pages\/3671"}],"collection":[{"href":"https:\/\/gotrack365.com\/vi\/wp-json\/wp\/v2\/pages"}],"about":[{"href":"https:\/\/gotrack365.com\/vi\/wp-json\/wp\/v2\/types\/page"}],"author":[{"embeddable":true,"href":"https:\/\/gotrack365.com\/vi\/wp-json\/wp\/v2\/users\/1"}],"replies":[{"embeddable":true,"href":"https:\/\/gotrack365.com\/vi\/wp-json\/wp\/v2\/comments?post=3671"}],"version-history":[{"count":0,"href":"https:\/\/gotrack365.com\/vi\/wp-json\/wp\/v2\/pages\/3671\/revisions"}],"up":[{"embeddable":true,"href":"https:\/\/gotrack365.com\/vi\/wp-json\/wp\/v2\/pages\/3520"}],"wp:attachment":[{"href":"https:\/\/gotrack365.com\/vi\/wp-json\/wp\/v2\/media?parent=3671"}],"curies":[{"name":"wp","href":"https:\/\/api.w.org\/{rel}","templated":true}]}}