{"id":3668,"date":"2021-02-21T10:43:36","date_gmt":"2021-02-21T03:43:36","guid":{"rendered":"https:\/\/gotrack365.com\/?page_id=3668"},"modified":"2022-02-10T16:46:00","modified_gmt":"2022-02-10T09:46:00","slug":"quan-ly-nhien-lieu","status":"publish","type":"page","link":"https:\/\/gotrack365.com\/vi\/giai-phap\/quan-ly-nhien-lieu\/","title":{"rendered":"Qu\u1ea3n l\u00fd nhi\u00ean li\u1ec7u"},"content":{"rendered":"<p><div class=\"fusion-fullwidth fullwidth-box fusion-builder-row-1 nonhundred-percent-fullwidth non-hundred-percent-height-scrolling\" style=\"background-color: #ffffff;background-position: center center;background-repeat: no-repeat;padding-top:60px;padding-right:0px;padding-bottom:60px;padding-left:0px;margin-bottom: 0px;margin-top: 0px;border-width: 0px 0px 0px 0px;border-color:#eae9e9;border-style:solid;\" ><div class=\"fusion-builder-row fusion-row\"><div class=\"fusion-layout-column fusion_builder_column fusion-builder-column-0 fusion_builder_column_1_1 1_1 fusion-one-full fusion-column-first fusion-column-last\" style=\"margin-top:0px;margin-bottom:0px;\"><div class=\"fusion-column-wrapper fusion-flex-column-wrapper-legacy\" style=\"background-position:left top;background-repeat:no-repeat;-webkit-background-size:cover;-moz-background-size:cover;-o-background-size:cover;background-size:cover;padding: 0px 0px 0px 0px;\"><div class=\"fusion-text fusion-text-1\" style=\"transform:translate3d(0,0,0);\"><h2 style=\"text-align: center;\"><span style=\"color: #676767;\"><strong>Gi\u1ea3i ph\u00e1p qu\u1ea3n l\u00fd nhi\u00ean li\u1ec7u<\/strong><\/span><\/h2>\n<p style=\"text-align: center;\">Qu\u1ea3n l\u00fd nhi\u00ean li\u1ec7u gi\u00fap b\u1ea1n theo d\u00f5i m\u1ecdi s\u1ef1 thay \u0111\u1ed5i c\u1ee7a nhi\u00ean li\u1ec7u trong b\u00ecnh tr\u1ef1c tuy\u1ebfn nh\u01b0 m\u1ee9c x\u0103ng d\u1ea7u t\u0103ng\/ gi\u1ea3m theo th\u1eddi gian,<br \/>\nch\u1ec9 s\u1ed1 nhi\u00ean li\u1ec7u tr\u01b0\u1edbc &amp; sau khi n\u1ea1p m\u1edbi. Theo d\u00f5i s\u1ef1 s\u1ee5t gi\u1ea3m nhi\u00ean li\u1ec7u b\u1ea5t th\u01b0\u1eddng&#8230;Qua \u0111\u00f3 t\u1ed1i gi\u1ea3m chi ph\u00ed nhi\u00ean li\u1ec7u,<br \/>\ngi\u1ea3m thi\u1ec3u th\u1eddi gian qu\u1ea3n l\u00fd, n\u00e2ng cao l\u1ee3i nhu\u1eadn Doanh nghi\u1ec7p.<\/p>\n<\/div><div class=\"fusion-clearfix\"><\/div><\/div><\/div><\/div><\/div><div class=\"fusion-fullwidth fullwidth-box fusion-builder-row-2 nonhundred-percent-fullwidth non-hundred-percent-height-scrolling\" style=\"background-color: #ffffff;background-position: center center;background-repeat: no-repeat;padding-top:0px;padding-right:0px;padding-bottom:95px;padding-left:0px;margin-bottom: 0px;margin-top: 0px;border-width: 0px 0px 0px 0px;border-color:#eae9e9;border-style:solid;\" ><div class=\"fusion-builder-row fusion-row\"><div class=\"fusion-layout-column fusion_builder_column fusion-builder-column-1 fusion_builder_column_1_2 1_2 fusion-one-half fusion-column-first\" style=\"width:50%;width:calc(50% - ( ( 4% ) * 0.5 ) );margin-right: 4%;margin-top:0px;margin-bottom:20px;\"><div class=\"fusion-column-wrapper fusion-flex-column-wrapper-legacy\" style=\"background-position:left top;background-repeat:no-repeat;-webkit-background-size:cover;-moz-background-size:cover;-o-background-size:cover;background-size:cover;padding: 0px 0px 0px 0px;\"><div class=\"fusion-text fusion-text-2\" style=\"transform:translate3d(0,0,0);\"><h3 style=\"text-align: left;\"><span style=\"color: #676767;\"><strong>Gi\u00e1m s\u00e1t nhi\u00ean li\u1ec7u ti\u00eau hao ch\u00ednh x\u00e1c<\/strong><\/span><\/h3>\n<p style=\"text-align: left;\"><img class=\"alignnone wp-image-5428\" style=\"font-size: 16px;\" src=\"https:\/\/gotrack365.com\/wp-content\/uploads\/2021\/03\/Icon-check.png\" alt=\"\" width=\"20\" height=\"20\" \/><span style=\"font-size: 16px;\">\u00a0 \u00a0 \u00a0Gi\u00e1m s\u00e1t s\u1ef1 thay \u0111\u1ed5i nhi\u00ean li\u1ec7u t\u1ef1 \u0111\u1ed9ng &amp; c\u00f3 \u0111\u1ed9 ch\u00ednh x\u00e1c cao.<\/span><\/p>\n<p style=\"text-align: left;\"><img class=\"alignnone wp-image-5428\" src=\"https:\/\/gotrack365.com\/wp-content\/uploads\/2021\/03\/Icon-check.png\" alt=\"\" width=\"20\" height=\"20\" \/>\u00a0 \u00a0 \u00a0X\u00e1c \u0111\u1ecbnh ph\u01b0\u01a1ng ti\u1ec7n &amp; tuy\u1ebfn \u0111\u01b0\u1eddng c\u00f3 m\u1ee9c ti\u00eau hao nhi\u00ean li\u1ec7u cao\/ th\u1ea5p nh\u1ea5t.<\/p>\n<p><img class=\"alignnone wp-image-5428\" src=\"https:\/\/gotrack365.com\/wp-content\/uploads\/2021\/03\/Icon-check.png\" alt=\"\" width=\"20\" height=\"20\" \/>\u00a0 \u00a0 \u00a0Theo d\u00f5i chi ti\u1ebft th\u00f4ng tin nhi\u00ean li\u1ec7u c\u1ee7a ph\u01b0\u01a1ng ti\u1ec7n 24h<\/p>\n<p><img class=\"alignnone wp-image-5428\" src=\"https:\/\/gotrack365.com\/wp-content\/uploads\/2021\/03\/Icon-check.png\" alt=\"\" width=\"20\" height=\"20\" \/>\u00a0 \u00a0\u00a0 Xem chi ti\u1ebft nhi\u00ean li\u1ec7u t\u1eebng gi\u1edd, ng\u00e0y, tu\u1ea7n, th\u00e1ng<\/p>\n<\/div><div class=\"fusion-clearfix\"><\/div><\/div><\/div><div class=\"fusion-layout-column fusion_builder_column fusion-builder-column-2 fusion_builder_column_1_2 1_2 fusion-one-half fusion-column-last\" style=\"width:50%;width:calc(50% - ( ( 4% ) * 0.5 ) );margin-top:35px;margin-bottom:20px;\"><div class=\"fusion-column-wrapper fusion-flex-column-wrapper-legacy\" style=\"background-position:left top;background-repeat:no-repeat;-webkit-background-size:cover;-moz-background-size:cover;-o-background-size:cover;background-size:cover;padding: 0px 0px 0px 0px;\"><span class=\" fusion-imageframe imageframe-none imageframe-1 hover-type-none\"><img width=\"450\" height=\"376\" title=\"bao-cao-nhien-lieu-tong-hop\" src=\"https:\/\/gotrack365.com\/wp-content\/uploads\/2021\/04\/bao-cao-nhien-lieu-tong-hop-8.png\" class=\"img-responsive wp-image-5788\"\/><\/span><div class=\"fusion-clearfix\"><\/div><\/div><\/div><div class=\"fusion-layout-column fusion_builder_column fusion-builder-column-3 fusion_builder_column_1_2 1_2 fusion-one-half fusion-column-first\" style=\"width:50%;width:calc(50% - ( ( 4% ) * 0.5 ) );margin-right: 4%;margin-top:110px;margin-bottom:20px;\"><div class=\"fusion-column-wrapper fusion-flex-column-wrapper-legacy\" style=\"background-position:left top;background-repeat:no-repeat;-webkit-background-size:cover;-moz-background-size:cover;-o-background-size:cover;background-size:cover;padding: 0px 0px 0px 0px;\"><span class=\" fusion-imageframe imageframe-none imageframe-2 hover-type-none\"><img width=\"678\" height=\"381\" title=\"Quan-ly-nhien-lieu_02-min\" src=\"https:\/\/gotrack365.com\/wp-content\/uploads\/2021\/08\/Quan-ly-nhien-lieu_02-min.jpg\" class=\"img-responsive wp-image-8809\"\/><\/span><div class=\"fusion-clearfix\"><\/div><\/div><\/div><div class=\"fusion-layout-column fusion_builder_column fusion-builder-column-4 fusion_builder_column_1_2 1_2 fusion-one-half fusion-column-last\" style=\"width:50%;width:calc(50% - ( ( 4% ) * 0.5 ) );margin-top:100px;margin-bottom:20px;\"><div class=\"fusion-column-wrapper fusion-flex-column-wrapper-legacy\" style=\"background-position:left top;background-repeat:no-repeat;-webkit-background-size:cover;-moz-background-size:cover;-o-background-size:cover;background-size:cover;padding: 0px 0px 0px 0px;\"><div class=\"fusion-text fusion-text-3\" style=\"transform:translate3d(0,0,0);\"><h3 style=\"text-align: left;\"><span style=\"color: #676767;\"><strong>Qu\u1ea3n l\u00fd nhi\u00ean li\u1ec7u tr\u1ef1c tuy\u1ebfn<\/strong><\/span><\/h3>\n<p><img class=\"alignnone wp-image-5428\" src=\"https:\/\/gotrack365.com\/wp-content\/uploads\/2021\/03\/Icon-check.png\" alt=\"\" width=\"20\" height=\"20\" \/>\u00a0 \u00a0 \u00a0Theo d\u00f5i nhi\u00ean li\u1ec7u theo th\u1eddi gian th\u1ef1c to\u00e0n b\u1ed9 \u0111\u1ed9i xe.<\/p>\n<p><img class=\"alignnone wp-image-5428\" src=\"https:\/\/gotrack365.com\/wp-content\/uploads\/2021\/03\/Icon-check.png\" alt=\"\" width=\"20\" height=\"20\" \/>\u00a0 \u00a0 \u00a0L\u1eadp k\u1ebf ho\u1ea1ch qu\u1ea3n l\u00fd, t\u00ednh to\u00e1n th\u1eddi \u0111i\u1ec3m n\u1ea1p th\u00eam nhi\u00ean li\u1ec7u.<\/p>\n<p><img class=\"alignnone wp-image-5428\" src=\"https:\/\/gotrack365.com\/wp-content\/uploads\/2021\/03\/Icon-check.png\" alt=\"\" width=\"20\" height=\"20\" \/>\u00a0 \u00a0 \u00a0D\u1ec5 d\u00e0ng l\u1eadp k\u1ebf ho\u1ea1ch l\u1ed9 tr\u00ecnh di chuy\u1ec3n.<\/p>\n<p><img class=\"alignnone wp-image-5428\" src=\"https:\/\/gotrack365.com\/wp-content\/uploads\/2021\/03\/Icon-check.png\" alt=\"\" width=\"20\" height=\"20\" \/>\u00a0 \u00a0 \u00a0D\u1ef1 tr\u00f9 chi ph\u00ed nhi\u00ean li\u1ec7u.<\/p>\n<p><img class=\"alignnone wp-image-5428\" src=\"https:\/\/gotrack365.com\/wp-content\/uploads\/2021\/03\/Icon-check.png\" alt=\"\" width=\"20\" height=\"20\" \/>\u00a0 \u00a0 \u00a0T\u0103ng l\u1ee3i nhu\u1eadn doanh nghi\u1ec7p.<\/p>\n<\/div><div class=\"fusion-clearfix\"><\/div><\/div><\/div><div class=\"fusion-layout-column fusion_builder_column fusion-builder-column-5 fusion_builder_column_1_2 1_2 fusion-one-half fusion-column-first\" style=\"width:50%;width:calc(50% - ( ( 4% ) * 0.5 ) );margin-right: 4%;margin-top:110px;margin-bottom:20px;\"><div class=\"fusion-column-wrapper fusion-flex-column-wrapper-legacy\" style=\"background-position:left top;background-repeat:no-repeat;-webkit-background-size:cover;-moz-background-size:cover;-o-background-size:cover;background-size:cover;padding: 0px 0px 0px 0px;\"><div class=\"fusion-text fusion-text-4\" style=\"transform:translate3d(0,0,0);\"><h3 style=\"text-align: left;\"><span style=\"color: #676767;\"><strong>Theo d\u00f5i b\u00ecnh nhi\u00ean li\u1ec7u<\/strong><\/span><\/h3>\n<p style=\"text-align: left;\"><img class=\"alignnone wp-image-5428\" src=\"https:\/\/gotrack365.com\/wp-content\/uploads\/2021\/03\/Icon-check.png\" alt=\"\" width=\"20\" height=\"20\" \/>\u00a0 \u00a0 \u00a0Theo d\u00f5i t\u1ed5ng l\u01b0\u1ee3ng nhi\u00ean li\u1ec7u trong b\u1ec3 ch\u1ee9a l\u00fac ban \u0111\u1ea7u.<\/p>\n<p style=\"text-align: left;\"><img class=\"alignnone wp-image-5428\" src=\"https:\/\/gotrack365.com\/wp-content\/uploads\/2021\/03\/Icon-check.png\" alt=\"\" width=\"20\" height=\"20\" \/>\u00a0 \u00a0 \u00a0Theo d\u00f5i m\u1ee9c nhi\u00ean li\u1ec7u c\u00f2n l\u1ea1i trong b\u00ecnh.<\/p>\n<p style=\"text-align: left;\"><img class=\"alignnone wp-image-5428\" src=\"https:\/\/gotrack365.com\/wp-content\/uploads\/2021\/03\/Icon-check.png\" alt=\"\" width=\"20\" height=\"20\" \/>\u00a0 \u00a0 \u00a0Theo d\u00f5i m\u1ee9c nhi\u00ean li\u1ec7u n\u1ea1p m\u1edbi.<\/p>\n<p><img class=\"alignnone wp-image-5428\" src=\"https:\/\/gotrack365.com\/wp-content\/uploads\/2021\/03\/Icon-check.png\" alt=\"\" width=\"20\" height=\"20\" \/>\u00a0 \u00a0 \u00a0Theo d\u00f5i m\u1ee9c nhi\u00ean li\u1ec7u \u0111\u00e3 ti\u00eau hao.<\/p>\n<p><img class=\"alignnone wp-image-5428\" src=\"https:\/\/gotrack365.com\/wp-content\/uploads\/2021\/03\/Icon-check.png\" alt=\"\" width=\"20\" height=\"20\" \/>\u00a0 \u00a0 \u00a0Ki\u1ec3m tra m\u1ee9c nhi\u00ean li\u1ec7u s\u1ee5t gi\u1ea3m b\u1ea5t th\u01b0\u1eddng<\/p>\n<\/div><div class=\"fusion-clearfix\"><\/div><\/div><\/div><div class=\"fusion-layout-column fusion_builder_column fusion-builder-column-6 fusion_builder_column_1_2 1_2 fusion-one-half fusion-column-last\" style=\"width:50%;width:calc(50% - ( ( 4% ) * 0.5 ) );margin-top:110px;margin-bottom:20px;\"><div class=\"fusion-column-wrapper fusion-flex-column-wrapper-legacy\" style=\"background-position:left top;background-repeat:no-repeat;-webkit-background-size:cover;-moz-background-size:cover;-o-background-size:cover;background-size:cover;padding: 0px 0px 0px 0px;\"><span class=\" fusion-imageframe imageframe-none imageframe-3 hover-type-none\" style=\"margin-right:25px;float:left;\"><img width=\"1050\" height=\"700\" title=\"Binh-nhien-lieu-COPY1\" src=\"https:\/\/gotrack365.com\/wp-content\/uploads\/2021\/04\/Binh-nhien-lieu-COPY1-1.png\" class=\"img-responsive wp-image-5744\"\/><\/span><div class=\"fusion-clearfix\"><\/div><\/div><\/div><div class=\"fusion-layout-column fusion_builder_column fusion-builder-column-7 fusion_builder_column_1_2 1_2 fusion-one-half fusion-column-first\" style=\"width:50%;width:calc(50% - ( ( 4% ) * 0.5 ) );margin-right: 4%;margin-top:110px;margin-bottom:20px;\"><div class=\"fusion-column-wrapper fusion-flex-column-wrapper-legacy\" style=\"background-position:left top;background-repeat:no-repeat;-webkit-background-size:cover;-moz-background-size:cover;-o-background-size:cover;background-size:cover;padding: 0px 0px 0px 0px;\"><span class=\" fusion-imageframe imageframe-none imageframe-4 hover-type-none\"><img width=\"1050\" height=\"700\" title=\"bieu-do-nhien-lieu-2\" src=\"https:\/\/gotrack365.com\/wp-content\/uploads\/2021\/04\/bieu-do-nhien-lieu-2-2.png\" class=\"img-responsive wp-image-5711\"\/><\/span><div class=\"fusion-clearfix\"><\/div><\/div><\/div><div class=\"fusion-layout-column fusion_builder_column fusion-builder-column-8 fusion_builder_column_1_2 1_2 fusion-one-half fusion-column-last\" style=\"width:50%;width:calc(50% - ( ( 4% ) * 0.5 ) );margin-top:110px;margin-bottom:20px;\"><div class=\"fusion-column-wrapper fusion-flex-column-wrapper-legacy\" style=\"background-position:left top;background-repeat:no-repeat;-webkit-background-size:cover;-moz-background-size:cover;-o-background-size:cover;background-size:cover;padding: 0px 0px 0px 0px;\"><div class=\"fusion-text fusion-text-5\" style=\"transform:translate3d(0,0,0);\"><h3><span style=\"color: #676767;\"><strong>\u0110\u1ed3 th\u1ecb thay \u0111\u1ed5i nhi\u00ean li\u1ec7u<\/strong><\/span><\/h3>\n<p>X\u00e1c \u0111\u1ecbnh v\u1ecb tr\u00ed n\u1ea1p th\u00eam nhi\u00ean li\u1ec7u, ph\u00e1t hi\u1ec7n tr\u1ed9m nhi\u00ean li\u1ec7u b\u1eb1ng c\u00e1ch s\u1eed d\u1ee5ng \u0111\u1ed3 th\u1ecb. Qua \u0111\u1ed3 th\u1ecb qu\u1ea3n l\u00fd th\u1ea5y ngay \u0111\u01b0\u1ee3c nhi\u00ean li\u1ec7u b\u1ecb x\u1ea3 b\u1ea5t th\u01b0\u1eddng<\/p>\n<\/div><div class=\"fusion-clearfix\"><\/div><\/div><\/div><div class=\"fusion-layout-column fusion_builder_column fusion-builder-column-9 fusion_builder_column_1_2 1_2 fusion-one-half fusion-column-first\" style=\"width:50%;width:calc(50% - ( ( 4% ) * 0.5 ) );margin-right: 4%;margin-top:100px;margin-bottom:20px;\"><div class=\"fusion-column-wrapper fusion-flex-column-wrapper-legacy\" style=\"background-position:left top;background-repeat:no-repeat;-webkit-background-size:cover;-moz-background-size:cover;-o-background-size:cover;background-size:cover;padding: 0px 0px 0px 0px;\"><div class=\"fusion-text fusion-text-6\" style=\"transform:translate3d(0,0,0);\"><h3 style=\"text-align: left;\"><span style=\"color: #676767;\"><strong>Truy c\u1eadp th\u00f4ng tin m\u1ecdi n\u01a1i<\/strong><\/span><\/h3>\n<p style=\"text-align: left;\">B\u1ea1n c\u00f3 th\u1ec3 theo d\u00f5i m\u1ecdi th\u00f4ng tin chi ti\u1ebft v\u1ec1 nhi\u00ean li\u1ec7u c\u1ee7a ph\u01b0\u01a1ng ti\u1ec7n \u1edf b\u1ea5t k\u00ec \u0111\u00e2u m\u1ed9t c\u00e1ch d\u1ec5 d\u00e0ng th\u00f4ng qua t\u1ea5t c\u1ea3 c\u00e1c thi\u1ebft b\u1ecb th\u00f4ng minh: \u0110i\u1ec7n tho\u1ea1i, PC\/Laptop, iPad<\/p>\n<\/div><div class=\"fusion-clearfix\"><\/div><\/div><\/div><div class=\"fusion-layout-column fusion_builder_column fusion-builder-column-10 fusion_builder_column_1_2 1_2 fusion-one-half fusion-column-last\" style=\"width:50%;width:calc(50% - ( ( 4% ) * 0.5 ) );margin-top:120px;margin-bottom:20px;\"><div class=\"fusion-column-wrapper fusion-flex-column-wrapper-legacy\" style=\"background-position:left top;background-repeat:no-repeat;-webkit-background-size:cover;-moz-background-size:cover;-o-background-size:cover;background-size:cover;padding: 0px 0px 0px 0px;\"><span class=\" fusion-imageframe imageframe-none imageframe-5 hover-type-none\"><img width=\"600\" height=\"522\" title=\"Quan-ly-nhien-lieu_04-gotrack-min\" src=\"https:\/\/gotrack365.com\/wp-content\/uploads\/2021\/08\/Quan-ly-nhien-lieu_04-gotrack-min.jpg\" class=\"img-responsive wp-image-8811\"\/><\/span><div class=\"fusion-clearfix\"><\/div><\/div><\/div><\/div><\/div><div class=\"fusion-fullwidth fullwidth-box fusion-builder-row-3 fusion-flex-container nonhundred-percent-fullwidth non-hundred-percent-height-scrolling\" style=\"background-color: #ffffff;background-position: center center;background-repeat: no-repeat;border-width: 0px 0px 0px 0px;border-color:#eae9e9;border-style:solid;min-height:300px;\" ><div class=\"fusion-builder-row fusion-row fusion-flex-align-items-flex-start\" style=\"max-width:1216.8px;margin-left: calc(-4% \/ 2 );margin-right: calc(-4% \/ 2 );\"><div class=\"fusion-layout-column fusion_builder_column fusion-builder-column-11 fusion_builder_column_1_1 1_1 fusion-flex-column\"><div class=\"fusion-column-wrapper fusion-flex-justify-content-flex-start fusion-content-layout-column\" style=\"background-image: url(&#039;https:\/\/gotrack365.com\/wp-content\/uploads\/2021\/04\/Button-dang-ky-1024x410.png&#039;);background-position:left top;background-repeat:no-repeat;-webkit-background-size:cover;-moz-background-size:cover;-o-background-size:cover;background-size:cover;padding: 100px 70px 100px 70px;\" data-bg-url=\"https:\/\/gotrack365.com\/wp-content\/uploads\/2021\/04\/Button-dang-ky-1024x410.png\"><div class=\"fusion-text fusion-text-7\" style=\"transform:translate3d(0,0,0);\"><div>\n<h2 style=\"text-align: center;\"><span style=\"color: #ffffff;\">Nh\u1eadn b\u00e1o gi\u00e1 mi\u1ec5n ph\u00ed<\/span><\/h2>\n<\/div>\n<div>\n<p style=\"text-align: center;\"><span style=\"color: #ffffff;\">Gi\u00fap t\u00e0i x\u1ebf c\u1ea3i thi\u1ec7n th\u00f3i quen l\u00e1i xe v\u00e0 ti\u1ebft ki\u1ec7m chi ph\u00ed v\u1eadn h\u00e0nh!<\/span><\/p>\n<\/div>\n<\/div><div style=\"text-align:center;\"><style type=\"text\/css\">.fusion-button.button-1 .fusion-button-text, .fusion-button.button-1 i {color:#1877f2;}.fusion-button.button-1 .fusion-button-icon-divider{border-color:#1877f2;}.fusion-button.button-1:hover .fusion-button-text, .fusion-button.button-1:hover i,.fusion-button.button-1:focus .fusion-button-text, .fusion-button.button-1:focus i,.fusion-button.button-1:active .fusion-button-text, .fusion-button.button-1:active{color:#1877f2;}.fusion-button.button-1:hover .fusion-button-icon-divider, .fusion-button.button-1:hover .fusion-button-icon-divider, .fusion-button.button-1:active .fusion-button-icon-divider{border-color:#1877f2;}.fusion-button.button-1:hover, .fusion-button.button-1:focus, .fusion-button.button-1:active{border-color:#ffffff;}.fusion-button.button-1 {border-color:#ffffff;border-radius:2px;}.fusion-button.button-1{background: #ffffff;}.fusion-button.button-1:hover,.button-1:focus,.fusion-button.button-1:active{background: #ffffff;}.fusion-button.button-1 .fusion-button-text {text-transform:none;}<\/style><a class=\"fusion-button button-flat button-xlarge button-custom button-1 fusion-button-default-span fusion-button-default-type\" target=\"_self\" href=\"https:\/\/gotrack365.com\/vi\/tu-van-giai-phap\/\"><span class=\"fusion-button-text\">Nh\u1eadn b\u00e1o gi\u00e1 <\/span><\/a><\/div><\/div><\/div><style type=\"text\/css\">.fusion-body .fusion-builder-column-11{width:100% !important;margin-top : 0px;margin-bottom : 20px;}.fusion-builder-column-11 > .fusion-column-wrapper {padding-top : 100px !important;padding-right : 70px !important;margin-right : 1.92%;padding-bottom : 100px !important;padding-left : 70px !important;margin-left : 1.92%;}@media only screen and (max-width:1024px) {.fusion-body .fusion-builder-column-11{width:100% !important;order : 0;}.fusion-builder-column-11 > .fusion-column-wrapper {margin-right : 1.92%;margin-left : 1.92%;}}@media only screen and (max-width:640px) {.fusion-body .fusion-builder-column-11{width:100% !important;order : 0;}.fusion-builder-column-11 > .fusion-column-wrapper {margin-right : 1.92%;margin-left : 1.92%;}}<\/style><\/div><style type=\"text\/css\">.fusion-body .fusion-flex-container.fusion-builder-row-3{ padding-top : 0px;margin-top : 100px;padding-right : 0px;padding-bottom : 0px;margin-bottom : 60px;padding-left : 0px;}<\/style><\/div><\/p>\n","protected":false},"excerpt":{"rendered":"","protected":false},"author":1,"featured_media":0,"parent":3520,"menu_order":0,"comment_status":"closed","ping_status":"closed","template":"100-width.php","meta":[],"_links":{"self":[{"href":"https:\/\/gotrack365.com\/vi\/wp-json\/wp\/v2\/pages\/3668"}],"collection":[{"href":"https:\/\/gotrack365.com\/vi\/wp-json\/wp\/v2\/pages"}],"about":[{"href":"https:\/\/gotrack365.com\/vi\/wp-json\/wp\/v2\/types\/page"}],"author":[{"embeddable":true,"href":"https:\/\/gotrack365.com\/vi\/wp-json\/wp\/v2\/users\/1"}],"replies":[{"embeddable":true,"href":"https:\/\/gotrack365.com\/vi\/wp-json\/wp\/v2\/comments?post=3668"}],"version-history":[{"count":0,"href":"https:\/\/gotrack365.com\/vi\/wp-json\/wp\/v2\/pages\/3668\/revisions"}],"up":[{"embeddable":true,"href":"https:\/\/gotrack365.com\/vi\/wp-json\/wp\/v2\/pages\/3520"}],"wp:attachment":[{"href":"https:\/\/gotrack365.com\/vi\/wp-json\/wp\/v2\/media?parent=3668"}],"curies":[{"name":"wp","href":"https:\/\/api.w.org\/{rel}","templated":true}]}}