{"id":3665,"date":"2021-02-21T10:42:28","date_gmt":"2021-02-21T03:42:28","guid":{"rendered":"https:\/\/gotrack365.com\/?page_id=3665"},"modified":"2022-02-10T15:45:15","modified_gmt":"2022-02-10T08:45:15","slug":"camera-nghi-dinh-10","status":"publish","type":"page","link":"https:\/\/gotrack365.com\/vi\/giai-phap\/camera-nghi-dinh-10\/","title":{"rendered":"Camera ngh\u1ecb \u0111\u1ecbnh 10"},"content":{"rendered":"<p><div class=\"fusion-fullwidth fullwidth-box fusion-builder-row-1 nonhundred-percent-fullwidth non-hundred-percent-height-scrolling\" style=\"background-color: #ffffff;background-position: center center;background-repeat: no-repeat;padding-top:60px;padding-right:0px;padding-bottom:60px;padding-left:0px;margin-bottom: 0px;margin-top: 0px;border-width: 0px 0px 0px 0px;border-color:#eae9e9;border-style:solid;\" ><div class=\"fusion-builder-row fusion-row\"><div class=\"fusion-layout-column fusion_builder_column fusion-builder-column-0 fusion_builder_column_1_1 1_1 fusion-one-full fusion-column-first fusion-column-last\" style=\"margin-top:0px;margin-bottom:0px;\"><div class=\"fusion-column-wrapper fusion-flex-column-wrapper-legacy\" style=\"background-position:left top;background-repeat:no-repeat;-webkit-background-size:cover;-moz-background-size:cover;-o-background-size:cover;background-size:cover;padding: 0px 0px 0px 0px;\"><style type=\"text\/css\"><\/style><div class=\"fusion-title title fusion-title-1 fusion-title-center fusion-title-text fusion-title-size-two\" style=\"margin-top:0px;margin-bottom:30px;\"><div class=\"title-sep-container title-sep-container-left\"><div class=\"title-sep sep-\" style=\"border-color:#e0dede;\"><\/div><\/div><h2 class=\"title-heading-center\" style=\"margin:0;\"><h2 style=\"text-align: center;\"><span style=\"color: #676767;\"><strong>Camera gi\u00e1m s\u00e1t ngh\u1ecb \u0111\u1ecbnh 10<\/strong><\/span><\/h2><\/h2><div class=\"title-sep-container title-sep-container-right\"><div class=\"title-sep sep-\" style=\"border-color:#e0dede;\"><\/div><\/div><\/div><div class=\"fusion-text fusion-text-1\" style=\"transform:translate3d(0,0,0);\"><p style=\"text-align: center;\">Camera gi\u00e1m s\u00e1t ph\u01b0\u01a1ng ti\u1ec7n tr\u1ef1c ti\u1ebfp qua h\u00ecnh \u1ea3nh v\u00e0 Video khu v\u1ef1c t\u00e0i x\u1ebf, c\u1eeda l\u00ean xu\u1ed1ng &amp; b\u00ean trong,<br \/>\nxung quanh xe.T\u1ea5t c\u1ea3 h\u00ecnh \u1ea3nh \u0111\u01b0\u1ee3c truy\u1ec1n v\u1ec1 T\u1ed5ng C\u1ee5c \u0110\u01b0\u1eddng B\u1ed9,<br \/>\nt\u01b0\u01a1ng lai s\u1ebd t\u1ed1i gi\u1ea3n th\u1eddi gian &amp; chi ph\u00ed kinh doanh.<\/p>\n<\/div><div class=\"fusion-clearfix\"><\/div><\/div><\/div><\/div><\/div><div class=\"fusion-fullwidth fullwidth-box fusion-builder-row-2 nonhundred-percent-fullwidth non-hundred-percent-height-scrolling\" style=\"background-color: #ffffff;background-position: center center;background-repeat: no-repeat;padding-top:0px;padding-right:0px;padding-bottom:95px;padding-left:0px;margin-bottom: 0px;margin-top: 40px;border-width: 0px 0px 0px 0px;border-color:#eae9e9;border-style:solid;\" ><div class=\"fusion-builder-row fusion-row\"><div class=\"fusion-layout-column fusion_builder_column fusion-builder-column-1 fusion_builder_column_1_2 1_2 fusion-one-half fusion-column-first\" style=\"width:50%;width:calc(50% - ( ( 4% ) * 0.5 ) );margin-right: 4%;margin-top:0px;margin-bottom:20px;\"><div class=\"fusion-column-wrapper fusion-flex-column-wrapper-legacy\" style=\"background-position:left top;background-repeat:no-repeat;-webkit-background-size:cover;-moz-background-size:cover;-o-background-size:cover;background-size:cover;padding: 0px 0px 0px 0px;\"><div class=\"fusion-text fusion-text-2\" style=\"transform:translate3d(0,0,0);\"><h3><span style=\"color: #676767;\"><strong>Gi\u00e1m s\u00e1t xe qua h\u00ecnh \u1ea3nh, video tr\u1ef1c tuy\u1ebfn<\/strong><\/span><\/h3>\n<p><img class=\"alignnone wp-image-5428\" src=\"https:\/\/gotrack365.com\/wp-content\/uploads\/2021\/03\/Icon-check.png\" alt=\"\" width=\"20\" height=\"20\" \/>\u00a0 \u00a0 \u00a0Xem h\u00ecnh \u1ea3nh m\u1edbi nh\u1ea5t t\u1eeb camera 24\/24<\/p>\n<p><img class=\"alignnone wp-image-5428\" src=\"https:\/\/gotrack365.com\/wp-content\/uploads\/2021\/03\/Icon-check.png\" alt=\"\" width=\"20\" height=\"20\" \/>\u00a0 \u00a0 \u00a0Xem video tr\u1ef1c ti\u1ebfp (livestream)<\/p>\n<p><img class=\"alignnone wp-image-5428\" src=\"https:\/\/gotrack365.com\/wp-content\/uploads\/2021\/03\/Icon-check.png\" alt=\"\" width=\"20\" height=\"20\" \/>\u00a0 \u00a0 \u00a0Xem h\u00ecnh \u1ea3nh, video ngay c\u1ea3 khi xe t\u1eaft \u0111\u1ed9ng c\u01a1<\/p>\n<p><img class=\"alignnone wp-image-5428\" src=\"https:\/\/gotrack365.com\/wp-content\/uploads\/2021\/03\/Icon-check.png\" alt=\"\" width=\"20\" height=\"20\" \/>\u00a0 \u00a0 \u00a0Gi\u00e1m s\u00e1t h\u00e0nh vi l\u00e1i xe, c\u1eeda l\u00ean xu\u1ed1ng v\u00e0 b\u00ean trong xe&#8230;<\/p>\n<p><img class=\"alignnone wp-image-5428\" src=\"https:\/\/gotrack365.com\/wp-content\/uploads\/2021\/03\/Icon-check.png\" alt=\"\" width=\"20\" height=\"20\" \/>\u00a0 \u00a0 \u00a0Gi\u00e1m s\u00e1t h\u00ecnh \u1ea3nh m\u1edbi nh\u1ea5t v\u1edbi \u0111\u1ea7y \u0111\u1ee7 th\u00f4ng tin: th\u1eddi \u0111i\u1ec3m, \u0111\u1ecba ch\u1ec9, s\u1ed1 l\u01b0\u1ee3ng \u1ea3nh ch\u1ee5p, video \u0111\u00e3 v\u00e0 \u0111ang quay<\/p>\n<p><img class=\"alignnone wp-image-5428\" src=\"https:\/\/gotrack365.com\/wp-content\/uploads\/2021\/03\/Icon-check.png\" alt=\"\" width=\"20\" height=\"20\" \/>\u00a0 \u00a0 \u00a0T\u1ea3i h\u00ecnh \u1ea3nh, video xu\u1ed1ng \u0111i\u1ec7n tho\u1ea1i ho\u1eb7c m\u00e1y t\u00ednh<\/p>\n<p><img class=\"alignnone wp-image-5428\" src=\"https:\/\/gotrack365.com\/wp-content\/uploads\/2021\/03\/Icon-check.png\" alt=\"\" width=\"20\" height=\"20\" \/>\u00a0 \u00a0 \u00a0Ph\u00f3ng to, thu nh\u1ecf, xem ngang, d\u1ecdc h\u00ecnh \u1ea3nh<\/p>\n<\/div><div class=\"fusion-clearfix\"><\/div><\/div><\/div><div class=\"fusion-layout-column fusion_builder_column fusion-builder-column-2 fusion_builder_column_1_2 1_2 fusion-one-half fusion-column-last\" style=\"width:50%;width:calc(50% - ( ( 4% ) * 0.5 ) );margin-top:55px;margin-bottom:20px;\"><div class=\"fusion-column-wrapper fusion-flex-column-wrapper-legacy\" style=\"background-position:left top;background-repeat:no-repeat;-webkit-background-size:cover;-moz-background-size:cover;-o-background-size:cover;background-size:cover;padding: 0px 0px 0px 0px;\"><span class=\" fusion-imageframe imageframe-none imageframe-1 hover-type-none\" style=\"margin-left:25px;float:right;width:100%;max-width:1043px;margin-top:20px;\"><img width=\"1041\" height=\"584\" title=\"Giam-sat-video-hinh-anh-truc-tuyen\" src=\"https:\/\/gotrack365.com\/wp-content\/uploads\/2021\/03\/Giam-sat-video-hinh-anh-truc-tuyen-2.png\" class=\"img-responsive wp-image-5439\"\/><\/span><div class=\"fusion-clearfix\"><\/div><\/div><\/div><div class=\"fusion-layout-column fusion_builder_column fusion-builder-column-3 fusion_builder_column_1_2 1_2 fusion-one-half fusion-column-first\" style=\"width:50%;width:calc(50% - ( ( 4% ) * 0.5 ) );margin-right: 4%;margin-top:90px;margin-bottom:20px;\"><div class=\"fusion-column-wrapper fusion-flex-column-wrapper-legacy\" style=\"background-position:left top;background-repeat:no-repeat;-webkit-background-size:cover;-moz-background-size:cover;-o-background-size:cover;background-size:cover;padding: 0px 0px 0px 0px;\"><span class=\" fusion-imageframe imageframe-none imageframe-2 hover-type-none\" style=\"margin-left:25px;float:right;\"><img width=\"800\" height=\"582\" title=\"Quan-Ly-Hanh-Vi-Lai-Xe_05-min\" src=\"https:\/\/gotrack365.com\/wp-content\/uploads\/2021\/08\/Quan-Ly-Hanh-Vi-Lai-Xe_05-min.jpg\" class=\"img-responsive wp-image-8759\"\/><\/span><div class=\"fusion-clearfix\"><\/div><\/div><\/div><div class=\"fusion-layout-column fusion_builder_column fusion-builder-column-4 fusion_builder_column_1_2 1_2 fusion-one-half fusion-column-last\" style=\"width:50%;width:calc(50% - ( ( 4% ) * 0.5 ) );margin-top:80px;margin-bottom:20px;\"><div class=\"fusion-column-wrapper fusion-flex-column-wrapper-legacy\" style=\"background-position:left top;background-repeat:no-repeat;-webkit-background-size:cover;-moz-background-size:cover;-o-background-size:cover;background-size:cover;padding: 0px 0px 0px 0px;\"><div class=\"fusion-text fusion-text-3\" style=\"transform:translate3d(0,0,0);\"><h3><span style=\"color: #676767;\"><strong>Gi\u00e1m s\u00e1t h\u00e0nh vi t\u00e0i x\u1ebf<\/strong><\/span><\/h3>\n<p><img class=\"alignnone wp-image-5428\" src=\"https:\/\/gotrack365.com\/wp-content\/uploads\/2021\/03\/Icon-check.png\" alt=\"\" width=\"20\" height=\"20\" \/>\u00a0 \u00a0 \u00a0Gi\u00e1m s\u00e1t khu v\u1ef1c t\u00e0i x\u1ebf 24\/24<\/p>\n<p><img class=\"alignnone wp-image-5428\" src=\"https:\/\/gotrack365.com\/wp-content\/uploads\/2021\/03\/Icon-check.png\" alt=\"\" width=\"20\" height=\"20\" \/>\u00a0 \u00a0 \u00a0Ki\u1ec3m so\u00e1t t\u00e0i x\u1ebf phanh g\u1ea5p, d\u1eebng \u0111\u1eadu sai quy \u0111\u1ecbnh<\/p>\n<p><img class=\"alignnone wp-image-5428\" src=\"https:\/\/gotrack365.com\/wp-content\/uploads\/2021\/03\/Icon-check.png\" alt=\"\" width=\"20\" height=\"20\" \/>\u00a0 \u00a0 \u00a0Theo d\u00f5i s\u1ed1 l\u1ea7n l\u00e1i xe ch\u1ea1y qu\u00e1 v\u1eadn t\u1ed1c<\/p>\n<p><img class=\"alignnone wp-image-5428\" src=\"https:\/\/gotrack365.com\/wp-content\/uploads\/2021\/03\/Icon-check.png\" alt=\"\" width=\"20\" height=\"20\" \/>\u00a0 \u00a0 \u00a0Theo d\u00f5i t\u1ed1c \u0111\u1ed9 xe di chuy\u1ec3n, th\u1eddi gian di chuy\u1ec3n li\u00ean t\u1ee5c, d\u1eebng ngh\u1ec9<\/p>\n<p><img class=\"alignnone wp-image-5428\" src=\"https:\/\/gotrack365.com\/wp-content\/uploads\/2021\/03\/Icon-check.png\" alt=\"\" width=\"20\" height=\"20\" \/>\u00a0 \u00a0 \u00a0Th\u1eddi gian \u0111\u0103ng nh\u1eadp\/ \u0111\u0103ng xu\u1ea5t ca l\u00e0m vi\u1ec7c qua th\u1ebb Rfid<\/p>\n<p><img class=\"alignnone wp-image-5428\" src=\"https:\/\/gotrack365.com\/wp-content\/uploads\/2021\/03\/Icon-check.png\" alt=\"\" width=\"20\" height=\"20\" \/>\u00a0 \u00a0 Th\u1eddi gian xe d\u1eebng n\u1ed5 m\u00e1y, xe n\u1ed5 m\u00e1y di chuy\u1ec3n.<\/p>\n<\/div><div class=\"fusion-clearfix\"><\/div><\/div><\/div><div class=\"fusion-layout-column fusion_builder_column fusion-builder-column-5 fusion_builder_column_1_2 1_2 fusion-one-half fusion-column-first\" style=\"width:50%;width:calc(50% - ( ( 4% ) * 0.5 ) );margin-right: 4%;margin-top:90px;margin-bottom:20px;\"><div class=\"fusion-column-wrapper fusion-flex-column-wrapper-legacy\" style=\"background-position:left top;background-repeat:no-repeat;-webkit-background-size:cover;-moz-background-size:cover;-o-background-size:cover;background-size:cover;padding: 0px 0px 0px 0px;\"><div class=\"fusion-text fusion-text-4\" style=\"transform:translate3d(0,0,0);\"><h3><span style=\"color: #676767;\"><strong>Ti\u1ebft ki\u1ec7m th\u1eddi gian &amp; ti\u1ec1n b\u1ea1c<\/strong><\/span><\/h3>\n<p><img class=\"alignnone wp-image-5428\" src=\"https:\/\/gotrack365.com\/wp-content\/uploads\/2021\/03\/Icon-check.png\" alt=\"\" width=\"20\" height=\"20\" \/>\u00a0 \u00a0 \u00a0Ti\u1ebft ki\u1ec7m th\u1eddi gian qu\u1ea3n l\u00fd ph\u01b0\u01a1ng ti\u1ec7n &amp; t\u00e0i x\u1ebf<\/p>\n<p><img class=\"alignnone wp-image-5428\" src=\"https:\/\/gotrack365.com\/wp-content\/uploads\/2021\/03\/Icon-check.png\" alt=\"\" width=\"20\" height=\"20\" \/>\u00a0 \u00a0 \u00a0L\u00e0 b\u1eb1ng ch\u1ee9ng x\u00e1c th\u1ef1c khi x\u1ea3y ra va ch\u1ea1m giao th\u00f4ng, g\u00e2y tai n\u1ea1n.<\/p>\n<p><img class=\"alignnone wp-image-5428\" src=\"https:\/\/gotrack365.com\/wp-content\/uploads\/2021\/03\/Icon-check.png\" alt=\"\" width=\"20\" height=\"20\" \/>\u00a0 \u00a0 \u00a0kh\u00f4ng m\u1ea5t th\u1eddi gian tranh lu\u1eadn khi va ch\u1ea1m x\u1ea3y ra.<\/p>\n<p><img class=\"alignnone wp-image-5428\" src=\"https:\/\/gotrack365.com\/wp-content\/uploads\/2021\/03\/Icon-check.png\" alt=\"\" width=\"20\" height=\"20\" \/>\u00a0 \u00a0 \u00a0Ph\u01b0\u01a1ng ti\u1ec7n \u0111\u01b0\u1ee3c b\u1ea3o v\u1ec7 an to\u00e0n, ch\u1ed1ng tr\u1ed9m 24\/24.<\/p>\n<p><img class=\"alignnone wp-image-5428\" src=\"https:\/\/gotrack365.com\/wp-content\/uploads\/2021\/03\/Icon-check.png\" alt=\"\" width=\"20\" height=\"20\" \/>\u00a0 \u00a0 \u00a0N\u00e2ng cao \u00fd th\u1ee9c \u0111i\u1ec1u khi\u1ec3n xe.<\/p>\n<\/div><div class=\"fusion-clearfix\"><\/div><\/div><\/div><div class=\"fusion-layout-column fusion_builder_column fusion-builder-column-6 fusion_builder_column_1_2 1_2 fusion-one-half fusion-column-last\" style=\"width:50%;width:calc(50% - ( ( 4% ) * 0.5 ) );margin-top:90px;margin-bottom:20px;\"><div class=\"fusion-column-wrapper fusion-flex-column-wrapper-legacy\" style=\"background-position:left top;background-repeat:no-repeat;-webkit-background-size:cover;-moz-background-size:cover;-o-background-size:cover;background-size:cover;padding: 0px 0px 0px 0px;\"><span class=\" fusion-imageframe imageframe-none imageframe-3 hover-type-none\" style=\"margin-left:25px;float:right;margin-top:35px;\"><img width=\"850\" height=\"393\" title=\"Va-cham-giao-thong-min\" src=\"https:\/\/gotrack365.com\/wp-content\/uploads\/2021\/08\/Va-cham-giao-thong-min.jpg\" class=\"img-responsive wp-image-8764\"\/><\/span><div class=\"fusion-clearfix\"><\/div><\/div><\/div><div class=\"fusion-layout-column fusion_builder_column fusion-builder-column-7 fusion_builder_column_1_2 1_2 fusion-one-half fusion-column-first\" style=\"width:50%;width:calc(50% - ( ( 4% ) * 0.5 ) );margin-right: 4%;margin-top:70px;margin-bottom:20px;\"><div class=\"fusion-column-wrapper fusion-flex-column-wrapper-legacy\" style=\"background-position:left top;background-repeat:no-repeat;-webkit-background-size:cover;-moz-background-size:cover;-o-background-size:cover;background-size:cover;padding: 0px 0px 0px 0px;\"><span class=\" fusion-imageframe imageframe-none imageframe-4 hover-type-none\" style=\"margin-right:25px;float:left;\"><img width=\"850\" height=\"615\" title=\"Chat-luong-dich-vu-min\" src=\"https:\/\/gotrack365.com\/wp-content\/uploads\/2021\/08\/Chat-luong-dich-vu-min.jpg\" class=\"img-responsive wp-image-8767\"\/><\/span><div class=\"fusion-clearfix\"><\/div><\/div><\/div><div class=\"fusion-layout-column fusion_builder_column fusion-builder-column-8 fusion_builder_column_1_2 1_2 fusion-one-half fusion-column-last\" style=\"width:50%;width:calc(50% - ( ( 4% ) * 0.5 ) );margin-top:90px;margin-bottom:20px;\"><div class=\"fusion-column-wrapper fusion-flex-column-wrapper-legacy\" style=\"background-position:left top;background-repeat:no-repeat;-webkit-background-size:cover;-moz-background-size:cover;-o-background-size:cover;background-size:cover;padding: 0px 100px 0px 0px;\"><div class=\"fusion-text fusion-text-5\" style=\"transform:translate3d(0,0,0);\"><h3 style=\"text-align: left;\"><span style=\"color: #676767;\"><strong>N\u00e2ng cao ch\u1ea5t l\u01b0\u1ee3ng ph\u1ee5c v\u1ee5<\/strong><\/span><\/h3>\n<p style=\"text-align: left;\"><img class=\"alignnone wp-image-5428\" src=\"https:\/\/gotrack365.com\/wp-content\/uploads\/2021\/03\/Icon-check.png\" alt=\"\" width=\"20\" height=\"20\" \/>\u00a0 \u00a0 \u00a0T\u00e0i x\u1ebf s\u1ebd t\u1eadp trung \u0111i\u1ec1u khi\u1ec3n xe t\u1ed1t nh\u1ea5t<\/p>\n<p style=\"text-align: left;\"><img class=\"alignnone wp-image-5428\" src=\"https:\/\/gotrack365.com\/wp-content\/uploads\/2021\/03\/Icon-check.png\" alt=\"\" width=\"20\" height=\"20\" \/>\u00a0 \u00a0 \u00a0D\u1eebng v\u00e0 \u0111\u1eadu \u0111\u00fang n\u01a1i quy \u0111\u1ecbnh<\/p>\n<p style=\"text-align: left;\"><img class=\"alignnone wp-image-5428\" src=\"https:\/\/gotrack365.com\/wp-content\/uploads\/2021\/03\/Icon-check.png\" alt=\"\" width=\"20\" height=\"20\" \/>\u00a0 \u00a0 \u00a0Th\u1eddi gian d\u1eebng ngh\u1ec9 ph\u00f9 h\u1ee3p<\/p>\n<p style=\"text-align: left;\"><img class=\"alignnone wp-image-5428\" src=\"https:\/\/gotrack365.com\/wp-content\/uploads\/2021\/03\/Icon-check.png\" alt=\"\" width=\"20\" height=\"20\" \/>\u00a0 \u00a0 \u00a0L\u00e1i xe l\u00e0m vi\u1ec7c c\u1ea9n tr\u1ecdng h\u01a1n<\/p>\n<\/div><div class=\"fusion-clearfix\"><\/div><\/div><\/div><\/div><\/div><div class=\"fusion-fullwidth fullwidth-box fusion-builder-row-3 fusion-parallax-none nonhundred-percent-fullwidth non-hundred-percent-height-scrolling\" style=\"background-color: #ffffff;background-image: url(&quot;https:\/\/placehold.it\/2000x936\/333333\/ffffff\/&quot;);background-position: center center;background-repeat: no-repeat;padding-top:0px;padding-right:0px;padding-bottom:0px;padding-left:0px;margin-bottom: 0px;margin-top: 0px;border-width: 0px 0px 0px 0px;border-color:#eae9e9;border-style:solid;-webkit-background-size:cover;-moz-background-size:cover;-o-background-size:cover;background-size:cover;\" ><div class=\"fusion-builder-row fusion-row\"><div class=\"fusion-layout-column fusion_builder_column fusion-builder-column-9 fusion_builder_column_1_2 1_2 fusion-one-half fusion-column-first\" style=\"width:50%;width:calc(50% - ( ( 4% ) * 0.5 ) );margin-right: 4%;margin-top:0px;margin-bottom:20px;\"><div class=\"fusion-column-wrapper fusion-flex-column-wrapper-legacy\" style=\"background-position:left top;background-repeat:no-repeat;-webkit-background-size:cover;-moz-background-size:cover;-o-background-size:cover;background-size:cover;padding: 0px 0px 0px 0px;\"><div class=\"fusion-text fusion-text-6\" style=\"transform:translate3d(0,0,0);\"><h3><span style=\"color: #676767;\"><strong>B\u00e1o c\u00e1o h\u00ecnh \u1ea3nh xe\/\u0111\u1ed9i xe<\/strong><\/span><\/h3>\n<p><img class=\"alignnone wp-image-5428\" src=\"https:\/\/gotrack365.com\/wp-content\/uploads\/2021\/03\/Icon-check.png\" alt=\"\" width=\"20\" height=\"20\" \/>\u00a0 \u00a0 \u00a0B\u00e1o c\u00e1o h\u00ecnh \u1ea3nh, video chu\u1ea9n theo quy \u0111\u1ecbnh b\u1ed9 GTVT<\/p>\n<p><img class=\"alignnone wp-image-5428\" src=\"https:\/\/gotrack365.com\/wp-content\/uploads\/2021\/03\/Icon-check.png\" alt=\"\" width=\"20\" height=\"20\" \/>\u00a0 \u00a0 \u00a0B\u00e1o c\u00e1o\u00a0ti\u1ebfn \u0111\u1ed9 th\u1ef1c thi \u0111\u1ed9i xe, t\u1ed1i \u01b0u k\u1ebf ho\u1ea1ch trong t\u01b0\u01a1ng lai<\/p>\n<p><img class=\"alignnone wp-image-5428\" src=\"https:\/\/gotrack365.com\/wp-content\/uploads\/2021\/03\/Icon-check.png\" alt=\"\" width=\"20\" height=\"20\" \/>\u00a0 \u00a0 \u00a0Xem m\u1ecdi th\u00f4ng tin v\u1ec1 ph\u01b0\u01a1ng ti\u1ec7n qua Video tr\u1ef1c tuy\u1ebfn<\/p>\n<\/div><div class=\"fusion-clearfix\"><\/div><\/div><\/div><div class=\"fusion-layout-column fusion_builder_column fusion-builder-column-10 fusion_builder_column_1_2 1_2 fusion-one-half fusion-column-last\" style=\"width:50%;width:calc(50% - ( ( 4% ) * 0.5 ) );margin-top:0px;margin-bottom:20px;\"><div class=\"fusion-column-wrapper fusion-flex-column-wrapper-legacy\" style=\"background-position:left top;background-repeat:no-repeat;-webkit-background-size:cover;-moz-background-size:cover;-o-background-size:cover;background-size:cover;padding: 0px 0px 0px 0px;\"><span class=\" fusion-imageframe imageframe-none imageframe-5 hover-type-none\"><img width=\"800\" height=\"583\" title=\"Bao-cao-hinh-anh-doi-xe-gotrack\" src=\"https:\/\/gotrack365.com\/wp-content\/uploads\/2021\/08\/Bao-cao-hinh-anh-doi-xe-gotrack-1.jpg\" class=\"img-responsive wp-image-8782\"\/><\/span><div class=\"fusion-clearfix\"><\/div><\/div><\/div><div class=\"fusion-layout-column fusion_builder_column fusion-builder-column-11 fusion_builder_column_1_2 1_2 fusion-one-half fusion-column-first\" style=\"width:50%;width:calc(50% - ( ( 4% ) * 0.5 ) );margin-right: 4%;margin-top:80px;margin-bottom:20px;\"><div class=\"fusion-column-wrapper fusion-flex-column-wrapper-legacy\" style=\"background-position:left top;background-repeat:no-repeat;-webkit-background-size:cover;-moz-background-size:cover;-o-background-size:cover;background-size:cover;padding: 0px 0px 0px 0px;\"><span class=\" fusion-imageframe imageframe-none imageframe-6 hover-type-none\"><img width=\"850\" height=\"619\" title=\"Phan-mem-camera-giam-sat-gotrack-1\" src=\"https:\/\/gotrack365.com\/wp-content\/uploads\/2021\/08\/Phan-mem-camera-giam-sat-gotrack-1.jpg\" class=\"img-responsive wp-image-8778\"\/><\/span><div class=\"fusion-clearfix\"><\/div><\/div><\/div><div class=\"fusion-layout-column fusion_builder_column fusion-builder-column-12 fusion_builder_column_1_2 1_2 fusion-one-half fusion-column-last\" style=\"width:50%;width:calc(50% - ( ( 4% ) * 0.5 ) );margin-top:80px;margin-bottom:20px;\"><div class=\"fusion-column-wrapper fusion-flex-column-wrapper-legacy\" style=\"background-position:left top;background-repeat:no-repeat;-webkit-background-size:cover;-moz-background-size:cover;-o-background-size:cover;background-size:cover;padding: 0px 0px 0px 0px;\"><div class=\"fusion-text fusion-text-7\" style=\"transform:translate3d(0,0,0);\"><h3><span style=\"color: #676767;\"><strong>Truy c\u1eadp qua App\/Web<\/strong><\/span><\/h3>\n<p><img class=\"alignnone wp-image-5428\" src=\"https:\/\/gotrack365.com\/wp-content\/uploads\/2021\/03\/Icon-check.png\" alt=\"\" width=\"20\" height=\"20\" \/>\u00a0 \u00a0 \u00a0Gi\u00e1m s\u00e1t v\u1ecb tr\u00ed, l\u1ed9 tr\u00ecnh di chuy\u1ec3n tr\u1ef1c tuy\u1ebfn, theo d\u00f5i qua h\u00ecnh \u1ea3nh &amp; xem video tr\u1ef1c ti\u1ebfp v\u1ec1 ph\u01b0\u01a1ng ti\u1ec7n tr\u00ean App\/Web. Nh\u01b0 v\u1eady kh\u00f4ng g\u00ec c\u00f3 th\u1ec3 chi ti\u1ebft v\u00e0 ch\u00ednh x\u00e1c h\u01a1n.<\/p>\n<p><img class=\"alignnone wp-image-5428\" src=\"https:\/\/gotrack365.com\/wp-content\/uploads\/2021\/03\/Icon-check.png\" alt=\"\" width=\"20\" height=\"20\" \/>\u00a0 \u00a0 \u00a0Ho\u00e0n thi\u1ec7n k\u1ebf ho\u1ea1ch \u0111\u1ed9i xe, n\u00e2ng cao l\u1ee3i nhu\u1eadn Doanh Nghi\u1ec7p.<\/p>\n<\/div><div class=\"fusion-clearfix\"><\/div><\/div><\/div><\/div><\/div><div class=\"fusion-fullwidth fullwidth-box fusion-builder-row-4 fusion-flex-container nonhundred-percent-fullwidth non-hundred-percent-height-scrolling\" style=\"background-color: #ffffff;background-position: center center;background-repeat: no-repeat;border-width: 0px 0px 0px 0px;border-color:#eae9e9;border-style:solid;min-height:300px;\" ><div class=\"fusion-builder-row fusion-row fusion-flex-align-items-flex-start\" style=\"max-width:1216.8px;margin-left: calc(-4% \/ 2 );margin-right: calc(-4% \/ 2 );\"><div class=\"fusion-layout-column fusion_builder_column fusion-builder-column-13 fusion_builder_column_1_1 1_1 fusion-flex-column\"><div class=\"fusion-column-wrapper fusion-flex-justify-content-flex-start fusion-content-layout-column\" style=\"background-image: url(&#039;https:\/\/gotrack365.com\/wp-content\/uploads\/2021\/04\/Button-dang-ky-1024x410.png&#039;);background-position:left top;background-repeat:no-repeat;-webkit-background-size:cover;-moz-background-size:cover;-o-background-size:cover;background-size:cover;padding: 100px 70px 100px 70px;\" data-bg-url=\"https:\/\/gotrack365.com\/wp-content\/uploads\/2021\/04\/Button-dang-ky-1024x410.png\"><div class=\"fusion-text fusion-text-8\" style=\"transform:translate3d(0,0,0);\"><div>\n<h2 style=\"text-align: center;\"><span style=\"color: #ffffff;\">Nh\u1eadn b\u00e1o gi\u00e1 mi\u1ec5n ph\u00ed<\/span><\/h2>\n<\/div>\n<div>\n<p style=\"text-align: center;\"><span style=\"color: #ffffff;\">Gi\u00fap t\u00e0i x\u1ebf c\u1ea3i thi\u1ec7n th\u00f3i quen l\u00e1i xe v\u00e0 ti\u1ebft ki\u1ec7m chi ph\u00ed v\u1eadn h\u00e0nh!<\/span><\/p>\n<\/div>\n<\/div><div style=\"text-align:center;\"><style type=\"text\/css\">.fusion-button.button-1 .fusion-button-text, .fusion-button.button-1 i {color:#1877f2;}.fusion-button.button-1 .fusion-button-icon-divider{border-color:#1877f2;}.fusion-button.button-1:hover .fusion-button-text, .fusion-button.button-1:hover i,.fusion-button.button-1:focus .fusion-button-text, .fusion-button.button-1:focus i,.fusion-button.button-1:active .fusion-button-text, .fusion-button.button-1:active{color:#1877f2;}.fusion-button.button-1:hover .fusion-button-icon-divider, .fusion-button.button-1:hover .fusion-button-icon-divider, .fusion-button.button-1:active .fusion-button-icon-divider{border-color:#1877f2;}.fusion-button.button-1:hover, .fusion-button.button-1:focus, .fusion-button.button-1:active{border-color:#ffffff;}.fusion-button.button-1 {border-color:#ffffff;border-radius:2px;}.fusion-button.button-1{background: #ffffff;}.fusion-button.button-1:hover,.button-1:focus,.fusion-button.button-1:active{background: #ffffff;}.fusion-button.button-1 .fusion-button-text {text-transform:none;}<\/style><a class=\"fusion-button button-flat button-xlarge button-custom button-1 fusion-button-default-span fusion-button-default-type\" target=\"_self\" href=\"https:\/\/gotrack365.com\/vi\/tu-van-giai-phap\/\" style=\"margin-top:30px;margin-bottom:30px;\"><span class=\"fusion-button-text\">Nh\u1eadn b\u00e1o gi\u00e1 <\/span><\/a><\/div><\/div><\/div><style type=\"text\/css\">.fusion-body .fusion-builder-column-13{width:100% !important;margin-top : 0px;margin-bottom : 20px;}.fusion-builder-column-13 > .fusion-column-wrapper {padding-top : 100px !important;padding-right : 70px !important;margin-right : 1.92%;padding-bottom : 100px !important;padding-left : 70px !important;margin-left : 1.92%;}@media only screen and (max-width:1024px) {.fusion-body .fusion-builder-column-13{width:100% !important;order : 0;}.fusion-builder-column-13 > .fusion-column-wrapper {margin-right : 1.92%;margin-left : 1.92%;}}@media only screen and (max-width:640px) {.fusion-body .fusion-builder-column-13{width:100% !important;order : 0;}.fusion-builder-column-13 > .fusion-column-wrapper {margin-right : 1.92%;margin-left : 1.92%;}}<\/style><\/div><style type=\"text\/css\">.fusion-body .fusion-flex-container.fusion-builder-row-4{ padding-top : 0px;margin-top : 100px;padding-right : 0px;padding-bottom : 0px;margin-bottom : 60px;padding-left : 0px;}<\/style><\/div><\/p>\n","protected":false},"excerpt":{"rendered":"","protected":false},"author":1,"featured_media":0,"parent":3520,"menu_order":0,"comment_status":"closed","ping_status":"closed","template":"100-width.php","meta":[],"_links":{"self":[{"href":"https:\/\/gotrack365.com\/vi\/wp-json\/wp\/v2\/pages\/3665"}],"collection":[{"href":"https:\/\/gotrack365.com\/vi\/wp-json\/wp\/v2\/pages"}],"about":[{"href":"https:\/\/gotrack365.com\/vi\/wp-json\/wp\/v2\/types\/page"}],"author":[{"embeddable":true,"href":"https:\/\/gotrack365.com\/vi\/wp-json\/wp\/v2\/users\/1"}],"replies":[{"embeddable":true,"href":"https:\/\/gotrack365.com\/vi\/wp-json\/wp\/v2\/comments?post=3665"}],"version-history":[{"count":0,"href":"https:\/\/gotrack365.com\/vi\/wp-json\/wp\/v2\/pages\/3665\/revisions"}],"up":[{"embeddable":true,"href":"https:\/\/gotrack365.com\/vi\/wp-json\/wp\/v2\/pages\/3520"}],"wp:attachment":[{"href":"https:\/\/gotrack365.com\/vi\/wp-json\/wp\/v2\/media?parent=3665"}],"curies":[{"name":"wp","href":"https:\/\/api.w.org\/{rel}","templated":true}]}}