{"id":3660,"date":"2021-02-21T10:26:32","date_gmt":"2021-02-21T03:26:32","guid":{"rendered":"https:\/\/gotrack365.com\/?page_id=3660"},"modified":"2022-02-10T16:13:00","modified_gmt":"2022-02-10T09:13:00","slug":"lap-ke-hoach-lo-trinh","status":"publish","type":"page","link":"https:\/\/gotrack365.com\/vi\/giai-phap\/lap-ke-hoach-lo-trinh\/","title":{"rendered":"L\u1eadp k\u1ebf ho\u1ea1ch l\u1ed9 tr\u00ecnh"},"content":{"rendered":"<p><div class=\"fusion-fullwidth fullwidth-box fusion-builder-row-1 nonhundred-percent-fullwidth non-hundred-percent-height-scrolling\" style=\"background-color: #ffffff;background-position: left top;background-repeat: no-repeat;padding-top:90px;padding-right:0px;padding-bottom:90px;padding-left:0px;margin-bottom: 0px;margin-top: 0px;border-width: 0px 0px 0px 0px;border-color:#eae9e9;border-style:solid;\" ><div class=\"fusion-builder-row fusion-row\"><div class=\"fusion-layout-column fusion_builder_column fusion-builder-column-0 fusion_builder_column_1_1 1_1 fusion-one-full fusion-column-first fusion-column-last fusion-column-no-min-height\" style=\"margin-top:0px;margin-bottom:50px;\"><div class=\"fusion-column-wrapper fusion-flex-column-wrapper-legacy\" style=\"background-position:left top;background-repeat:no-repeat;-webkit-background-size:cover;-moz-background-size:cover;-o-background-size:cover;background-size:cover;padding: 0px 0px 0px 0px;\"><div class=\"fusion-text fusion-text-1\" style=\"transform:translate3d(0,0,0);\"><h2 style=\"text-align: center;\"><span style=\"color: #5e5e5e;\"><strong>K\u1ebf ho\u1ea1ch l\u1ed9 tr\u00ecnh di chuy\u1ec3n\u00a0<\/strong><\/span><\/h2>\n<p style=\"text-align: center;\"><span style=\"color: #5e5e5e;\">L\u1eadp k\u1ebf ho\u1ea1ch tuy\u1ebfn \u0111\u01b0\u1eddng gi\u00fap t\u1ed1i gi\u1ea3n chi ph\u00ed nhi\u00ean li\u1ec7u v\u00e0 th\u1eddi gian di chuy\u1ec3n c\u1ee7a \u0111\u1ed9i xe, n\u00e2ng cao ch\u1ea5t l\u01b0\u1ee3ng d\u1ecbch v\u1ee5.<\/span><br \/>\n<span style=\"color: #5e5e5e;\">\u0110\u1ed3ng th\u1eddi gi\u00fap b\u1ea1n x\u00e2y d\u1ef1ng k\u1ebf ho\u1ea1ch qu\u1ea3n l\u00fd \u0111\u1ed9i xe v\u00e0 nh\u00e2n s\u1ef1 hi\u1ec7u qu\u1ea3 h\u01a1n.<\/span><\/p>\n<\/div><div class=\"fusion-clearfix\"><\/div><\/div><\/div><\/div><\/div><div class=\"fusion-fullwidth fullwidth-box fusion-builder-row-2 fusion-flex-container nonhundred-percent-fullwidth non-hundred-percent-height-scrolling\" style=\"background-color: #ffffff;background-position: center center;background-repeat: no-repeat;border-width: 0px 0px 0px 0px;border-color:#eae9e9;border-style:solid;\" ><div class=\"fusion-builder-row fusion-row fusion-flex-align-items-flex-start\" style=\"max-width:1216.8px;margin-left: calc(-4% \/ 2 );margin-right: calc(-4% \/ 2 );\"><div class=\"fusion-layout-column fusion_builder_column fusion-builder-column-1 fusion_builder_column_1_2 1_2 fusion-flex-column\"><div class=\"fusion-column-wrapper fusion-flex-justify-content-flex-start fusion-content-layout-column\" style=\"background-position:left top;background-repeat:no-repeat;-webkit-background-size:cover;-moz-background-size:cover;-o-background-size:cover;background-size:cover;padding: 0px 0px 0px 0px;\"><div class=\"fusion-text fusion-text-2\" style=\"transform:translate3d(0,0,0);\"><h3><span style=\"color: #5e5e5e;\"><strong>L\u1eadp k\u1ebf ho\u1ea1ch th\u1eddi gian di chuy\u1ec3n<\/strong><\/span><\/h3>\n<p><span style=\"color: #5e5e5e;\"><img class=\"alignnone wp-image-5428\" src=\"https:\/\/gotrack365.com\/wp-content\/uploads\/2021\/03\/Icon-check.png\" alt=\"\" width=\"20\" height=\"20\" \/>\u00a0 \u00a0 \u00a0C\u1eadp nh\u1eadt tr\u1ea1ng th\u00e1i ph\u01b0\u01a1ng ti\u1ec7n theo th\u1eddi gian th\u1ef1c.<\/span><\/p>\n<p><span style=\"color: #5e5e5e;\"><img class=\"alignnone wp-image-5428\" src=\"https:\/\/gotrack365.com\/wp-content\/uploads\/2021\/03\/Icon-check.png\" alt=\"\" width=\"20\" height=\"20\" \/>\u00a0 \u00a0 \u00a0T\u00ednh \u0111\u01b0\u1ee3c th\u1eddi gian di chuy\u1ec3n v\u00e0 c\u00e1c th\u00f4ng tin kh\u00e1c.<\/span><\/p>\n<p><span style=\"color: #5e5e5e;\"><img class=\"alignnone wp-image-5428\" src=\"https:\/\/gotrack365.com\/wp-content\/uploads\/2021\/03\/Icon-check.png\" alt=\"\" width=\"20\" height=\"20\" \/>\u00a0 \u00a0 \u00a0L\u1eadp k\u1ebf ho\u1ea1ch tuy\u1ebfn \u0111\u01b0\u1eddng di chuy\u1ec3n t\u1ed1i \u01b0u cho \u0111\u1ed9i xe.<\/span><\/p>\n<\/div><\/div><\/div><style type=\"text\/css\">.fusion-body .fusion-builder-column-1{width:50% !important;margin-top : 60px;margin-bottom : 20px;}.fusion-builder-column-1 > .fusion-column-wrapper {padding-top : 0px !important;padding-right : 0px !important;margin-right : 3.84%;padding-bottom : 0px !important;padding-left : 0px !important;margin-left : 3.84%;}@media only screen and (max-width:1024px) {.fusion-body .fusion-builder-column-1{width:100% !important;order : 0;}.fusion-builder-column-1 > .fusion-column-wrapper {margin-right : 1.92%;margin-left : 1.92%;}}@media only screen and (max-width:640px) {.fusion-body .fusion-builder-column-1{width:100% !important;order : 0;}.fusion-builder-column-1 > .fusion-column-wrapper {margin-right : 1.92%;margin-left : 1.92%;}}<\/style><div class=\"fusion-layout-column fusion_builder_column fusion-builder-column-2 fusion_builder_column_1_2 1_2 fusion-flex-column\"><div class=\"fusion-column-wrapper fusion-flex-justify-content-flex-start fusion-content-layout-column\" style=\"background-position:left top;background-repeat:no-repeat;-webkit-background-size:cover;-moz-background-size:cover;-o-background-size:cover;background-size:cover;padding: 0px 0px 0px 0px;\"><div ><span class=\" fusion-imageframe imageframe-none imageframe-1 hover-type-none\"><img width=\"800\" height=\"400\" title=\"Lo-trinh-01\" src=\"https:\/\/gotrack365.com\/wp-content\/uploads\/2021\/08\/Lo-trinh-01.jpg\" class=\"img-responsive wp-image-8746\"\/><\/span><\/div><\/div><\/div><style type=\"text\/css\">.fusion-body .fusion-builder-column-2{width:50% !important;margin-top : 60px;margin-bottom : 20px;}.fusion-builder-column-2 > .fusion-column-wrapper {padding-top : 0px !important;padding-right : 0px !important;margin-right : 3.84%;padding-bottom : 0px !important;padding-left : 0px !important;margin-left : 3.84%;}@media only screen and (max-width:1024px) {.fusion-body .fusion-builder-column-2{width:100% !important;order : 0;}.fusion-builder-column-2 > .fusion-column-wrapper {margin-right : 1.92%;margin-left : 1.92%;}}@media only screen and (max-width:640px) {.fusion-body .fusion-builder-column-2{width:100% !important;order : 0;}.fusion-builder-column-2 > .fusion-column-wrapper {margin-right : 1.92%;margin-left : 1.92%;}}<\/style><div class=\"fusion-layout-column fusion_builder_column fusion-builder-column-3 fusion_builder_column_1_2 1_2 fusion-flex-column\"><div class=\"fusion-column-wrapper fusion-flex-justify-content-flex-start fusion-content-layout-column\" style=\"background-position:left top;background-repeat:no-repeat;-webkit-background-size:cover;-moz-background-size:cover;-o-background-size:cover;background-size:cover;padding: 0px 0px 0px 0px;\"><div ><span class=\" fusion-imageframe imageframe-none imageframe-2 hover-type-none\"><img width=\"629\" height=\"394\" title=\"lo-trinh-03\" src=\"https:\/\/gotrack365.com\/wp-content\/uploads\/2021\/04\/lo-trinh-03-3.png\" class=\"img-responsive wp-image-6180\"\/><\/span><\/div><\/div><\/div><style type=\"text\/css\">.fusion-body .fusion-builder-column-3{width:50% !important;margin-top : 120px;margin-bottom : 20px;}.fusion-builder-column-3 > .fusion-column-wrapper {padding-top : 0px !important;padding-right : 0px !important;margin-right : 3.84%;padding-bottom : 0px !important;padding-left : 0px !important;margin-left : 3.84%;}@media only screen and (max-width:1024px) {.fusion-body .fusion-builder-column-3{width:100% !important;order : 0;}.fusion-builder-column-3 > .fusion-column-wrapper {margin-right : 1.92%;margin-left : 1.92%;}}@media only screen and (max-width:640px) {.fusion-body .fusion-builder-column-3{width:100% !important;order : 0;}.fusion-builder-column-3 > .fusion-column-wrapper {margin-right : 1.92%;margin-left : 1.92%;}}<\/style><div class=\"fusion-layout-column fusion_builder_column fusion-builder-column-4 fusion_builder_column_1_2 1_2 fusion-flex-column\"><div class=\"fusion-column-wrapper fusion-flex-justify-content-flex-start fusion-content-layout-column\" style=\"background-position:left top;background-repeat:no-repeat;-webkit-background-size:cover;-moz-background-size:cover;-o-background-size:cover;background-size:cover;padding: 0px 0px 0px 0px;\"><div class=\"fusion-text fusion-text-3\" style=\"transform:translate3d(0,0,0);\"><h3><strong>Ho\u1ea1ch \u0111\u1ecbnh tuy\u1ebfn \u0111\u01b0\u1eddng di chuy\u1ec3n<\/strong><\/h3>\n<p><img class=\"alignnone wp-image-5428\" src=\"https:\/\/gotrack365.com\/wp-content\/uploads\/2021\/03\/Icon-check.png\" alt=\"\" width=\"20\" height=\"20\" \/>\u00a0 \u00a0 \u00a0N\u1eafm r\u00f5 nh\u1eefng cung \u0111\u01b0\u1eddng thu ph\u00ed, \u0111\u01b0\u1eddng x\u1ea5u &#8211; \u0111\u01b0\u1eddng kh\u00f4ng tr\u1ea3i nh\u1ef1a, ph\u00e0 v\u00e0 \u0111\u01b0\u1eddng cao t\u1ed1c.<\/p>\n<p><img class=\"alignnone wp-image-5428\" src=\"https:\/\/gotrack365.com\/wp-content\/uploads\/2021\/03\/Icon-check.png\" alt=\"\" width=\"20\" height=\"20\" \/>\u00a0 \u00a0 \u00a0\u0110\u01b0a ra l\u1ed9 tr\u00ecnh di chuy\u1ec3n t\u1ed1i \u01b0u, ti\u1ebft ki\u1ec7m th\u1eddi gian v\u00e0 chi ph\u00ed c\u1ea7u \u0111\u01b0\u1eddng.<\/p>\n<p><img class=\"alignnone wp-image-5428\" src=\"https:\/\/gotrack365.com\/wp-content\/uploads\/2021\/03\/Icon-check.png\" alt=\"\" width=\"20\" height=\"20\" \/>\u00a0 \u00a0 X\u00e2y d\u1ef1ng l\u1ed9 tr\u00ecnh di chuy\u1ec3n nhanh v\u00e0 n\u00e2ng cao ch\u1ea5t l\u01b0\u1ee3ng c\u00f4ng vi\u1ec7c<\/p>\n<\/div><\/div><\/div><style type=\"text\/css\">.fusion-body .fusion-builder-column-4{width:50% !important;margin-top : 150px;margin-bottom : 20px;}.fusion-builder-column-4 > .fusion-column-wrapper {padding-top : 0px !important;padding-right : 0px !important;margin-right : 3.84%;padding-bottom : 0px !important;padding-left : 0px !important;margin-left : 3.84%;}@media only screen and (max-width:1024px) {.fusion-body .fusion-builder-column-4{width:100% !important;order : 0;}.fusion-builder-column-4 > .fusion-column-wrapper {margin-right : 1.92%;margin-left : 1.92%;}}@media only screen and (max-width:640px) {.fusion-body .fusion-builder-column-4{width:100% !important;order : 0;}.fusion-builder-column-4 > .fusion-column-wrapper {margin-right : 1.92%;margin-left : 1.92%;}}<\/style><div class=\"fusion-layout-column fusion_builder_column fusion-builder-column-5 fusion_builder_column_1_2 1_2 fusion-flex-column\"><div class=\"fusion-column-wrapper fusion-flex-justify-content-flex-start fusion-content-layout-column\" style=\"background-position:left top;background-repeat:no-repeat;-webkit-background-size:cover;-moz-background-size:cover;-o-background-size:cover;background-size:cover;padding: 0px 0px 0px 0px;\"><div class=\"fusion-text fusion-text-4\" style=\"transform:translate3d(0,0,0);\"><h3><span style=\"color: #5e5e5e;\"><strong>S\u1eafp x\u1ebfp tr\u00ecnh t\u1ef1 giao nh\u1eadn h\u00e0ng h\u00f3a<\/strong><\/span><\/h3>\n<p><span style=\"color: #5e5e5e;\"><img class=\"alignnone wp-image-5428\" src=\"https:\/\/gotrack365.com\/wp-content\/uploads\/2021\/03\/Icon-check.png\" alt=\"\" width=\"20\" height=\"20\" \/>\u00a0 \u00a0 \u00a0T\u1ed1i \u01b0u h\u00f3a nhi\u1ec1u \u0111i\u1ec3m giao h\u00e0ng d\u1ef1a tr\u00ean v\u1ecb tr\u00ed, m\u1ee9c \u0111\u1ed9 \u01b0u ti\u00ean<\/span><\/p>\n<p><span style=\"color: #5e5e5e;\"><img class=\"alignnone wp-image-5428\" src=\"https:\/\/gotrack365.com\/wp-content\/uploads\/2021\/03\/Icon-check.png\" alt=\"\" width=\"20\" height=\"20\" \/>\u00a0 \u00a0 \u00a0Theo d\u00f5i ti\u1ebfn \u0111\u1ed9 giao h\u00e0ng, t\u00ecnh tr\u1ea1ng di chuy\u1ec3n v\u00e0 th\u1eddi gian d\u1eebng \u0111\u1eadu\u2026<\/span><\/p>\n<\/div><\/div><\/div><style type=\"text\/css\">.fusion-body .fusion-builder-column-5{width:50% !important;margin-top : 120px;margin-bottom : 200px;}.fusion-builder-column-5 > .fusion-column-wrapper {padding-top : 0px !important;padding-right : 0px !important;margin-right : 3.84%;padding-bottom : 0px !important;padding-left : 0px !important;margin-left : 3.84%;}@media only screen and (max-width:1024px) {.fusion-body .fusion-builder-column-5{width:100% !important;order : 0;}.fusion-builder-column-5 > .fusion-column-wrapper {margin-right : 1.92%;margin-left : 1.92%;}}@media only screen and (max-width:640px) {.fusion-body .fusion-builder-column-5{width:100% !important;order : 0;}.fusion-builder-column-5 > .fusion-column-wrapper {margin-right : 1.92%;margin-left : 1.92%;}}<\/style><div class=\"fusion-layout-column fusion_builder_column fusion-builder-column-6 fusion_builder_column_1_2 1_2 fusion-flex-column\"><div class=\"fusion-column-wrapper fusion-flex-justify-content-flex-start fusion-content-layout-column\" style=\"background-position:left top;background-repeat:no-repeat;-webkit-background-size:cover;-moz-background-size:cover;-o-background-size:cover;background-size:cover;padding: 0px 0px 0px 0px;\"><div ><span class=\" fusion-imageframe imageframe-none imageframe-3 hover-type-none\"><img width=\"614\" height=\"365\" title=\"Lap-ke-hoach-lo-trinh_03\" src=\"https:\/\/gotrack365.com\/wp-content\/uploads\/2021\/04\/Lap-ke-hoach-lo-trinh_03-2.png\" class=\"img-responsive wp-image-6190\"\/><\/span><\/div><\/div><\/div><style type=\"text\/css\">.fusion-body .fusion-builder-column-6{width:50% !important;margin-top : 120px;margin-bottom : 200x;}.fusion-builder-column-6 > .fusion-column-wrapper {padding-top : 0px !important;padding-right : 0px !important;margin-right : 3.84%;padding-bottom : 0px !important;padding-left : 0px !important;margin-left : 3.84%;}@media only screen and (max-width:1024px) {.fusion-body .fusion-builder-column-6{width:100% !important;order : 0;}.fusion-builder-column-6 > .fusion-column-wrapper {margin-right : 1.92%;margin-left : 1.92%;}}@media only screen and (max-width:640px) {.fusion-body .fusion-builder-column-6{width:100% !important;order : 0;}.fusion-builder-column-6 > .fusion-column-wrapper {margin-right : 1.92%;margin-left : 1.92%;}}<\/style><\/div><style type=\"text\/css\">.fusion-body .fusion-flex-container.fusion-builder-row-2{ padding-top : 0px;margin-top : 0px;padding-right : 0px;padding-bottom : 0px;margin-bottom : 0px;padding-left : 0px;}<\/style><\/div><div class=\"fusion-fullwidth fullwidth-box fusion-builder-row-3 fusion-flex-container nonhundred-percent-fullwidth non-hundred-percent-height-scrolling\" style=\"background-color: #ffffff;background-position: center center;background-repeat: no-repeat;border-width: 0px 0px 0px 0px;border-color:#eae9e9;border-style:solid;min-height:300px;\" ><div class=\"fusion-builder-row fusion-row fusion-flex-align-items-flex-start\" style=\"max-width:1216.8px;margin-left: calc(-4% \/ 2 );margin-right: calc(-4% \/ 2 );\"><div class=\"fusion-layout-column fusion_builder_column fusion-builder-column-7 fusion_builder_column_1_1 1_1 fusion-flex-column\"><div class=\"fusion-column-wrapper fusion-flex-justify-content-flex-start fusion-content-layout-column\" style=\"background-image: url(&#039;https:\/\/gotrack365.com\/wp-content\/uploads\/2021\/04\/Button-dang-ky-1024x410.png&#039;);background-position:left top;background-repeat:no-repeat;-webkit-background-size:cover;-moz-background-size:cover;-o-background-size:cover;background-size:cover;padding: 100px 70px 100px 70px;\" data-bg-url=\"https:\/\/gotrack365.com\/wp-content\/uploads\/2021\/04\/Button-dang-ky-1024x410.png\"><div class=\"fusion-text fusion-text-5\" style=\"transform:translate3d(0,0,0);\"><div>\n<h2 style=\"text-align: center;\"><span style=\"color: #ffffff;\">Nh\u1eadn b\u00e1o gi\u00e1 mi\u1ec5n ph\u00ed<\/span><\/h2>\n<\/div>\n<div>\n<p style=\"text-align: center;\"><span style=\"color: #ffffff;\">Gi\u00fap t\u00e0i x\u1ebf c\u1ea3i thi\u1ec7n th\u00f3i quen l\u00e1i xe v\u00e0 ti\u1ebft ki\u1ec7m chi ph\u00ed v\u1eadn h\u00e0nh!<\/span><\/p>\n<\/div>\n<\/div><div style=\"text-align:center;\"><style type=\"text\/css\">.fusion-button.button-1 .fusion-button-text, .fusion-button.button-1 i {color:#1877f2;}.fusion-button.button-1 .fusion-button-icon-divider{border-color:#1877f2;}.fusion-button.button-1:hover .fusion-button-text, .fusion-button.button-1:hover i,.fusion-button.button-1:focus .fusion-button-text, .fusion-button.button-1:focus i,.fusion-button.button-1:active .fusion-button-text, .fusion-button.button-1:active{color:#1877f2;}.fusion-button.button-1:hover .fusion-button-icon-divider, .fusion-button.button-1:hover .fusion-button-icon-divider, .fusion-button.button-1:active .fusion-button-icon-divider{border-color:#1877f2;}.fusion-button.button-1:hover, .fusion-button.button-1:focus, .fusion-button.button-1:active{border-color:#ffffff;}.fusion-button.button-1 {border-color:#ffffff;border-radius:2px;}.fusion-button.button-1{background: #ffffff;}.fusion-button.button-1:hover,.button-1:focus,.fusion-button.button-1:active{background: #ffffff;}.fusion-button.button-1 .fusion-button-text {text-transform:none;}<\/style><a class=\"fusion-button button-flat button-xlarge button-custom button-1 fusion-button-default-span fusion-button-default-type\" target=\"_self\" href=\"https:\/\/gotrack365.com\/vi\/tu-van-giai-phap\/\"><span class=\"fusion-button-text\">Nh\u1eadn b\u00e1o gi\u00e1 <\/span><\/a><\/div><\/div><\/div><style type=\"text\/css\">.fusion-body .fusion-builder-column-7{width:100% !important;margin-top : 0px;margin-bottom : 20px;}.fusion-builder-column-7 > .fusion-column-wrapper {padding-top : 100px !important;padding-right : 70px !important;margin-right : 1.92%;padding-bottom : 100px !important;padding-left : 70px !important;margin-left : 1.92%;}@media only screen and (max-width:1024px) {.fusion-body .fusion-builder-column-7{width:100% !important;order : 0;}.fusion-builder-column-7 > .fusion-column-wrapper {margin-right : 1.92%;margin-left : 1.92%;}}@media only screen and (max-width:640px) {.fusion-body .fusion-builder-column-7{width:100% !important;order : 0;}.fusion-builder-column-7 > .fusion-column-wrapper {margin-right : 1.92%;margin-left : 1.92%;}}<\/style><\/div><style type=\"text\/css\">.fusion-body .fusion-flex-container.fusion-builder-row-3{ padding-top : 0px;margin-top : 100px;padding-right : 0px;padding-bottom : 0px;margin-bottom : 60px;padding-left : 0px;}<\/style><\/div><\/p>\n","protected":false},"excerpt":{"rendered":"","protected":false},"author":1,"featured_media":0,"parent":3520,"menu_order":0,"comment_status":"closed","ping_status":"closed","template":"100-width.php","meta":[],"_links":{"self":[{"href":"https:\/\/gotrack365.com\/vi\/wp-json\/wp\/v2\/pages\/3660"}],"collection":[{"href":"https:\/\/gotrack365.com\/vi\/wp-json\/wp\/v2\/pages"}],"about":[{"href":"https:\/\/gotrack365.com\/vi\/wp-json\/wp\/v2\/types\/page"}],"author":[{"embeddable":true,"href":"https:\/\/gotrack365.com\/vi\/wp-json\/wp\/v2\/users\/1"}],"replies":[{"embeddable":true,"href":"https:\/\/gotrack365.com\/vi\/wp-json\/wp\/v2\/comments?post=3660"}],"version-history":[{"count":0,"href":"https:\/\/gotrack365.com\/vi\/wp-json\/wp\/v2\/pages\/3660\/revisions"}],"up":[{"embeddable":true,"href":"https:\/\/gotrack365.com\/vi\/wp-json\/wp\/v2\/pages\/3520"}],"wp:attachment":[{"href":"https:\/\/gotrack365.com\/vi\/wp-json\/wp\/v2\/media?parent=3660"}],"curies":[{"name":"wp","href":"https:\/\/api.w.org\/{rel}","templated":true}]}}