{"id":3652,"date":"2021-02-21T10:10:02","date_gmt":"2021-02-21T03:10:02","guid":{"rendered":"https:\/\/gotrack365.com\/?page_id=3652"},"modified":"2022-04-21T09:11:48","modified_gmt":"2022-04-21T02:11:48","slug":"quan-ly-phuong-tien","status":"publish","type":"page","link":"https:\/\/gotrack365.com\/vi\/giai-phap\/quan-ly-phuong-tien\/","title":{"rendered":"Qu\u1ea3n l\u00fd ph\u01b0\u01a1ng ti\u1ec7n"},"content":{"rendered":"<p><div class=\"fusion-fullwidth fullwidth-box fusion-builder-row-1 nonhundred-percent-fullwidth non-hundred-percent-height-scrolling\" style=\"background-color: #ffffff;background-position: center center;background-repeat: no-repeat;padding-top:60px;padding-right:0px;padding-bottom:100px;padding-left:0px;margin-bottom: 0px;margin-top: 0px;border-width: 0px 0px 0px 0px;border-color:#eae9e9;border-style:solid;\" ><div class=\"fusion-builder-row fusion-row\"><div class=\"fusion-layout-column fusion_builder_column fusion-builder-column-0 fusion_builder_column_1_1 1_1 fusion-one-full fusion-column-first fusion-column-last\" style=\"margin-top:0px;margin-bottom:20px;\"><div class=\"fusion-column-wrapper fusion-flex-column-wrapper-legacy\" style=\"background-position:left top;background-repeat:no-repeat;-webkit-background-size:cover;-moz-background-size:cover;-o-background-size:cover;background-size:cover;padding: 0px 0px 0px 0px;\"><div class=\"fusion-text fusion-text-1\" style=\"transform:translate3d(0,0,0);\"><h2 style=\"text-align: center;\"><span style=\"color: #5e5e5e;\"><strong>Gi\u1ea3i ph\u00e1p qu\u1ea3n l\u00fd ph\u01b0\u01a1ng ti\u1ec7n<\/strong><\/span><\/h2>\n<p style=\"text-align: center;\"><span style=\"color: #5e5e5e;\">Qu\u1ea3n l\u00fd m\u1ecdi th\u00f4ng tin li\u00ean quan \u0111\u1ebfn ph\u01b0\u01a1ng ti\u1ec7n b\u1eb1ng c\u00e1ch s\u1eed d\u1ee5ng n\u1ec1n t\u1ea3ng gi\u00e1m s\u00e1t qua App\/ Website<\/span><br \/>\n<span style=\"color: #5e5e5e;\">tr\u00ean t\u1ea5t c\u1ea3 c\u00e1c h\u1ec7 \u0111i\u1ec1u h\u00e0nh d\u00e0nh cho c\u1ea3 Doanh Nghi\u1ec7p v\u00e0 C\u00e1 Nh\u00e2n, t\u1eeb ng\u01b0\u1eddi qu\u1ea3n l\u00fd \u0111\u1ebfn ng\u01b0\u1eddi l\u00e1i xe,<\/span><br \/>\n<span style=\"color: #5e5e5e;\">hay b\u1ea5t k\u1ef3 kh\u00e1ch h\u00e0ng \u0111ang t\u00ecm ki\u1ebfm gi\u1ea3i ph\u00e1p qu\u1ea3n l\u00fd xe qua GPS.<\/span><\/p>\n<div class=\"fusion-layout-column fusion_builder_column fusion-builder-column-1 fusion_builder_column_1_1 1_1 fusion-one-full fusion-column-first fusion-column-last\" style=\"margin-top:0px;margin-bottom:0px;\"><div class=\"fusion-column-wrapper fusion-flex-column-wrapper-legacy\" style=\"background-position:left top;background-repeat:no-repeat;-webkit-background-size:cover;-moz-background-size:cover;-o-background-size:cover;background-size:cover;padding: 0px 0px 0px 0px;\"><div class=\"fusion-clearfix\"><\/div><\/div><\/div>\n<\/div><div class=\"fusion-clearfix\"><\/div><\/div><\/div><\/div><\/div><div class=\"fusion-fullwidth fullwidth-box fusion-builder-row-2 nonhundred-percent-fullwidth non-hundred-percent-height-scrolling\" style=\"background-color: #ffffff;background-position: center center;background-repeat: no-repeat;padding-top:0px;padding-right:0px;padding-bottom:0px;padding-left:0px;margin-bottom: 0px;margin-top: 0px;border-width: 0px 0px 0px 0px;border-color:#eae9e9;border-style:solid;\" ><div class=\"fusion-builder-row fusion-row\"><div class=\"fusion-layout-column fusion_builder_column fusion-builder-column-2 fusion_builder_column_1_2 1_2 fusion-one-half fusion-column-first\" style=\"width:50%;width:calc(50% - ( ( 4% ) * 0.5 ) );margin-right: 4%;margin-top:0px;margin-bottom:20px;\"><div class=\"fusion-column-wrapper fusion-flex-column-wrapper-legacy\" style=\"background-position:left top;background-repeat:no-repeat;-webkit-background-size:cover;-moz-background-size:cover;-o-background-size:cover;background-size:cover;padding: 0px 0px 0px 0px;\"><div class=\"fusion-text fusion-text-2\" style=\"line-height:35px;transform:translate3d(0,0,0);\"><h3><span style=\"color: #5e5e5e;\"><strong>Gi\u00e1m s\u00e1t v\u1ecb tr\u00ed &amp; d\u1eef li\u1ec7u tr\u1ef1c ti\u1ebfp\u00a0<\/strong><\/span><\/h3>\n<p><img class=\"alignnone wp-image-5428\" src=\"https:\/\/gotrack365.com\/wp-content\/uploads\/2021\/03\/Icon-check.png\" alt=\"\" width=\"20\" height=\"20\" \/>\u00a0 \u00a0 \u00a0Xem v\u1ecb tr\u00ed ch\u00ednh x\u00e1c ph\u01b0\u01a1ng ti\u1ec7n 24\/24.<\/p>\n<p><img class=\"alignnone wp-image-5428\" src=\"https:\/\/gotrack365.com\/wp-content\/uploads\/2021\/03\/Icon-check.png\" alt=\"\" width=\"20\" height=\"20\" \/>\u00a0 \u00a0 \u00a0Quan s\u00e1t c\u1ea3nh v\u1eadt xung quanh ph\u01b0\u01a1ng ti\u1ec7n.<\/p>\n<p><img class=\"alignnone wp-image-5428\" src=\"https:\/\/gotrack365.com\/wp-content\/uploads\/2021\/03\/Icon-check.png\" alt=\"\" width=\"20\" height=\"20\" \/>\u00a0 \u00a0 \u00a0Qu\u1ea3n l\u00fd v\u1ecb tr\u00ed nhi\u1ec1u ph\u01b0\u01a1ng ti\u1ec7n c\u00f9ng m\u1ed9t th\u1eddi \u0111i\u1ec3m.<\/p>\n<p><img class=\"alignnone wp-image-5428\" src=\"https:\/\/gotrack365.com\/wp-content\/uploads\/2021\/03\/Icon-check.png\" alt=\"\" width=\"20\" height=\"20\" \/>\u00a0 \u00a0 \u00a0Gi\u00e1m s\u00e1t tr\u1ea1ng th\u00e1i: di chuy\u1ec3n, d\u1eebng \u0111\u1eadu c\u1ee7a xe.<\/p>\n<\/div><div class=\"fusion-clearfix\"><\/div><\/div><\/div><div class=\"fusion-layout-column fusion_builder_column fusion-builder-column-3 fusion_builder_column_1_2 1_2 fusion-one-half fusion-column-last\" style=\"width:50%;width:calc(50% - ( ( 4% ) * 0.5 ) );margin-top:0px;margin-bottom:20px;\"><div class=\"fusion-column-wrapper fusion-flex-column-wrapper-legacy\" style=\"background-position:left top;background-repeat:no-repeat;-webkit-background-size:cover;-moz-background-size:cover;-o-background-size:cover;background-size:cover;padding: 0px 0px 0px 0px;\"><span class=\" fusion-imageframe imageframe-none imageframe-1 hover-type-none\"><img width=\"700\" height=\"564\" title=\"Giai-Phap-Quan-Ly-Phuong-Tien_01-min\" src=\"https:\/\/gotrack365.com\/wp-content\/uploads\/2021\/08\/Giai-Phap-Quan-Ly-Phuong-Tien_01-min.jpg\" class=\"img-responsive wp-image-8657\"\/><\/span><div class=\"fusion-clearfix\"><\/div><\/div><\/div><div class=\"fusion-layout-column fusion_builder_column fusion-builder-column-4 fusion_builder_column_1_2 1_2 fusion-one-half fusion-column-first\" style=\"width:50%;width:calc(50% - ( ( 4% ) * 0.5 ) );margin-right: 4%;margin-top:90px;margin-bottom:20px;\"><div class=\"fusion-column-wrapper fusion-flex-column-wrapper-legacy\" style=\"background-position:left top;background-repeat:no-repeat;-webkit-background-size:cover;-moz-background-size:cover;-o-background-size:cover;background-size:cover;padding: 0px 0px 0px 0px;\"><span class=\" fusion-imageframe imageframe-none imageframe-2 hover-type-none\"><img width=\"700\" height=\"507\" title=\"Quan-ly-lo-trinh-phuong-tien-min\" src=\"https:\/\/gotrack365.com\/wp-content\/uploads\/2021\/08\/Quan-ly-lo-trinh-phuong-tien-min.jpg\" class=\"img-responsive wp-image-8662\"\/><\/span><div class=\"fusion-clearfix\"><\/div><\/div><\/div><div class=\"fusion-layout-column fusion_builder_column fusion-builder-column-5 fusion_builder_column_1_2 1_2 fusion-one-half fusion-column-last\" style=\"width:50%;width:calc(50% - ( ( 4% ) * 0.5 ) );margin-top:90px;margin-bottom:20px;\"><div class=\"fusion-column-wrapper fusion-flex-column-wrapper-legacy\" style=\"background-position:left top;background-repeat:no-repeat;-webkit-background-size:cover;-moz-background-size:cover;-o-background-size:cover;background-size:cover;padding: 0px 0px 0px 0px;\"><div class=\"fusion-text fusion-text-3\" style=\"line-height:35px;transform:translate3d(0,0,0);\"><h3><span style=\"color: #5e5e5e;\"><strong>Qu\u1ea3n l\u00fd l\u1ed9 tr\u00ecnh &amp; v\u1eadn t\u1ed1c di chuy\u1ec3n\u00a0<\/strong><\/span><\/h3>\n<p><img class=\"alignnone wp-image-5428\" src=\"https:\/\/gotrack365.com\/wp-content\/uploads\/2021\/03\/Icon-check.png\" alt=\"\" width=\"20\" height=\"20\" \/>\u00a0 \u00a0 <span style=\"color: #5e5e5e;\">\u00a0Theo d\u00f5i v\u1eadn t\u1ed1c ph\u01b0\u01a1ng ti\u1ec7n.<\/span><\/p>\n<p><span style=\"color: #5e5e5e;\"><img class=\"alignnone wp-image-5428\" src=\"https:\/\/gotrack365.com\/wp-content\/uploads\/2021\/03\/Icon-check.png\" alt=\"\" width=\"20\" height=\"20\" \/>\u00a0 \u00a0 \u00a0Gi\u00e1m s\u00e1t l\u1ed9 tr\u00ecnh di chuy\u1ec3n chi ti\u1ebft: \u0111\u1ecba \u0111i\u1ec3m d\u1eebng \u0111\u1eadu, th\u1eddi gian d\u1eebng ngh\u1ec9, nh\u1eefng n\u01a1i \u0111\u00e3 \u0111i qua<\/span><\/p>\n<p><span style=\"color: #5e5e5e;\"><img class=\"alignnone wp-image-5428\" src=\"https:\/\/gotrack365.com\/wp-content\/uploads\/2021\/03\/Icon-check.png\" alt=\"\" width=\"20\" height=\"20\" \/>\u00a0 \u00a0 \u00a0Xem l\u1ea1i l\u1ecbch s\u1eed di chuy\u1ec3n c\u1ee7a xe.<\/span><\/p>\n<p><span style=\"color: #5e5e5e;\"><img class=\"alignnone wp-image-5428\" src=\"https:\/\/gotrack365.com\/wp-content\/uploads\/2021\/03\/Icon-check.png\" alt=\"\" width=\"20\" height=\"20\" \/>\u00a0 \u00a0 \u00a0N\u1eafm r\u00f5 v\u1ecb tr\u00ed xe vi ph\u1ea1m v\u1eadn t\u1ed1c, ho\u1eb7c di chuy\u1ec3n qu\u00e1 4h li\u00ean t\u1ee5c.<\/span><\/p>\n<\/div><div class=\"fusion-clearfix\"><\/div><\/div><\/div><div class=\"fusion-layout-column fusion_builder_column fusion-builder-column-6 fusion_builder_column_1_2 1_2 fusion-one-half fusion-column-first\" style=\"width:50%;width:calc(50% - ( ( 4% ) * 0.5 ) );margin-right: 4%;margin-top:0px;margin-bottom:20px;\"><div class=\"fusion-column-wrapper fusion-flex-column-wrapper-legacy\" style=\"background-position:left top;background-repeat:no-repeat;-webkit-background-size:cover;-moz-background-size:cover;-o-background-size:cover;background-size:cover;padding: 0px 0px 0px 0px;\"><div class=\"fusion-text fusion-text-4\" style=\"line-height:35px;transform:translate3d(0,0,0);\"><\/div><div class=\"fusion-clearfix\"><\/div><\/div><\/div><div class=\"fusion-layout-column fusion_builder_column fusion-builder-column-7 fusion_builder_column_1_2 1_2 fusion-one-half fusion-column-last\" style=\"width:50%;width:calc(50% - ( ( 4% ) * 0.5 ) );margin-top:0px;margin-bottom:20px;\"><div class=\"fusion-column-wrapper fusion-flex-column-wrapper-legacy\" style=\"background-position:left top;background-repeat:no-repeat;-webkit-background-size:cover;-moz-background-size:cover;-o-background-size:cover;background-size:cover;padding: 0px 0px 0px 0px;\"><div class=\"fusion-clearfix\"><\/div><\/div><\/div><div class=\"fusion-layout-column fusion_builder_column fusion-builder-column-8 fusion_builder_column_1_2 1_2 fusion-one-half fusion-column-first\" style=\"width:50%;width:calc(50% - ( ( 4% ) * 0.5 ) );margin-right: 4%;margin-top:0px;margin-bottom:20px;\"><div class=\"fusion-column-wrapper fusion-flex-column-wrapper-legacy\" style=\"background-position:left top;background-repeat:no-repeat;-webkit-background-size:cover;-moz-background-size:cover;-o-background-size:cover;background-size:cover;padding: 0px 0px 0px 0px;\"><div class=\"fusion-clearfix\"><\/div><\/div><\/div><div class=\"fusion-layout-column fusion_builder_column fusion-builder-column-9 fusion_builder_column_1_2 1_2 fusion-one-half fusion-column-last\" style=\"width:50%;width:calc(50% - ( ( 4% ) * 0.5 ) );margin-top:0px;margin-bottom:20px;\"><div class=\"fusion-column-wrapper fusion-flex-column-wrapper-legacy\" style=\"background-position:left top;background-repeat:no-repeat;-webkit-background-size:cover;-moz-background-size:cover;-o-background-size:cover;background-size:cover;padding: 0px 0px 0px 0px;\"><div class=\"fusion-text fusion-text-5\" style=\"transform:translate3d(0,0,0);\"><\/div><div class=\"fusion-clearfix\"><\/div><\/div><\/div><div class=\"fusion-layout-column fusion_builder_column fusion-builder-column-10 fusion_builder_column_1_2 1_2 fusion-one-half fusion-column-first\" style=\"width:50%;width:calc(50% - ( ( 4% ) * 0.5 ) );margin-right: 4%;margin-top:90px;margin-bottom:20px;\"><div class=\"fusion-column-wrapper fusion-flex-column-wrapper-legacy\" style=\"background-position:left top;background-repeat:no-repeat;-webkit-background-size:cover;-moz-background-size:cover;-o-background-size:cover;background-size:cover;padding: 0px 0px 0px 0px;\"><div class=\"fusion-text fusion-text-6\" style=\"transform:translate3d(0,0,0);\"><h3><span style=\"color: #5e5e5e;\"><strong>B\u1ea3n \u0111\u1ed3 tr\u1ef1c ti\u1ebfp cho t\u1ea5t c\u1ea3<\/strong><\/span><\/h3>\n<p><span style=\"color: #5e5e5e;\"><img class=\"alignnone wp-image-5428\" src=\"https:\/\/gotrack365.com\/wp-content\/uploads\/2021\/03\/Icon-check.png\" alt=\"\" width=\"20\" height=\"20\" \/>\u00a0 \u00a0 \u00a0 V\u1ecb tr\u00ed th\u1eddi gian th\u1ef1c, h\u00e0nh vi c\u1ee7a ng\u01b0\u1eddi l\u00e1i xe, b\u1ea3n \u0111\u1ed3 n\u1ea1p m\u1edbi nhi\u00ean li\u1ec7u, m\u1ee9c ti\u00eau th\u1ee5 nhi\u00ean li\u1ec7u, h\u00ecnh \u1ea3nh &#8211; video v\u1ec1 xe v\u00e0 h\u01a1n th\u1ebf n\u1eefa.<\/span><\/p>\n<p><span style=\"color: #5e5e5e;\"><img class=\"alignnone wp-image-5428\" src=\"https:\/\/gotrack365.com\/wp-content\/uploads\/2021\/03\/Icon-check.png\" alt=\"\" width=\"20\" height=\"20\" \/>\u00a0 \u00a0 \u00a0B\u1ea3n \u0111\u1ed3 tr\u1ef1c ti\u1ebfp c\u1ee7a ch\u00fang t\u00f4i c\u00f3 t\u1ea5t c\u1ea3 \u1edf App\/Web \u0111\u1ec3 gi\u00fap qu\u00e1 tr\u00ecnh qu\u1ea3n l\u00fd \u0111\u1ed9i xe c\u1ee7a b\u1ea1n d\u1ec5 d\u00e0ng h\u01a1n.<\/span><\/p>\n<\/div><div class=\"fusion-clearfix\"><\/div><\/div><\/div><div class=\"fusion-layout-column fusion_builder_column fusion-builder-column-11 fusion_builder_column_1_2 1_2 fusion-one-half fusion-column-last\" style=\"width:50%;width:calc(50% - ( ( 4% ) * 0.5 ) );margin-top:90px;margin-bottom:20px;\"><div class=\"fusion-column-wrapper fusion-flex-column-wrapper-legacy\" style=\"background-position:left top;background-repeat:no-repeat;-webkit-background-size:cover;-moz-background-size:cover;-o-background-size:cover;background-size:cover;padding: 0px 0px 0px 0px;\"><span class=\" fusion-imageframe imageframe-none imageframe-3 hover-type-none\"><img width=\"800\" height=\"533\" title=\"Quan-ly-tat-ca-min\" src=\"https:\/\/gotrack365.com\/wp-content\/uploads\/2021\/08\/Quan-ly-tat-ca-min-1.jpg\" class=\"img-responsive wp-image-8677\"\/><\/span><div class=\"fusion-clearfix\"><\/div><\/div><\/div><div class=\"fusion-layout-column fusion_builder_column fusion-builder-column-12 fusion_builder_column_1_2 1_2 fusion-one-half fusion-column-first\" style=\"width:50%;width:calc(50% - ( ( 4% ) * 0.5 ) );margin-right: 4%;margin-top:90px;margin-bottom:90px;\"><div class=\"fusion-column-wrapper fusion-flex-column-wrapper-legacy\" style=\"background-position:left top;background-repeat:no-repeat;-webkit-background-size:cover;-moz-background-size:cover;-o-background-size:cover;background-size:cover;padding: 0px 0px 0px 0px;\"><span class=\" fusion-imageframe imageframe-none imageframe-4 hover-type-none\"><img width=\"800\" height=\"533\" title=\"Luon-kiem-soat-min\" src=\"https:\/\/gotrack365.com\/wp-content\/uploads\/2021\/08\/Luon-kiem-soat-min.jpg\" class=\"img-responsive wp-image-8680\"\/><\/span><div class=\"fusion-clearfix\"><\/div><\/div><\/div><div class=\"fusion-layout-column fusion_builder_column fusion-builder-column-13 fusion_builder_column_1_2 1_2 fusion-one-half fusion-column-last\" style=\"width:50%;width:calc(50% - ( ( 4% ) * 0.5 ) );margin-top:90px;margin-bottom:90px;\"><div class=\"fusion-column-wrapper fusion-flex-column-wrapper-legacy\" style=\"background-position:left top;background-repeat:no-repeat;-webkit-background-size:cover;-moz-background-size:cover;-o-background-size:cover;background-size:cover;padding: 0px 0px 0px 0px;\"><div class=\"fusion-text fusion-text-7\" style=\"transform:translate3d(0,0,0);\"><h3><span style=\"color: #5e5e5e;\"><strong>Lu\u00f4n ki\u1ec3m so\u00e1t<\/strong><\/span><\/h3>\n<p><span style=\"color: #5e5e5e;\"><img class=\"alignnone wp-image-5428\" src=\"https:\/\/gotrack365.com\/wp-content\/uploads\/2021\/03\/Icon-check.png\" alt=\"\" width=\"20\" height=\"20\" \/>\u00a0 \u00a0 \u00a0Nh\u1eefng \u0111i\u1ec1u b\u1ea5t ng\u1edd lu\u00f4n x\u1ea3y ra. Vi\u1ec7c \u0111\u01b0a ra quy\u1ebft \u0111\u1ecbnh nhanh ch\u00f3ng v\u00e0 th\u00edch \u1ee9ng v\u1edbi t\u00ecnh hu\u1ed1ng l\u00e0 r\u1ea5t quan tr\u1ecdng.<\/span><\/p>\n<p><span style=\"color: #5e5e5e;\"><img class=\"alignnone wp-image-5428\" src=\"https:\/\/gotrack365.com\/wp-content\/uploads\/2021\/03\/Icon-check.png\" alt=\"\" width=\"20\" height=\"20\" \/>\u00a0 \u00a0 \u00a0Theo d\u00f5i GPS v\u00e0 b\u1ea3n \u0111\u1ed3 tr\u1ef1c ti\u1ebfp l\u00e0 gi\u1ea3i ph\u00e1p cung c\u1ea5p t\u1ed5ng quan &amp; chi ti\u1ebft v\u1ec1 \u0111\u1ed9i xe c\u1ee7a b\u1ea1n trong nh\u00e1y m\u1eaft, \u0111\u1ec3 b\u1ea1n lu\u00f4n n\u1eafm quy\u1ec1n ki\u1ec3m so\u00e1t.<\/span><\/p>\n<p><span style=\"color: #5e5e5e;\"><img class=\"alignnone wp-image-5428\" src=\"https:\/\/gotrack365.com\/wp-content\/uploads\/2021\/03\/Icon-check.png\" alt=\"\" width=\"20\" height=\"20\" \/>\u00a0 \u00a0 \u00a0T\u1ea5t c\u1ea3 d\u1eef li\u1ec7u n\u00e0o li\u00ean quan \u0111\u1ebfn xe b\u1ea1n \u0111\u1ec1u ki\u1ec3m so\u00e1t nhanh &amp; ch\u00ednh x\u00e1c th\u00f4ng qua GPS.<\/span><\/p>\n<\/div><div class=\"fusion-clearfix\"><\/div><\/div><\/div><\/div><\/div><div class=\"fusion-fullwidth fullwidth-box fusion-builder-row-3 nonhundred-percent-fullwidth non-hundred-percent-height-scrolling\" style=\"background-color: #ffffff;background-position: center center;background-repeat: no-repeat;padding-top:60px;padding-right:0px;padding-bottom:80px;padding-left:0px;margin-bottom: 0px;margin-top: 100PX;border-width: 0px 0px 0px 0px;border-color:#eae9e9;border-style:solid;\" ><div class=\"fusion-builder-row fusion-row\"><div class=\"fusion-layout-column fusion_builder_column fusion-builder-column-14 fusion_builder_column_1_1 1_1 fusion-one-full fusion-column-first fusion-column-last\" style=\"margin-top:0px;margin-bottom:20px;\"><div class=\"fusion-column-wrapper fusion-flex-column-wrapper-legacy\" style=\"background-image: url(&#039;https:\/\/gotrack365.com\/wp-content\/uploads\/2021\/04\/Button-dang-ky.png&#039;);background-position:left top;background-repeat:no-repeat;-webkit-background-size:cover;-moz-background-size:cover;-o-background-size:cover;background-size:cover;padding: 100px 70PX 100PX 70PX;\" data-bg-url=\"https:\/\/gotrack365.com\/wp-content\/uploads\/2021\/04\/Button-dang-ky.png\"><div class=\"fusion-text fusion-text-8\" style=\"transform:translate3d(0,0,0);\"><div>\n<h2 style=\"text-align: center;\"><span style=\"color: #ffffff;\">Nh\u1eadn b\u00e1o gi\u00e1 mi\u1ec5n ph\u00ed<\/span><\/h2>\n<\/div>\n<div>\n<p style=\"text-align: center;\"><span style=\"color: #ffffff;\">Gi\u00fap t\u00e0i x\u1ebf c\u1ea3i thi\u1ec7n th\u00f3i quen l\u00e1i xe v\u00e0 ti\u1ebft ki\u1ec7m chi ph\u00ed v\u1eadn h\u00e0nh!<\/span><\/p>\n<\/div>\n<\/div><div class=\"fusion-aligncenter\"><style type=\"text\/css\">.fusion-button.button-1 .fusion-button-text, .fusion-button.button-1 i {color:#1877f2;}.fusion-button.button-1 .fusion-button-icon-divider{border-color:#1877f2;}.fusion-button.button-1:hover .fusion-button-text, .fusion-button.button-1:hover i,.fusion-button.button-1:focus .fusion-button-text, .fusion-button.button-1:focus i,.fusion-button.button-1:active .fusion-button-text, .fusion-button.button-1:active{color:#1877f2;}.fusion-button.button-1:hover .fusion-button-icon-divider, .fusion-button.button-1:hover .fusion-button-icon-divider, .fusion-button.button-1:active .fusion-button-icon-divider{border-color:#1877f2;}.fusion-button.button-1:hover, .fusion-button.button-1:focus, .fusion-button.button-1:active{border-color:#ffffff;}.fusion-button.button-1 {border-color:#ffffff;border-radius:2px;}.fusion-button.button-1{background: #ffffff;}.fusion-button.button-1:hover,.button-1:focus,.fusion-button.button-1:active{background: #ffffff;}.fusion-button.button-1 .fusion-button-text {text-transform:none;}<\/style><a class=\"fusion-button button-flat button-xlarge button-custom button-1 fusion-button-default-span fusion-button-default-type\" target=\"_self\" href=\"https:\/\/gotrack365.com\/vi\/tu-van-giai-phap\/\"><span class=\"fusion-button-text\">Nh\u1eadn b\u00e1o gi\u00e1 <\/span><\/a><\/div><div class=\"fusion-clearfix\"><\/div><\/div><\/div><\/div><\/div><\/p>\n","protected":false},"excerpt":{"rendered":"","protected":false},"author":1,"featured_media":0,"parent":3520,"menu_order":0,"comment_status":"closed","ping_status":"closed","template":"100-width.php","meta":[],"_links":{"self":[{"href":"https:\/\/gotrack365.com\/vi\/wp-json\/wp\/v2\/pages\/3652"}],"collection":[{"href":"https:\/\/gotrack365.com\/vi\/wp-json\/wp\/v2\/pages"}],"about":[{"href":"https:\/\/gotrack365.com\/vi\/wp-json\/wp\/v2\/types\/page"}],"author":[{"embeddable":true,"href":"https:\/\/gotrack365.com\/vi\/wp-json\/wp\/v2\/users\/1"}],"replies":[{"embeddable":true,"href":"https:\/\/gotrack365.com\/vi\/wp-json\/wp\/v2\/comments?post=3652"}],"version-history":[{"count":0,"href":"https:\/\/gotrack365.com\/vi\/wp-json\/wp\/v2\/pages\/3652\/revisions"}],"up":[{"embeddable":true,"href":"https:\/\/gotrack365.com\/vi\/wp-json\/wp\/v2\/pages\/3520"}],"wp:attachment":[{"href":"https:\/\/gotrack365.com\/vi\/wp-json\/wp\/v2\/media?parent=3652"}],"curies":[{"name":"wp","href":"https:\/\/api.w.org\/{rel}","templated":true}]}}